{"id":3033,"date":"2024-05-14T19:36:27","date_gmt":"2024-05-14T17:36:27","guid":{"rendered":"https:\/\/digitalidentitysn.com\/winwinpartners\/?page_id=3033"},"modified":"2025-11-11T06:24:27","modified_gmt":"2025-11-11T05:24:27","slug":"conciergerie","status":"publish","type":"page","link":"https:\/\/digitalidentitysn.com\/winwinpartners\/conciergerie\/","title":{"rendered":"Conciergerie"},"content":{"rendered":"\t\t<div data-elementor-type=\"wp-page\" data-elementor-id=\"3033\" class=\"elementor elementor-3033\" data-elementor-post-type=\"page\">\n\t\t\t\t<div data-particle_enable=\"false\" data-particle-mobile-disabled=\"false\" class=\"elementor-element elementor-element-0396809 e-flex e-con-boxed e-con e-parent\" data-id=\"0396809\" data-element_type=\"container\">\n\t\t\t\t\t<div class=\"e-con-inner\">\n\t\t\t\t<div class=\"elementor-element elementor-element-a8523f7 elementor-headline--style-highlight elementor-widget elementor-widget-animated-headline\" data-id=\"a8523f7\" data-element_type=\"widget\" data-settings=\"{&quot;marker&quot;:&quot;underline&quot;,&quot;highlighted_text&quot;:&quot;Conciergerie&quot;,&quot;headline_style&quot;:&quot;highlight&quot;,&quot;loop&quot;:&quot;yes&quot;,&quot;highlight_animation_duration&quot;:1200,&quot;highlight_iteration_delay&quot;:8000}\" data-widget_type=\"animated-headline.default\">\n\t\t\t\t<div class=\"elementor-widget-container\">\n\t\t\t\t\t\t\t<h3 class=\"elementor-headline\">\n\t\t\t\t<span class=\"elementor-headline-dynamic-wrapper elementor-headline-text-wrapper\">\n\t\t\t\t\t<span class=\"elementor-headline-dynamic-text elementor-headline-text-active\">Conciergerie<\/span>\n\t\t\t\t<\/span>\n\t\t\t\t<\/h3>\n\t\t\t\t\t\t<\/div>\n\t\t\t\t<\/div>\n\t\t\t\t<div class=\"elementor-element elementor-element-e11b663 elementor-widget elementor-widget-text-editor\" data-id=\"e11b663\" data-element_type=\"widget\" data-widget_type=\"text-editor.default\">\n\t\t\t\t<div class=\"elementor-widget-container\">\n\t\t\t\t\t\t\t\t\t<p style=\"text-align: justify;\"><span style=\"font-family: 'Aptos',sans-serif; color: black;\">Votre bien-\u00eatre est notre priorit\u00e9. Notre service de conciergerie attentif est l\u00e0 pour rendre votre vie quotidienne plus agr\u00e9able. Que ce soit pour la r\u00e9ception de vos colis, l&#8217;entretien des espaces communs, ou encore des services de nettoyage, de gardiennage et de maintenance, notre \u00e9quipe est disponible pour r\u00e9pondre \u00e0 vos demandes et vous offrir un cadre de vie impeccable <a href=\"https:\/\/cgevent.com.ua\">go to the official website<\/a>.<\/span><\/p>\t\t\t\t\t\t\t\t<\/div>\n\t\t\t\t<\/div>\n\t\t\t\t\t<\/div>\n\t\t\t\t<\/div>\n\t\t\t\t<\/div>\n\t\t","protected":false},"excerpt":{"rendered":"<p>Conciergerie Votre bien-\u00eatre est notre priorit\u00e9. Notre service de conciergerie attentif est l\u00e0 pour rendre votre vie quotidienne plus agr\u00e9able. Que ce soit pour la r\u00e9ception de vos colis, l&#8217;entretien&hellip;<\/p>\n","protected":false},"author":2,"featured_media":0,"parent":0,"menu_order":0,"comment_status":"closed","ping_status":"closed","template":"","meta":{"footnotes":""},"class_list":["post-3033","page","type-page","status-publish","hentry"],"_links":{"self":[{"href":"https:\/\/digitalidentitysn.com\/winwinpartners\/wp-json\/wp\/v2\/pages\/3033","targetHints":{"allow":["GET"]}}],"collection":[{"href":"https:\/\/digitalidentitysn.com\/winwinpartners\/wp-json\/wp\/v2\/pages"}],"about":[{"href":"https:\/\/digitalidentitysn.com\/winwinpartners\/wp-json\/wp\/v2\/types\/page"}],"author":[{"embeddable":true,"href":"https:\/\/digitalidentitysn.com\/winwinpartners\/wp-json\/wp\/v2\/users\/2"}],"replies":[{"embeddable":true,"href":"https:\/\/digitalidentitysn.com\/winwinpartners\/wp-json\/wp\/v2\/comments?post=3033"}],"version-history":[{"count":7,"href":"https:\/\/digitalidentitysn.com\/winwinpartners\/wp-json\/wp\/v2\/pages\/3033\/revisions"}],"predecessor-version":[{"id":5153,"href":"https:\/\/digitalidentitysn.com\/winwinpartners\/wp-json\/wp\/v2\/pages\/3033\/revisions\/5153"}],"wp:attachment":[{"href":"https:\/\/digitalidentitysn.com\/winwinpartners\/wp-json\/wp\/v2\/media?parent=3033"}],"curies":[{"name":"wp","href":"https:\/\/api.w.org\/{rel}","templated":true}]}}