{"id":3028,"date":"2024-05-14T19:31:51","date_gmt":"2024-05-14T17:31:51","guid":{"rendered":"https:\/\/digitalidentitysn.com\/winwinpartners\/?page_id=3028"},"modified":"2024-05-14T19:35:41","modified_gmt":"2024-05-14T17:35:41","slug":"syndic-de-copropriete","status":"publish","type":"page","link":"https:\/\/digitalidentitysn.com\/winwinpartners\/syndic-de-copropriete\/","title":{"rendered":"Syndic de Copropri\u00e9t\u00e9"},"content":{"rendered":"\t\t<div data-elementor-type=\"wp-page\" data-elementor-id=\"3028\" class=\"elementor elementor-3028\" data-elementor-post-type=\"page\">\n\t\t\t\t<div data-particle_enable=\"false\" data-particle-mobile-disabled=\"false\" class=\"elementor-element elementor-element-b50007a e-flex e-con-boxed e-con e-parent\" data-id=\"b50007a\" data-element_type=\"container\">\n\t\t\t\t\t<div class=\"e-con-inner\">\n\t\t\t\t<div class=\"elementor-element elementor-element-9c02954 elementor-headline--style-highlight elementor-widget elementor-widget-animated-headline\" data-id=\"9c02954\" data-element_type=\"widget\" data-settings=\"{&quot;marker&quot;:&quot;underline&quot;,&quot;highlighted_text&quot;:&quot;Syndic de Copropri\\u00e9t\\u00e9 &quot;,&quot;headline_style&quot;:&quot;highlight&quot;,&quot;loop&quot;:&quot;yes&quot;,&quot;highlight_animation_duration&quot;:1200,&quot;highlight_iteration_delay&quot;:8000}\" data-widget_type=\"animated-headline.default\">\n\t\t\t\t<div class=\"elementor-widget-container\">\n\t\t\t\t\t\t\t<h3 class=\"elementor-headline\">\n\t\t\t\t<span class=\"elementor-headline-dynamic-wrapper elementor-headline-text-wrapper\">\n\t\t\t\t\t<span class=\"elementor-headline-dynamic-text elementor-headline-text-active\">Syndic de Copropri\u00e9t\u00e9 <\/span>\n\t\t\t\t<\/span>\n\t\t\t\t<\/h3>\n\t\t\t\t\t\t<\/div>\n\t\t\t\t<\/div>\n\t\t\t\t<div class=\"elementor-element elementor-element-f436ec3 elementor-widget elementor-widget-text-editor\" data-id=\"f436ec3\" data-element_type=\"widget\" data-widget_type=\"text-editor.default\">\n\t\t\t\t<div class=\"elementor-widget-container\">\n\t\t\t\t\t\t\t\t\t<p style=\"text-align: justify;\"><span style=\"font-family: 'Aptos',sans-serif; color: black;\">Winwin Partner SA veille \u00e0 la gestion efficace et transparente de votre copropri\u00e9t\u00e9, garantissant ainsi la pr\u00e9servation de la valeur de votre bien immobilier. Notre \u00e9quipe exp\u00e9riment\u00e9e est \u00e0 votre disposition pour assurer une administration rigoureuse, des assembl\u00e9es g\u00e9n\u00e9rales efficaces et une gestion proactive des probl\u00e8mes courants.<\/span><\/p>\t\t\t\t\t\t\t\t<\/div>\n\t\t\t\t<\/div>\n\t\t\t\t\t<\/div>\n\t\t\t\t<\/div>\n\t\t\t\t<\/div>\n\t\t","protected":false},"excerpt":{"rendered":"<p>Syndic de Copropri\u00e9t\u00e9 Winwin Partner SA veille \u00e0 la gestion efficace et transparente de votre copropri\u00e9t\u00e9, garantissant ainsi la pr\u00e9servation de la valeur de votre bien immobilier. Notre \u00e9quipe exp\u00e9riment\u00e9e&hellip;<\/p>\n","protected":false},"author":2,"featured_media":0,"parent":0,"menu_order":0,"comment_status":"closed","ping_status":"closed","template":"","meta":{"footnotes":""},"class_list":["post-3028","page","type-page","status-publish","hentry"],"_links":{"self":[{"href":"https:\/\/digitalidentitysn.com\/winwinpartners\/wp-json\/wp\/v2\/pages\/3028","targetHints":{"allow":["GET"]}}],"collection":[{"href":"https:\/\/digitalidentitysn.com\/winwinpartners\/wp-json\/wp\/v2\/pages"}],"about":[{"href":"https:\/\/digitalidentitysn.com\/winwinpartners\/wp-json\/wp\/v2\/types\/page"}],"author":[{"embeddable":true,"href":"https:\/\/digitalidentitysn.com\/winwinpartners\/wp-json\/wp\/v2\/users\/2"}],"replies":[{"embeddable":true,"href":"https:\/\/digitalidentitysn.com\/winwinpartners\/wp-json\/wp\/v2\/comments?post=3028"}],"version-history":[{"count":4,"href":"https:\/\/digitalidentitysn.com\/winwinpartners\/wp-json\/wp\/v2\/pages\/3028\/revisions"}],"predecessor-version":[{"id":3032,"href":"https:\/\/digitalidentitysn.com\/winwinpartners\/wp-json\/wp\/v2\/pages\/3028\/revisions\/3032"}],"wp:attachment":[{"href":"https:\/\/digitalidentitysn.com\/winwinpartners\/wp-json\/wp\/v2\/media?parent=3028"}],"curies":[{"name":"wp","href":"https:\/\/api.w.org\/{rel}","templated":true}]}}