{"id":3016,"date":"2024-05-14T19:15:50","date_gmt":"2024-05-14T17:15:50","guid":{"rendered":"https:\/\/digitalidentitysn.com\/winwinpartners\/?page_id=3016"},"modified":"2025-11-11T06:21:29","modified_gmt":"2025-11-11T05:21:29","slug":"appartements","status":"publish","type":"page","link":"https:\/\/digitalidentitysn.com\/winwinpartners\/appartements\/","title":{"rendered":"Appartements"},"content":{"rendered":"\n<div class=\"wp-block-columns is-layout-flex wp-container-core-columns-is-layout-9d6595d7 wp-block-columns-is-layout-flex\">\n<div class=\"wp-block-column is-layout-flow wp-block-column-is-layout-flow\" style=\"flex-basis:10%\"><\/div>\n\n\n\n<div class=\"wp-block-column is-layout-flow wp-block-column-is-layout-flow\" style=\"flex-basis:80%\">\n<h2 class=\"wp-block-heading has-vivid-red-color has-text-color has-link-color wp-elements-8cbef4dc867891c74d3e8d8b6d12b90b\">Appartements<\/h2>\n\n\n\n<p>Nos appartements incarnent l&#8217;harmonie parfaite entre fonctionnalit\u00e9 et esth\u00e9tique. Dot\u00e9s de finitions haut de gamme et de commodit\u00e9s modernes, ils offrent des espaces de vie \u00e9l\u00e9gants o\u00f9 il fait bon vivre au quotidien. Chaque appartement est con\u00e7u pour r\u00e9pondre aux besoins les plus exigeants de nos r\u00e9sidents, tout en offrant une ambiance chaleureuse et accueillante <a href=\"https:\/\/rodinki.com.ua\" data-type=\"link\" data-id=\"https:\/\/rodinki.com.ua\">here<\/a>.<\/p>\n<\/div>\n\n\n\n<div class=\"wp-block-column is-layout-flow wp-block-column-is-layout-flow\" style=\"flex-basis:10%\"><\/div>\n<\/div>\n","protected":false},"excerpt":{"rendered":"<p>Appartements Nos appartements incarnent l&#8217;harmonie parfaite entre fonctionnalit\u00e9 et esth\u00e9tique. Dot\u00e9s de finitions haut de gamme et de commodit\u00e9s modernes, ils offrent des espaces de vie \u00e9l\u00e9gants o\u00f9 il fait&hellip;<\/p>\n","protected":false},"author":2,"featured_media":0,"parent":0,"menu_order":0,"comment_status":"closed","ping_status":"closed","template":"","meta":{"footnotes":""},"class_list":["post-3016","page","type-page","status-publish","hentry"],"_links":{"self":[{"href":"https:\/\/digitalidentitysn.com\/winwinpartners\/wp-json\/wp\/v2\/pages\/3016","targetHints":{"allow":["GET"]}}],"collection":[{"href":"https:\/\/digitalidentitysn.com\/winwinpartners\/wp-json\/wp\/v2\/pages"}],"about":[{"href":"https:\/\/digitalidentitysn.com\/winwinpartners\/wp-json\/wp\/v2\/types\/page"}],"author":[{"embeddable":true,"href":"https:\/\/digitalidentitysn.com\/winwinpartners\/wp-json\/wp\/v2\/users\/2"}],"replies":[{"embeddable":true,"href":"https:\/\/digitalidentitysn.com\/winwinpartners\/wp-json\/wp\/v2\/comments?post=3016"}],"version-history":[{"count":4,"href":"https:\/\/digitalidentitysn.com\/winwinpartners\/wp-json\/wp\/v2\/pages\/3016\/revisions"}],"predecessor-version":[{"id":5149,"href":"https:\/\/digitalidentitysn.com\/winwinpartners\/wp-json\/wp\/v2\/pages\/3016\/revisions\/5149"}],"wp:attachment":[{"href":"https:\/\/digitalidentitysn.com\/winwinpartners\/wp-json\/wp\/v2\/media?parent=3016"}],"curies":[{"name":"wp","href":"https:\/\/api.w.org\/{rel}","templated":true}]}}