{"id":2385,"date":"2024-04-30T19:13:44","date_gmt":"2024-04-30T17:13:44","guid":{"rendered":"https:\/\/digitalidentitysn.com\/winwinpartners\/?page_id=2385"},"modified":"2024-05-14T19:12:33","modified_gmt":"2024-05-14T17:12:33","slug":"terrain","status":"publish","type":"page","link":"https:\/\/digitalidentitysn.com\/winwinpartners\/terrain\/","title":{"rendered":"Terrain"},"content":{"rendered":"\t\t<div data-elementor-type=\"wp-page\" data-elementor-id=\"2385\" class=\"elementor elementor-2385\" data-elementor-post-type=\"page\">\n\t\t\t\t<div data-particle_enable=\"false\" data-particle-mobile-disabled=\"false\" class=\"elementor-element elementor-element-30a9c34 e-flex e-con-boxed e-con e-parent\" data-id=\"30a9c34\" data-element_type=\"container\">\n\t\t\t\t\t<div class=\"e-con-inner\">\n\t\t\t\t<div class=\"elementor-element elementor-element-263d51d elementor-widget elementor-widget-heading\" data-id=\"263d51d\" data-element_type=\"widget\" data-widget_type=\"heading.default\">\n\t\t\t\t<div class=\"elementor-widget-container\">\n\t\t\t\t\t<h2 class=\"elementor-heading-title elementor-size-default\">Terrains<\/h2>\t\t\t\t<\/div>\n\t\t\t\t<\/div>\n\t\t\t\t<div class=\"elementor-element elementor-element-b4d5db5 elementor-widget elementor-widget-text-editor\" data-id=\"b4d5db5\" data-element_type=\"widget\" data-widget_type=\"text-editor.default\">\n\t\t\t\t<div class=\"elementor-widget-container\">\n\t\t\t\t\t\t\t\t\t<p>Explorez notre s\u00e9lection exclusive de terrains, con\u00e7us pour donner vie \u00e0 vos r\u00eaves les plus audacieux. Que vous envisagiez de construire une r\u00e9sidence principale, une maison de vacances ou un investissement immobilier, nos terrains offrent un potentiel infini. Laissez libre cours \u00e0 votre imagination et cr\u00e9ez l&#8217;espace de vie dont vous avez toujours r\u00eav\u00e9, dans un cadre qui r\u00e9pond \u00e0 toutes vos attentes.<\/p>\t\t\t\t\t\t\t\t<\/div>\n\t\t\t\t<\/div>\n\t\t\t\t<div class=\"elementor-element elementor-element-c4be583 elementor-widget elementor-widget-shortcode\" data-id=\"c4be583\" data-element_type=\"widget\" data-widget_type=\"shortcode.default\">\n\t\t\t\t<div class=\"elementor-widget-container\">\n\t\t\t\t\t\t\t<div class=\"elementor-shortcode\"><div class=\"wpforms-container wpforms-container-full wpforms-render-modern\" id=\"wpforms-2477\"><form id=\"wpforms-form-2477\" class=\"wpforms-validate wpforms-form wpforms-ajax-form\" data-formid=\"2477\" method=\"post\" enctype=\"multipart\/form-data\" action=\"\/winwinpartners\/wp-json\/wp\/v2\/pages\/2385\" data-token=\"260b2458c534d0fb0685fe71329008c9\"><noscript class=\"wpforms-error-noscript\">Veuillez activer JavaScript dans votre navigateur pour remplir ce formulaire.<\/noscript><div class=\"wpforms-hidden\" id=\"wpforms-error-noscript\">Veuillez activer JavaScript dans votre navigateur pour remplir ce formulaire.<\/div><div class=\"wpforms-field-container\"><div id=\"wpforms-2477-field_1-container\" class=\"wpforms-field wpforms-field-layout\" data-field-id=\"1\"><label class=\"wpforms-field-label wpforms-label-hide\" for=\"wpforms-2477-field_1\" aria-hidden=\"false\">Mise en page<\/label><div class=\"wpforms-field-layout-columns wpforms-field-layout-preset-50-50\"><div class=\"wpforms-layout-column wpforms-layout-column-50\"><div id=\"wpforms-2477-field_3-container\" class=\"wpforms-field wpforms-field-name\" data-field-id=\"3\"><label class=\"wpforms-field-label\" for=\"wpforms-2477-field_3\">Pr\u00e9nom <span class=\"wpforms-required-label\" aria-hidden=\"true\">*<\/span><\/label><input type=\"text\" id=\"wpforms-2477-field_3\" class=\"wpforms-field-medium wpforms-field-required\" name=\"wpforms[fields][3]\" aria-errormessage=\"wpforms-2477-field_3-error\" required><\/div><div id=\"wpforms-2477-field_4-container\" class=\"wpforms-field wpforms-field-email\" data-field-id=\"4\"><label class=\"wpforms-field-label\" for=\"wpforms-2477-field_4\">E-mail <span class=\"wpforms-required-label\" aria-hidden=\"true\">*<\/span><\/label><input type=\"email\" id=\"wpforms-2477-field_4\" class=\"wpforms-field-medium wpforms-field-required\" name=\"wpforms[fields][4]\" spellcheck=\"false\" aria-errormessage=\"wpforms-2477-field_4-error\" required><\/div><\/div><div class=\"wpforms-layout-column wpforms-layout-column-50\"><div id=\"wpforms-2477-field_2-container\" class=\"wpforms-field wpforms-field-name\" data-field-id=\"2\"><label class=\"wpforms-field-label\" for=\"wpforms-2477-field_2\">Nom <span class=\"wpforms-required-label\" aria-hidden=\"true\">*<\/span><\/label><input type=\"text\" id=\"wpforms-2477-field_2\" class=\"wpforms-field-medium wpforms-field-required\" name=\"wpforms[fields][2]\" aria-errormessage=\"wpforms-2477-field_2-error\" required><\/div><div id=\"wpforms-2477-field_5-container\" class=\"wpforms-field wpforms-field-phone\" data-field-id=\"5\"><label class=\"wpforms-field-label\" for=\"wpforms-2477-field_5\">T\u00e9l\u00e9phone<\/label><input type=\"tel\" id=\"wpforms-2477-field_5\" class=\"wpforms-field-medium wpforms-smart-phone-field\" data-rule-smart-phone-field=\"true\" name=\"wpforms[fields][5]\" aria-errormessage=\"wpforms-2477-field_5-error\" ><\/div><\/div><\/div><\/div><div id=\"wpforms-2477-field_8-container\" class=\"wpforms-field wpforms-field-textarea\" data-field-id=\"8\"><label class=\"wpforms-field-label\" for=\"wpforms-2477-field_8\">Message<\/label><textarea id=\"wpforms-2477-field_8\" class=\"wpforms-field-medium\" name=\"wpforms[fields][8]\" aria-errormessage=\"wpforms-2477-field_8-error\" ><\/textarea><\/div><\/div><!-- .wpforms-field-container --><div class=\"wpforms-submit-container\" ><input type=\"hidden\" name=\"wpforms[id]\" value=\"2477\"><input type=\"hidden\" name=\"wpforms[author]\" value=\"2\"><button type=\"submit\" name=\"wpforms[submit]\" id=\"wpforms-submit-2477\" class=\"wpforms-submit\" data-alt-text=\"Envoi...\" data-submit-text=\"Envoyer\" aria-live=\"assertive\" value=\"wpforms-submit\">Envoyer<\/button><img decoding=\"async\" src=\"https:\/\/digitalidentitysn.com\/winwinpartners\/wp-content\/plugins\/wpforms\/assets\/images\/submit-spin.svg\" class=\"wpforms-submit-spinner\" style=\"display: none;\" width=\"26\" height=\"26\" alt=\"Chargement en cours\"><\/div><\/form><\/div>  <!-- .wpforms-container --><\/div>\n\t\t\t\t\t\t<\/div>\n\t\t\t\t<\/div>\n\t\t\t\t\t<\/div>\n\t\t\t\t<\/div>\n\t\t\t\t<\/div>\n\t\t","protected":false},"excerpt":{"rendered":"<p>Terrains Explorez notre s\u00e9lection exclusive de terrains, con\u00e7us pour donner vie \u00e0 vos r\u00eaves les plus audacieux. Que vous envisagiez de construire une r\u00e9sidence principale, une maison de vacances ou&hellip;<\/p>\n","protected":false},"author":2,"featured_media":0,"parent":0,"menu_order":0,"comment_status":"closed","ping_status":"closed","template":"","meta":{"footnotes":""},"class_list":["post-2385","page","type-page","status-publish","hentry"],"_links":{"self":[{"href":"https:\/\/digitalidentitysn.com\/winwinpartners\/wp-json\/wp\/v2\/pages\/2385","targetHints":{"allow":["GET"]}}],"collection":[{"href":"https:\/\/digitalidentitysn.com\/winwinpartners\/wp-json\/wp\/v2\/pages"}],"about":[{"href":"https:\/\/digitalidentitysn.com\/winwinpartners\/wp-json\/wp\/v2\/types\/page"}],"author":[{"embeddable":true,"href":"https:\/\/digitalidentitysn.com\/winwinpartners\/wp-json\/wp\/v2\/users\/2"}],"replies":[{"embeddable":true,"href":"https:\/\/digitalidentitysn.com\/winwinpartners\/wp-json\/wp\/v2\/comments?post=2385"}],"version-history":[{"count":13,"href":"https:\/\/digitalidentitysn.com\/winwinpartners\/wp-json\/wp\/v2\/pages\/2385\/revisions"}],"predecessor-version":[{"id":3015,"href":"https:\/\/digitalidentitysn.com\/winwinpartners\/wp-json\/wp\/v2\/pages\/2385\/revisions\/3015"}],"wp:attachment":[{"href":"https:\/\/digitalidentitysn.com\/winwinpartners\/wp-json\/wp\/v2\/media?parent=2385"}],"curies":[{"name":"wp","href":"https:\/\/api.w.org\/{rel}","templated":true}]}}