{"id":2307,"date":"2024-04-30T15:55:28","date_gmt":"2024-04-30T13:55:28","guid":{"rendered":"https:\/\/digitalidentitysn.com\/winwinpartners\/?page_id=2307"},"modified":"2024-05-14T18:03:19","modified_gmt":"2024-05-14T16:03:19","slug":"realisations","status":"publish","type":"page","link":"https:\/\/digitalidentitysn.com\/winwinpartners\/realisations\/","title":{"rendered":"R\u00e9alisations"},"content":{"rendered":"\t\t<div data-elementor-type=\"wp-page\" data-elementor-id=\"2307\" class=\"elementor elementor-2307\" data-elementor-post-type=\"page\">\n\t\t\t\t<div data-particle_enable=\"false\" data-particle-mobile-disabled=\"false\" class=\"elementor-element elementor-element-827ecea e-flex e-con-boxed e-con e-parent\" data-id=\"827ecea\" data-element_type=\"container\">\n\t\t\t\t\t<div class=\"e-con-inner\">\n\t\t\t\t<div class=\"elementor-element elementor-element-8cc9fa4 elementor-widget elementor-widget-heading\" data-id=\"8cc9fa4\" data-element_type=\"widget\" data-widget_type=\"heading.default\">\n\t\t\t\t<div class=\"elementor-widget-container\">\n\t\t\t\t\t<h2 class=\"elementor-heading-title elementor-size-default\">Nos R\u00e9alisations<\/h2>\t\t\t\t<\/div>\n\t\t\t\t<\/div>\n\t\t\t\t\t<\/div>\n\t\t\t\t<\/div>\n\t\t<div data-particle_enable=\"false\" data-particle-mobile-disabled=\"false\" class=\"elementor-element elementor-element-480b0c9 e-flex e-con-boxed e-con e-parent\" data-id=\"480b0c9\" data-element_type=\"container\">\n\t\t\t\t\t<div class=\"e-con-inner\">\n\t\t<div data-particle_enable=\"false\" data-particle-mobile-disabled=\"false\" class=\"elementor-element elementor-element-a08d6f4 e-con-full e-flex e-con e-child\" data-id=\"a08d6f4\" data-element_type=\"container\">\n\t\t\t\t<div class=\"elementor-element elementor-element-7cad4cd elementor-widget elementor-widget-hotspot\" data-id=\"7cad4cd\" data-element_type=\"widget\" data-settings=\"{&quot;hotspot&quot;:[{&quot;_id&quot;:&quot;3b29b13&quot;,&quot;hotspot_label&quot;:&quot;Universit\\u00e9 de Bambey &quot;,&quot;hotspot_icon&quot;:{&quot;value&quot;:&quot;fas fa-map-marker-alt&quot;,&quot;library&quot;:&quot;fa-solid&quot;},&quot;hotspot_icon_position&quot;:&quot;&quot;,&quot;hotspot_tooltip_content&quot;:&quot;&lt;p&gt;&lt;span class=\\&quot;NormalTextRun SCXW211196263 BCX0\\&quot;&gt;Universit\\u00e9 de Bambey&lt;\\\/span&gt;&lt;\\\/p&gt;&quot;,&quot;hotspot_offset_x&quot;:{&quot;unit&quot;:&quot;%&quot;,&quot;size&quot;:30,&quot;sizes&quot;:[]},&quot;hotspot_offset_y&quot;:{&quot;unit&quot;:&quot;%&quot;,&quot;size&quot;:80,&quot;sizes&quot;:[]},&quot;hotspot_link&quot;:{&quot;url&quot;:&quot;&quot;,&quot;is_external&quot;:&quot;&quot;,&quot;nofollow&quot;:&quot;&quot;,&quot;custom_attributes&quot;:&quot;&quot;},&quot;hotspot_custom_size&quot;:&quot;no&quot;,&quot;hotspot_horizontal&quot;:&quot;left&quot;,&quot;hotspot_vertical&quot;:&quot;top&quot;,&quot;hotspot_tooltip_position&quot;:&quot;no&quot;,&quot;hotspot_position&quot;:null}],&quot;tooltip_position&quot;:&quot;top&quot;,&quot;tooltip_trigger&quot;:&quot;click&quot;,&quot;tooltip_animation&quot;:&quot;e-hotspot--fade-in-out&quot;}\" data-widget_type=\"hotspot.default\">\n\t\t\t\t<div class=\"elementor-widget-container\">\n\t\t\t\t\t<img decoding=\"async\" src=\"https:\/\/digitalidentitysn.com\/winwinpartners\/wp-content\/uploads\/elementor\/thumbs\/BAMBEY-1-e1715020549301-qnrw0dl90x2jzlej2yaswiuqkf06szmqyv7neb9kyg.jpg\" title=\"BAMBEY 1\" alt=\"BAMBEY 1\" loading=\"lazy\" \/>\n\t\t\t\t\t\t<div class=\"e-hotspot elementor-repeater-item-3b29b13  e-hotspot--position-left e-hotspot--position-top  \">\n\n\t\t\t\t\t\t\t\t<div class=\"e-hotspot__button e-hotspot--expand\">\n\t\t\t\t\t\t\t\t\t\t\t\t\t\t\t\t\t\t<div class=\"e-hotspot__icon\"><svg class=\"e-font-icon-svg e-fas-map-marker-alt\" viewBox=\"0 0 384 512\" xmlns=\"http:\/\/www.w3.org\/2000\/svg\"><path d=\"M172.268 501.67C26.97 291.031 0 269.413 0 192 0 85.961 85.961 0 192 0s192 85.961 192 192c0 77.413-26.97 99.031-172.268 309.67-9.535 13.774-29.93 13.773-39.464 0zM192 272c44.183 0 80-35.817 80-80s-35.817-80-80-80-80 35.817-80 80 35.817 80 80 80z\"><\/path><\/svg><\/div>\n\t\t\t\t\t\t\t\t\t\t\t\t\t\t\t\t\t\t\t<div class=\"e-hotspot__label\">Universit\u00e9 de Bambey <\/div>\n\t\t\t\t\t\t\t\t\t\t\t\t\t\t\t<\/div>\n\n\t\t\t\t\t\t\t\t\t\t\t\t\t\t\t\t\t\t<div class=\"e-hotspot__tooltip  e-hotspot--tooltip-position e-hotspot--fade-in-out \" >\n\t\t\t\t\t\t<p><span class=\"NormalTextRun SCXW211196263 BCX0\">Universit\u00e9 de Bambey<\/span><\/p>\t\t\t\t\t<\/div>\n\t\t\t\t\t\t\t\t\t\n\t\t\t<\/div>\n\n\t\n\t\t\t\t\t\t<\/div>\n\t\t\t\t<\/div>\n\t\t\t\t<\/div>\n\t\t<div data-particle_enable=\"false\" data-particle-mobile-disabled=\"false\" class=\"elementor-element elementor-element-51a1ff7 e-con-full e-flex e-con e-child\" data-id=\"51a1ff7\" data-element_type=\"container\">\n\t\t\t\t<div class=\"elementor-element elementor-element-7c7ccad elementor-widget elementor-widget-hotspot\" data-id=\"7c7ccad\" data-element_type=\"widget\" data-settings=\"{&quot;hotspot&quot;:[{&quot;_id&quot;:&quot;3b29b13&quot;,&quot;hotspot_label&quot;:&quot;Unit\\u00e9 de production Industrielle \\u00e0 Diamniadio&quot;,&quot;hotspot_icon&quot;:{&quot;value&quot;:&quot;fas fa-map-marker-alt&quot;,&quot;library&quot;:&quot;fa-solid&quot;},&quot;hotspot_tooltip_content&quot;:&quot;&lt;p&gt;&lt;span class=\\&quot;TextRun SCXW67737759 BCX0\\&quot; lang=\\&quot;FR-FR\\&quot; xml:lang=\\&quot;FR-FR\\&quot; data-contrast=\\&quot;auto\\&quot;&gt;&lt;span class=\\&quot;NormalTextRun SCXW67737759 BCX0\\&quot;&gt;Unit\\u00e9 de production Industrielle \\u00e0 Diamniadio&lt;\\\/span&gt;&lt;\\\/span&gt;&lt;\\\/p&gt;&quot;,&quot;hotspot_offset_x&quot;:{&quot;unit&quot;:&quot;%&quot;,&quot;size&quot;:20,&quot;sizes&quot;:[]},&quot;hotspot_offset_y&quot;:{&quot;unit&quot;:&quot;%&quot;,&quot;size&quot;:80,&quot;sizes&quot;:[]},&quot;hotspot_link&quot;:{&quot;url&quot;:&quot;&quot;,&quot;is_external&quot;:&quot;&quot;,&quot;nofollow&quot;:&quot;&quot;,&quot;custom_attributes&quot;:&quot;&quot;},&quot;hotspot_custom_size&quot;:&quot;no&quot;,&quot;hotspot_horizontal&quot;:&quot;left&quot;,&quot;hotspot_vertical&quot;:&quot;top&quot;,&quot;hotspot_tooltip_position&quot;:&quot;no&quot;,&quot;hotspot_position&quot;:null}],&quot;tooltip_position&quot;:&quot;top&quot;,&quot;tooltip_trigger&quot;:&quot;click&quot;,&quot;tooltip_animation&quot;:&quot;e-hotspot--fade-in-out&quot;}\" data-widget_type=\"hotspot.default\">\n\t\t\t\t<div class=\"elementor-widget-container\">\n\t\t\t\t\t<img fetchpriority=\"high\" decoding=\"async\" width=\"1080\" height=\"810\" src=\"https:\/\/digitalidentitysn.com\/winwinpartners\/wp-content\/uploads\/2024\/04\/USINE-DE-PRODUCTION-DIAMNIADIO-30.jpeg\" class=\"attachment-full size-full wp-image-2334\" alt=\"\" srcset=\"https:\/\/digitalidentitysn.com\/winwinpartners\/wp-content\/uploads\/2024\/04\/USINE-DE-PRODUCTION-DIAMNIADIO-30.jpeg 1080w, https:\/\/digitalidentitysn.com\/winwinpartners\/wp-content\/uploads\/2024\/04\/USINE-DE-PRODUCTION-DIAMNIADIO-30-300x225.jpeg 300w, https:\/\/digitalidentitysn.com\/winwinpartners\/wp-content\/uploads\/2024\/04\/USINE-DE-PRODUCTION-DIAMNIADIO-30-1024x768.jpeg 1024w, https:\/\/digitalidentitysn.com\/winwinpartners\/wp-content\/uploads\/2024\/04\/USINE-DE-PRODUCTION-DIAMNIADIO-30-768x576.jpeg 768w\" sizes=\"(max-width: 1080px) 100vw, 1080px\" \/>\n\t\t\t\t\t\t<div class=\"e-hotspot elementor-repeater-item-3b29b13  e-hotspot--position-left e-hotspot--position-top  \">\n\n\t\t\t\t\t\t\t\t<div class=\"e-hotspot__button e-hotspot--expand\">\n\t\t\t\t\t\t\t\t\t\t\t\t\t\t\t\t\t\t<div class=\"e-hotspot__icon\"><svg class=\"e-font-icon-svg e-fas-map-marker-alt\" viewBox=\"0 0 384 512\" xmlns=\"http:\/\/www.w3.org\/2000\/svg\"><path d=\"M172.268 501.67C26.97 291.031 0 269.413 0 192 0 85.961 85.961 0 192 0s192 85.961 192 192c0 77.413-26.97 99.031-172.268 309.67-9.535 13.774-29.93 13.773-39.464 0zM192 272c44.183 0 80-35.817 80-80s-35.817-80-80-80-80 35.817-80 80 35.817 80 80 80z\"><\/path><\/svg><\/div>\n\t\t\t\t\t\t\t\t\t\t\t\t\t\t\t\t\t\t\t<div class=\"e-hotspot__label\">Unit\u00e9 de production Industrielle \u00e0 Diamniadio<\/div>\n\t\t\t\t\t\t\t\t\t\t\t\t\t\t\t<\/div>\n\n\t\t\t\t\t\t\t\t\t\t\t\t\t\t\t\t\t\t<div class=\"e-hotspot__tooltip  e-hotspot--tooltip-position e-hotspot--fade-in-out \" >\n\t\t\t\t\t\t<p><span class=\"TextRun SCXW67737759 BCX0\" lang=\"FR-FR\" xml:lang=\"FR-FR\" data-contrast=\"auto\"><span class=\"NormalTextRun SCXW67737759 BCX0\">Unit\u00e9 de production Industrielle \u00e0 Diamniadio<\/span><\/span><\/p>\t\t\t\t\t<\/div>\n\t\t\t\t\t\t\t\t\t\n\t\t\t<\/div>\n\n\t\n\t\t\t\t\t\t<\/div>\n\t\t\t\t<\/div>\n\t\t\t\t<\/div>\n\t\t<div data-particle_enable=\"false\" data-particle-mobile-disabled=\"false\" class=\"elementor-element elementor-element-bb43f49 e-con-full e-flex e-con e-child\" data-id=\"bb43f49\" data-element_type=\"container\">\n\t\t\t\t<div class=\"elementor-element elementor-element-3df0003 elementor-widget elementor-widget-hotspot\" data-id=\"3df0003\" data-element_type=\"widget\" data-settings=\"{&quot;hotspot&quot;:[{&quot;_id&quot;:&quot;3b29b13&quot;,&quot;hotspot_label&quot;:&quot;UGB&quot;,&quot;hotspot_icon&quot;:{&quot;value&quot;:&quot;fas fa-map-marker-alt&quot;,&quot;library&quot;:&quot;fa-solid&quot;},&quot;hotspot_tooltip_content&quot;:&quot;&lt;p&gt;&lt;span class=\\&quot;NormalTextRun SCXW146163867 BCX0\\&quot;&gt;Universit\\u00e9 Gaston Berger&lt;\\\/span&gt;&lt;\\\/p&gt;&quot;,&quot;hotspot_offset_y&quot;:{&quot;unit&quot;:&quot;%&quot;,&quot;size&quot;:80,&quot;sizes&quot;:[]},&quot;hotspot_link&quot;:{&quot;url&quot;:&quot;&quot;,&quot;is_external&quot;:&quot;&quot;,&quot;nofollow&quot;:&quot;&quot;,&quot;custom_attributes&quot;:&quot;&quot;},&quot;hotspot_custom_size&quot;:&quot;no&quot;,&quot;hotspot_horizontal&quot;:&quot;left&quot;,&quot;hotspot_vertical&quot;:&quot;top&quot;,&quot;hotspot_tooltip_position&quot;:&quot;no&quot;,&quot;hotspot_position&quot;:null}],&quot;tooltip_position&quot;:&quot;top&quot;,&quot;tooltip_trigger&quot;:&quot;click&quot;,&quot;tooltip_animation&quot;:&quot;e-hotspot--fade-in-out&quot;}\" data-widget_type=\"hotspot.default\">\n\t\t\t\t<div class=\"elementor-widget-container\">\n\t\t\t\t\t<img decoding=\"async\" width=\"1080\" height=\"810\" src=\"https:\/\/digitalidentitysn.com\/winwinpartners\/wp-content\/uploads\/2024\/04\/UGB-31-e1715019803673.jpeg\" class=\"attachment-full size-full wp-image-2330\" alt=\"\" \/>\n\t\t\t\t\t\t<div class=\"e-hotspot elementor-repeater-item-3b29b13   e-hotspot--position-top  \">\n\n\t\t\t\t\t\t\t\t<div class=\"e-hotspot__button e-hotspot--expand\">\n\t\t\t\t\t\t\t\t\t\t\t\t\t\t\t\t\t\t<div class=\"e-hotspot__icon\"><svg class=\"e-font-icon-svg e-fas-map-marker-alt\" viewBox=\"0 0 384 512\" xmlns=\"http:\/\/www.w3.org\/2000\/svg\"><path d=\"M172.268 501.67C26.97 291.031 0 269.413 0 192 0 85.961 85.961 0 192 0s192 85.961 192 192c0 77.413-26.97 99.031-172.268 309.67-9.535 13.774-29.93 13.773-39.464 0zM192 272c44.183 0 80-35.817 80-80s-35.817-80-80-80-80 35.817-80 80 35.817 80 80 80z\"><\/path><\/svg><\/div>\n\t\t\t\t\t\t\t\t\t\t\t\t\t\t\t\t\t\t\t<div class=\"e-hotspot__label\">UGB<\/div>\n\t\t\t\t\t\t\t\t\t\t\t\t\t\t\t<\/div>\n\n\t\t\t\t\t\t\t\t\t\t\t\t\t\t\t\t\t\t<div class=\"e-hotspot__tooltip  e-hotspot--tooltip-position e-hotspot--fade-in-out \" >\n\t\t\t\t\t\t<p><span class=\"NormalTextRun SCXW146163867 BCX0\">Universit\u00e9 Gaston Berger<\/span><\/p>\t\t\t\t\t<\/div>\n\t\t\t\t\t\t\t\t\t\n\t\t\t<\/div>\n\n\t\n\t\t\t\t\t\t<\/div>\n\t\t\t\t<\/div>\n\t\t\t\t<\/div>\n\t\t<div data-particle_enable=\"false\" data-particle-mobile-disabled=\"false\" class=\"elementor-element elementor-element-c823432 e-con-full e-flex e-con e-child\" data-id=\"c823432\" data-element_type=\"container\">\n\t\t\t\t<div class=\"elementor-element elementor-element-52778ce elementor-widget elementor-widget-hotspot\" data-id=\"52778ce\" data-element_type=\"widget\" data-settings=\"{&quot;hotspot&quot;:[{&quot;_id&quot;:&quot;3b29b13&quot;,&quot;hotspot_label&quot;:&quot;Immeuble MIRROIR &quot;,&quot;hotspot_icon&quot;:{&quot;value&quot;:&quot;fas fa-map-marker-alt&quot;,&quot;library&quot;:&quot;fa-solid&quot;},&quot;hotspot_tooltip_content&quot;:&quot;&lt;p&gt;&lt;span class=\\&quot;TextRun SCXW15400844 BCX0\\&quot; lang=\\&quot;FR-FR\\&quot; xml:lang=\\&quot;FR-FR\\&quot; data-contrast=\\&quot;auto\\&quot;&gt;&lt;span class=\\&quot;NormalTextRun SCXW15400844 BCX0\\&quot;&gt;Immeuble MIRROIR&lt;\\\/span&gt;&lt;\\\/span&gt;&lt;span class=\\&quot;EOP SCXW15400844 BCX0\\&quot; data-ccp-props=\\&quot;{&quot;201341983&quot;:0,&quot;335559739&quot;:160,&quot;335559740&quot;:259}\\&quot;&gt;\\u00a0&lt;\\\/span&gt;&lt;\\\/p&gt;&quot;,&quot;hotspot_offset_x&quot;:{&quot;unit&quot;:&quot;%&quot;,&quot;size&quot;:30,&quot;sizes&quot;:[]},&quot;hotspot_offset_y&quot;:{&quot;unit&quot;:&quot;%&quot;,&quot;size&quot;:80,&quot;sizes&quot;:[]},&quot;hotspot_link&quot;:{&quot;url&quot;:&quot;&quot;,&quot;is_external&quot;:&quot;&quot;,&quot;nofollow&quot;:&quot;&quot;,&quot;custom_attributes&quot;:&quot;&quot;},&quot;hotspot_custom_size&quot;:&quot;no&quot;,&quot;hotspot_horizontal&quot;:&quot;left&quot;,&quot;hotspot_vertical&quot;:&quot;top&quot;,&quot;hotspot_tooltip_position&quot;:&quot;no&quot;,&quot;hotspot_position&quot;:null}],&quot;tooltip_position&quot;:&quot;top&quot;,&quot;tooltip_trigger&quot;:&quot;click&quot;,&quot;tooltip_animation&quot;:&quot;e-hotspot--fade-in-out&quot;}\" data-widget_type=\"hotspot.default\">\n\t\t\t\t<div class=\"elementor-widget-container\">\n\t\t\t\t\t<img decoding=\"async\" src=\"https:\/\/digitalidentitysn.com\/winwinpartners\/wp-content\/uploads\/elementor\/thumbs\/IMMEUBLE-MIRROIR-qo5m8hjcy54llxddnoubkqvvo7ym0x2ntmt2f2q7a0.jpg\" title=\"IMMEUBLE MIRROIR\" alt=\"IMMEUBLE MIRROIR\" loading=\"lazy\" \/>\n\t\t\t\t\t\t<div class=\"e-hotspot elementor-repeater-item-3b29b13  e-hotspot--position-left e-hotspot--position-top  \">\n\n\t\t\t\t\t\t\t\t<div class=\"e-hotspot__button e-hotspot--expand\">\n\t\t\t\t\t\t\t\t\t\t\t\t\t\t\t\t\t\t<div class=\"e-hotspot__icon\"><svg class=\"e-font-icon-svg e-fas-map-marker-alt\" viewBox=\"0 0 384 512\" xmlns=\"http:\/\/www.w3.org\/2000\/svg\"><path d=\"M172.268 501.67C26.97 291.031 0 269.413 0 192 0 85.961 85.961 0 192 0s192 85.961 192 192c0 77.413-26.97 99.031-172.268 309.67-9.535 13.774-29.93 13.773-39.464 0zM192 272c44.183 0 80-35.817 80-80s-35.817-80-80-80-80 35.817-80 80 35.817 80 80 80z\"><\/path><\/svg><\/div>\n\t\t\t\t\t\t\t\t\t\t\t\t\t\t\t\t\t\t\t<div class=\"e-hotspot__label\">Immeuble MIRROIR <\/div>\n\t\t\t\t\t\t\t\t\t\t\t\t\t\t\t<\/div>\n\n\t\t\t\t\t\t\t\t\t\t\t\t\t\t\t\t\t\t<div class=\"e-hotspot__tooltip  e-hotspot--tooltip-position e-hotspot--fade-in-out \" >\n\t\t\t\t\t\t<p><span class=\"TextRun SCXW15400844 BCX0\" lang=\"FR-FR\" xml:lang=\"FR-FR\" data-contrast=\"auto\"><span class=\"NormalTextRun SCXW15400844 BCX0\">Immeuble MIRROIR<\/span><\/span><span class=\"EOP SCXW15400844 BCX0\" data-ccp-props=\"{&quot;201341983&quot;:0,&quot;335559739&quot;:160,&quot;335559740&quot;:259}\">\u00a0<\/span><\/p>\t\t\t\t\t<\/div>\n\t\t\t\t\t\t\t\t\t\n\t\t\t<\/div>\n\n\t\n\t\t\t\t\t\t<\/div>\n\t\t\t\t<\/div>\n\t\t\t\t<\/div>\n\t\t<div data-particle_enable=\"false\" data-particle-mobile-disabled=\"false\" class=\"elementor-element elementor-element-fa3133c e-con-full e-flex e-con e-child\" data-id=\"fa3133c\" data-element_type=\"container\">\n\t\t\t\t<div class=\"elementor-element elementor-element-1d0cf2b elementor-widget elementor-widget-hotspot\" data-id=\"1d0cf2b\" data-element_type=\"widget\" data-settings=\"{&quot;hotspot&quot;:[{&quot;_id&quot;:&quot;3b29b13&quot;,&quot;hotspot_label&quot;:&quot;Villa SALY 1 et 2&quot;,&quot;hotspot_icon&quot;:{&quot;value&quot;:&quot;fas fa-map-marker-alt&quot;,&quot;library&quot;:&quot;fa-solid&quot;},&quot;hotspot_tooltip_content&quot;:&quot;&lt;p&gt;&lt;span class=\\&quot;NormalTextRun SCXW214578283 BCX0\\&quot;&gt;Villa SALY&lt;\\\/span&gt;&lt;span class=\\&quot;NormalTextRun SCXW214578283 BCX0\\&quot;&gt; 1 et 2&lt;\\\/span&gt;&lt;\\\/p&gt;&quot;,&quot;hotspot_offset_y&quot;:{&quot;unit&quot;:&quot;%&quot;,&quot;size&quot;:80,&quot;sizes&quot;:[]},&quot;hotspot_link&quot;:{&quot;url&quot;:&quot;&quot;,&quot;is_external&quot;:&quot;&quot;,&quot;nofollow&quot;:&quot;&quot;,&quot;custom_attributes&quot;:&quot;&quot;},&quot;hotspot_custom_size&quot;:&quot;no&quot;,&quot;hotspot_horizontal&quot;:&quot;left&quot;,&quot;hotspot_vertical&quot;:&quot;top&quot;,&quot;hotspot_tooltip_position&quot;:&quot;no&quot;,&quot;hotspot_position&quot;:null}],&quot;tooltip_position&quot;:&quot;top&quot;,&quot;tooltip_trigger&quot;:&quot;click&quot;,&quot;tooltip_animation&quot;:&quot;e-hotspot--fade-in-out&quot;}\" data-widget_type=\"hotspot.default\">\n\t\t\t\t<div class=\"elementor-widget-container\">\n\t\t\t\t\t<img decoding=\"async\" width=\"1080\" height=\"810\" src=\"https:\/\/digitalidentitysn.com\/winwinpartners\/wp-content\/uploads\/2024\/04\/SALY-2_0817-scaled-e1715019671805.jpg\" class=\"attachment-full size-full wp-image-2319\" alt=\"\" \/>\n\t\t\t\t\t\t<div class=\"e-hotspot elementor-repeater-item-3b29b13   e-hotspot--position-top  \">\n\n\t\t\t\t\t\t\t\t<div class=\"e-hotspot__button e-hotspot--expand\">\n\t\t\t\t\t\t\t\t\t\t\t\t\t\t\t\t\t\t<div class=\"e-hotspot__icon\"><svg class=\"e-font-icon-svg e-fas-map-marker-alt\" viewBox=\"0 0 384 512\" xmlns=\"http:\/\/www.w3.org\/2000\/svg\"><path d=\"M172.268 501.67C26.97 291.031 0 269.413 0 192 0 85.961 85.961 0 192 0s192 85.961 192 192c0 77.413-26.97 99.031-172.268 309.67-9.535 13.774-29.93 13.773-39.464 0zM192 272c44.183 0 80-35.817 80-80s-35.817-80-80-80-80 35.817-80 80 35.817 80 80 80z\"><\/path><\/svg><\/div>\n\t\t\t\t\t\t\t\t\t\t\t\t\t\t\t\t\t\t\t<div class=\"e-hotspot__label\">Villa SALY 1 et 2<\/div>\n\t\t\t\t\t\t\t\t\t\t\t\t\t\t\t<\/div>\n\n\t\t\t\t\t\t\t\t\t\t\t\t\t\t\t\t\t\t<div class=\"e-hotspot__tooltip  e-hotspot--tooltip-position e-hotspot--fade-in-out \" >\n\t\t\t\t\t\t<p><span class=\"NormalTextRun SCXW214578283 BCX0\">Villa SALY<\/span><span class=\"NormalTextRun SCXW214578283 BCX0\"> 1 et 2<\/span><\/p>\t\t\t\t\t<\/div>\n\t\t\t\t\t\t\t\t\t\n\t\t\t<\/div>\n\n\t\n\t\t\t\t\t\t<\/div>\n\t\t\t\t<\/div>\n\t\t\t\t<\/div>\n\t\t<div data-particle_enable=\"false\" data-particle-mobile-disabled=\"false\" class=\"elementor-element elementor-element-a2481a9 e-con-full e-flex e-con e-child\" data-id=\"a2481a9\" data-element_type=\"container\">\n\t\t\t\t<div class=\"elementor-element elementor-element-12ac27b elementor-widget elementor-widget-hotspot\" data-id=\"12ac27b\" data-element_type=\"widget\" data-settings=\"{&quot;hotspot&quot;:[{&quot;_id&quot;:&quot;3b29b13&quot;,&quot;hotspot_label&quot;:&quot;UCAD&quot;,&quot;hotspot_icon&quot;:{&quot;value&quot;:&quot;fas fa-map-marker-alt&quot;,&quot;library&quot;:&quot;fa-solid&quot;},&quot;hotspot_tooltip_content&quot;:&quot;&lt;p&gt;Universit\\u00e9 Cheikh Anta Diop de Dakar&lt;\\\/p&gt;&quot;,&quot;hotspot_offset_y&quot;:{&quot;unit&quot;:&quot;%&quot;,&quot;size&quot;:80,&quot;sizes&quot;:[]},&quot;hotspot_link&quot;:{&quot;url&quot;:&quot;&quot;,&quot;is_external&quot;:&quot;&quot;,&quot;nofollow&quot;:&quot;&quot;,&quot;custom_attributes&quot;:&quot;&quot;},&quot;hotspot_custom_size&quot;:&quot;no&quot;,&quot;hotspot_horizontal&quot;:&quot;left&quot;,&quot;hotspot_vertical&quot;:&quot;top&quot;,&quot;hotspot_tooltip_position&quot;:&quot;no&quot;,&quot;hotspot_position&quot;:null}],&quot;tooltip_position&quot;:&quot;top&quot;,&quot;tooltip_trigger&quot;:&quot;click&quot;,&quot;tooltip_animation&quot;:&quot;e-hotspot--fade-in-out&quot;}\" data-widget_type=\"hotspot.default\">\n\t\t\t\t<div class=\"elementor-widget-container\">\n\t\t\t\t\t<img loading=\"lazy\" decoding=\"async\" width=\"1080\" height=\"810\" src=\"https:\/\/digitalidentitysn.com\/winwinpartners\/wp-content\/uploads\/2024\/04\/UCAD_0225-scaled-e1715019688239.jpg\" class=\"attachment-full size-full wp-image-2322\" alt=\"\" \/>\n\t\t\t\t\t\t<div class=\"e-hotspot elementor-repeater-item-3b29b13   e-hotspot--position-top  \">\n\n\t\t\t\t\t\t\t\t<div class=\"e-hotspot__button e-hotspot--expand\">\n\t\t\t\t\t\t\t\t\t\t\t\t\t\t\t\t\t\t<div class=\"e-hotspot__icon\"><svg class=\"e-font-icon-svg e-fas-map-marker-alt\" viewBox=\"0 0 384 512\" xmlns=\"http:\/\/www.w3.org\/2000\/svg\"><path d=\"M172.268 501.67C26.97 291.031 0 269.413 0 192 0 85.961 85.961 0 192 0s192 85.961 192 192c0 77.413-26.97 99.031-172.268 309.67-9.535 13.774-29.93 13.773-39.464 0zM192 272c44.183 0 80-35.817 80-80s-35.817-80-80-80-80 35.817-80 80 35.817 80 80 80z\"><\/path><\/svg><\/div>\n\t\t\t\t\t\t\t\t\t\t\t\t\t\t\t\t\t\t\t<div class=\"e-hotspot__label\">UCAD<\/div>\n\t\t\t\t\t\t\t\t\t\t\t\t\t\t\t<\/div>\n\n\t\t\t\t\t\t\t\t\t\t\t\t\t\t\t\t\t\t<div class=\"e-hotspot__tooltip  e-hotspot--tooltip-position e-hotspot--fade-in-out \" >\n\t\t\t\t\t\t<p>Universit\u00e9 Cheikh Anta Diop de Dakar<\/p>\t\t\t\t\t<\/div>\n\t\t\t\t\t\t\t\t\t\n\t\t\t<\/div>\n\n\t\n\t\t\t\t\t\t<\/div>\n\t\t\t\t<\/div>\n\t\t\t\t<\/div>\n\t\t\t\t\t<\/div>\n\t\t\t\t<\/div>\n\t\t\t\t<\/div>\n\t\t","protected":false},"excerpt":{"rendered":"<p>Nos R\u00e9alisations Universit\u00e9 de Bambey Universit\u00e9 de Bambey Unit\u00e9 de production Industrielle \u00e0 Diamniadio Unit\u00e9 de production Industrielle \u00e0 Diamniadio UGB Universit\u00e9 Gaston Berger Immeuble MIRROIR Immeuble MIRROIR\u00a0 Villa SALY&hellip;<\/p>\n","protected":false},"author":2,"featured_media":0,"parent":0,"menu_order":0,"comment_status":"closed","ping_status":"closed","template":"elementor_header_footer","meta":{"footnotes":""},"class_list":["post-2307","page","type-page","status-publish","hentry"],"_links":{"self":[{"href":"https:\/\/digitalidentitysn.com\/winwinpartners\/wp-json\/wp\/v2\/pages\/2307","targetHints":{"allow":["GET"]}}],"collection":[{"href":"https:\/\/digitalidentitysn.com\/winwinpartners\/wp-json\/wp\/v2\/pages"}],"about":[{"href":"https:\/\/digitalidentitysn.com\/winwinpartners\/wp-json\/wp\/v2\/types\/page"}],"author":[{"embeddable":true,"href":"https:\/\/digitalidentitysn.com\/winwinpartners\/wp-json\/wp\/v2\/users\/2"}],"replies":[{"embeddable":true,"href":"https:\/\/digitalidentitysn.com\/winwinpartners\/wp-json\/wp\/v2\/comments?post=2307"}],"version-history":[{"count":76,"href":"https:\/\/digitalidentitysn.com\/winwinpartners\/wp-json\/wp\/v2\/pages\/2307\/revisions"}],"predecessor-version":[{"id":2984,"href":"https:\/\/digitalidentitysn.com\/winwinpartners\/wp-json\/wp\/v2\/pages\/2307\/revisions\/2984"}],"wp:attachment":[{"href":"https:\/\/digitalidentitysn.com\/winwinpartners\/wp-json\/wp\/v2\/media?parent=2307"}],"curies":[{"name":"wp","href":"https:\/\/api.w.org\/{rel}","templated":true}]}}