{"id":2297,"date":"2024-04-30T15:38:20","date_gmt":"2024-04-30T13:38:20","guid":{"rendered":"https:\/\/digitalidentitysn.com\/winwinpartners\/?page_id=2297"},"modified":"2025-11-11T06:27:16","modified_gmt":"2025-11-11T05:27:16","slug":"location","status":"publish","type":"page","link":"https:\/\/digitalidentitysn.com\/winwinpartners\/location\/","title":{"rendered":"Location"},"content":{"rendered":"\n<div class=\"wp-block-columns is-layout-flex wp-container-core-columns-is-layout-9d6595d7 wp-block-columns-is-layout-flex\">\n<div class=\"wp-block-column is-layout-flow wp-block-column-is-layout-flow\" style=\"flex-basis:5%\"><\/div>\n\n\n\n<div class=\"wp-block-column is-layout-flow wp-block-column-is-layout-flow\" style=\"flex-basis:90%\">\n<h2 class=\"wp-block-heading\">Location<\/h2>\n\n\n\n<p>D\u00e9couvrez une exp\u00e9rience locative de r\u00e9sidence d\u2019exception avec nos appartements de haut standing. Nich\u00e9s dans des emplacements pris\u00e9s en plein c\u0153ur de Dakar. Ces r\u00e9sidences allient sophistication, confort et services haut de gamme pour une vie luxueuse in\u00e9gal\u00e9e.&nbsp;&nbsp;<\/p>\n\n\n\n<p>Appr\u00e9ciez des espaces \u00e9l\u00e9gamment con\u00e7us avec des finitions haut de gamme et un service personnalis\u00e9 allant de la conciergerie au syndic de copropri\u00e9t\u00e9, offrant un cadre de vie o\u00f9 chaque jour est une exp\u00e9rience de luxe. Faites de votre prochaine location une exp\u00e9rience de standing incomparable avec nous <a href=\"https:\/\/khom1ch.com.ua\/\" data-type=\"link\" data-id=\"https:\/\/khom1ch.com.ua\/\">\u0434\u0456\u0437\u043d\u0430\u0442\u0438\u0441\u044c \u0440\u0435\u0437\u0443\u043b\u044c\u0442\u0430\u0442\u0438<\/a>.\u00a0\u00a0<\/p>\n\n\n\n<p>Pour plus d\u2019informations nous contacter.\u202f<\/p>\n\n\n<style id=\"wpforms-css-vars-root\">\n\t\t\t\t:root {\n\t\t\t\t\t--wpforms-field-border-radius: 3px;\n--wpforms-field-background-color: #ffffff;\n--wpforms-field-border-color: rgba( 0, 0, 0, 0.25 );\n--wpforms-field-text-color: rgba( 0, 0, 0, 0.7 );\n--wpforms-label-color: rgba( 0, 0, 0, 0.85 );\n--wpforms-label-sublabel-color: rgba( 0, 0, 0, 0.55 );\n--wpforms-label-error-color: #d63637;\n--wpforms-button-border-radius: 3px;\n--wpforms-button-background-color: #066aab;\n--wpforms-button-text-color: #ffffff;\n--wpforms-page-break-color: #066aab;\n--wpforms-field-size-input-height: 43px;\n--wpforms-field-size-input-spacing: 15px;\n--wpforms-field-size-font-size: 16px;\n--wpforms-field-size-line-height: 19px;\n--wpforms-field-size-padding-h: 14px;\n--wpforms-field-size-checkbox-size: 16px;\n--wpforms-field-size-sublabel-spacing: 5px;\n--wpforms-field-size-icon-size: 1;\n--wpforms-label-size-font-size: 16px;\n--wpforms-label-size-line-height: 19px;\n--wpforms-label-size-sublabel-font-size: 14px;\n--wpforms-label-size-sublabel-line-height: 17px;\n--wpforms-button-size-font-size: 17px;\n--wpforms-button-size-height: 41px;\n--wpforms-button-size-padding-h: 15px;\n--wpforms-button-size-margin-top: 10px;\n\n\t\t\t\t}\n\t\t\t<\/style><style id=\"wpforms-css-vars-2454-block-d74c8234-af8a-49aa-ab61-d700a924f157\">\n\t\t\t\t#wpforms-2454.wpforms-block-d74c8234-af8a-49aa-ab61-d700a924f157 {\n\t\t\t\t\t--wpforms-button-background-color: #cf2e2e;\n\n\t\t\t\t}\n\t\t\t<\/style><div class=\"wpforms-container wpforms-container-full wpforms-block wpforms-block-d74c8234-af8a-49aa-ab61-d700a924f157 wpforms-render-modern\" id=\"wpforms-2454\"><form id=\"wpforms-form-2454\" class=\"wpforms-validate wpforms-form wpforms-ajax-form\" data-formid=\"2454\" method=\"post\" enctype=\"multipart\/form-data\" action=\"\/winwinpartners\/wp-json\/wp\/v2\/pages\/2297\" data-token=\"092466fcdc3837f3289bd8577c302c7c\"><noscript class=\"wpforms-error-noscript\">Veuillez activer JavaScript dans votre navigateur pour remplir ce formulaire.<\/noscript><div class=\"wpforms-hidden\" id=\"wpforms-error-noscript\">Veuillez activer JavaScript dans votre navigateur pour remplir ce formulaire.<\/div><div class=\"wpforms-field-container\"><div id=\"wpforms-2454-field_1-container\" class=\"wpforms-field wpforms-field-layout\" data-field-id=\"1\"><label class=\"wpforms-field-label wpforms-label-hide\" for=\"wpforms-2454-field_1\" aria-hidden=\"false\">Mise en page<\/label><div class=\"wpforms-field-layout-columns wpforms-field-layout-preset-50-50\"><div class=\"wpforms-layout-column wpforms-layout-column-50\"><div id=\"wpforms-2454-field_3-container\" class=\"wpforms-field wpforms-field-name\" data-field-id=\"3\"><label class=\"wpforms-field-label\" for=\"wpforms-2454-field_3\">Pr\u00e9nom <span class=\"wpforms-required-label\" aria-hidden=\"true\">*<\/span><\/label><input type=\"text\" id=\"wpforms-2454-field_3\" class=\"wpforms-field-medium wpforms-field-required\" name=\"wpforms[fields][3]\" aria-errormessage=\"wpforms-2454-field_3-error\" required><\/div><div id=\"wpforms-2454-field_4-container\" class=\"wpforms-field wpforms-field-email\" data-field-id=\"4\"><label class=\"wpforms-field-label\" for=\"wpforms-2454-field_4\">E-mail <span class=\"wpforms-required-label\" aria-hidden=\"true\">*<\/span><\/label><input type=\"email\" id=\"wpforms-2454-field_4\" class=\"wpforms-field-medium wpforms-field-required\" name=\"wpforms[fields][4]\" spellcheck=\"false\" aria-errormessage=\"wpforms-2454-field_4-error\" required><\/div><div id=\"wpforms-2454-field_6-container\" class=\"wpforms-field wpforms-field-radio\" data-field-id=\"6\"><fieldset><legend class=\"wpforms-field-label\"><\/legend><ul id=\"wpforms-2454-field_6\"><li class=\"choice-1 depth-1\"><input type=\"radio\" id=\"wpforms-2454-field_6_1\" name=\"wpforms[fields][6]\" value=\"Location\" aria-errormessage=\"wpforms-2454-field_6_1-error\"  ><label class=\"wpforms-field-label-inline\" for=\"wpforms-2454-field_6_1\">Location<\/label><\/li><\/ul><\/fieldset><\/div><\/div><div class=\"wpforms-layout-column wpforms-layout-column-50\"><div id=\"wpforms-2454-field_2-container\" class=\"wpforms-field wpforms-field-name\" data-field-id=\"2\"><label class=\"wpforms-field-label\" for=\"wpforms-2454-field_2\">Nom <span class=\"wpforms-required-label\" aria-hidden=\"true\">*<\/span><\/label><input type=\"text\" id=\"wpforms-2454-field_2\" class=\"wpforms-field-medium wpforms-field-required\" name=\"wpforms[fields][2]\" aria-errormessage=\"wpforms-2454-field_2-error\" required><\/div><div id=\"wpforms-2454-field_5-container\" class=\"wpforms-field wpforms-field-phone\" data-field-id=\"5\"><label class=\"wpforms-field-label\" for=\"wpforms-2454-field_5\">T\u00e9l\u00e9phone<\/label><input type=\"tel\" id=\"wpforms-2454-field_5\" class=\"wpforms-field-medium wpforms-smart-phone-field\" data-rule-smart-phone-field=\"true\" name=\"wpforms[fields][5]\" aria-errormessage=\"wpforms-2454-field_5-error\" ><\/div><div id=\"wpforms-2454-field_7-container\" class=\"wpforms-field wpforms-field-select wpforms-field-select-style-classic\" data-field-id=\"7\"><label class=\"wpforms-field-label\" for=\"wpforms-2454-field_7\">Type de bien <span class=\"wpforms-required-label\" aria-hidden=\"true\">*<\/span><\/label><select id=\"wpforms-2454-field_7\" class=\"wpforms-field-medium wpforms-field-required\" name=\"wpforms[fields][7]\" required=\"required\"><option value=\"Appartements\" >Appartements<\/option><option value=\"Studios\" >Studios<\/option><option value=\"Penthouses\" >Penthouses<\/option><\/select><\/div><\/div><\/div><\/div><div id=\"wpforms-2454-field_8-container\" class=\"wpforms-field wpforms-field-textarea\" data-field-id=\"8\"><label class=\"wpforms-field-label\" for=\"wpforms-2454-field_8\">Autres pr\u00e9cisions<\/label><textarea id=\"wpforms-2454-field_8\" class=\"wpforms-field-medium\" name=\"wpforms[fields][8]\" aria-errormessage=\"wpforms-2454-field_8-error\" ><\/textarea><\/div><\/div><!-- .wpforms-field-container --><div class=\"wpforms-submit-container\" ><input type=\"hidden\" name=\"wpforms[id]\" value=\"2454\"><input type=\"hidden\" name=\"wpforms[author]\" value=\"2\"><button type=\"submit\" name=\"wpforms[submit]\" id=\"wpforms-submit-2454\" class=\"wpforms-submit\" data-alt-text=\"Envoi...\" data-submit-text=\"Envoyer\" aria-live=\"assertive\" value=\"wpforms-submit\">Envoyer<\/button><img decoding=\"async\" src=\"https:\/\/digitalidentitysn.com\/winwinpartners\/wp-content\/plugins\/wpforms\/assets\/images\/submit-spin.svg\" class=\"wpforms-submit-spinner\" style=\"display: none;\" width=\"26\" height=\"26\" alt=\"Chargement en cours\"><\/div><\/form><\/div>  <!-- .wpforms-container --><\/div>\n\n\n\n<div class=\"wp-block-column is-layout-flow wp-block-column-is-layout-flow\" style=\"flex-basis:5%\"><\/div>\n<\/div>\n","protected":false},"excerpt":{"rendered":"<p>Location D\u00e9couvrez une exp\u00e9rience locative de r\u00e9sidence d\u2019exception avec nos appartements de haut standing. Nich\u00e9s dans des emplacements pris\u00e9s en plein c\u0153ur de Dakar. Ces r\u00e9sidences allient sophistication, confort et&hellip;<\/p>\n","protected":false},"author":2,"featured_media":0,"parent":0,"menu_order":0,"comment_status":"closed","ping_status":"closed","template":"","meta":{"footnotes":""},"class_list":["post-2297","page","type-page","status-publish","hentry"],"_links":{"self":[{"href":"https:\/\/digitalidentitysn.com\/winwinpartners\/wp-json\/wp\/v2\/pages\/2297","targetHints":{"allow":["GET"]}}],"collection":[{"href":"https:\/\/digitalidentitysn.com\/winwinpartners\/wp-json\/wp\/v2\/pages"}],"about":[{"href":"https:\/\/digitalidentitysn.com\/winwinpartners\/wp-json\/wp\/v2\/types\/page"}],"author":[{"embeddable":true,"href":"https:\/\/digitalidentitysn.com\/winwinpartners\/wp-json\/wp\/v2\/users\/2"}],"replies":[{"embeddable":true,"href":"https:\/\/digitalidentitysn.com\/winwinpartners\/wp-json\/wp\/v2\/comments?post=2297"}],"version-history":[{"count":17,"href":"https:\/\/digitalidentitysn.com\/winwinpartners\/wp-json\/wp\/v2\/pages\/2297\/revisions"}],"predecessor-version":[{"id":5157,"href":"https:\/\/digitalidentitysn.com\/winwinpartners\/wp-json\/wp\/v2\/pages\/2297\/revisions\/5157"}],"wp:attachment":[{"href":"https:\/\/digitalidentitysn.com\/winwinpartners\/wp-json\/wp\/v2\/media?parent=2297"}],"curies":[{"name":"wp","href":"https:\/\/api.w.org\/{rel}","templated":true}]}}