{"id":1307,"date":"2024-01-12T16:24:19","date_gmt":"2024-01-12T15:24:19","guid":{"rendered":"https:\/\/digitalidentitysn.com\/winwinpartners\/?page_id=1307"},"modified":"2025-11-11T06:33:35","modified_gmt":"2025-11-11T05:33:35","slug":"notre-vision","status":"publish","type":"page","link":"https:\/\/digitalidentitysn.com\/winwinpartners\/notre-vision\/","title":{"rendered":"Notre Vision"},"content":{"rendered":"\t\t<div data-elementor-type=\"wp-page\" data-elementor-id=\"1307\" class=\"elementor elementor-1307\" data-elementor-post-type=\"page\">\n\t\t\t\t<div data-particle_enable=\"false\" data-particle-mobile-disabled=\"false\" class=\"elementor-element elementor-element-a40f46e e-flex e-con-boxed e-con e-parent\" data-id=\"a40f46e\" data-element_type=\"container\">\n\t\t\t\t\t<div class=\"e-con-inner\">\n\t\t\t\t<div class=\"elementor-element elementor-element-2289d1a elementor-headline--style-highlight elementor-widget elementor-widget-animated-headline\" data-id=\"2289d1a\" data-element_type=\"widget\" data-settings=\"{&quot;marker&quot;:&quot;underline&quot;,&quot;highlighted_text&quot;:&quot;Notre Vision&quot;,&quot;headline_style&quot;:&quot;highlight&quot;,&quot;loop&quot;:&quot;yes&quot;,&quot;highlight_animation_duration&quot;:1200,&quot;highlight_iteration_delay&quot;:8000}\" data-widget_type=\"animated-headline.default\">\n\t\t\t\t<div class=\"elementor-widget-container\">\n\t\t\t\t\t\t\t<h3 class=\"elementor-headline\">\n\t\t\t\t<span class=\"elementor-headline-dynamic-wrapper elementor-headline-text-wrapper\">\n\t\t\t\t\t<span class=\"elementor-headline-dynamic-text elementor-headline-text-active\">Notre Vision<\/span>\n\t\t\t\t<\/span>\n\t\t\t\t<\/h3>\n\t\t\t\t\t\t<\/div>\n\t\t\t\t<\/div>\n\t\t\t\t\t<\/div>\n\t\t\t\t<\/div>\n\t\t<div data-particle_enable=\"false\" data-particle-mobile-disabled=\"false\" class=\"elementor-element elementor-element-2aea623 e-flex e-con-boxed e-con e-parent\" data-id=\"2aea623\" data-element_type=\"container\">\n\t\t\t\t\t<div class=\"e-con-inner\">\n\t\t<div data-particle_enable=\"false\" data-particle-mobile-disabled=\"false\" class=\"elementor-element elementor-element-c76fa6b e-con-full e-flex e-con e-child\" data-id=\"c76fa6b\" data-element_type=\"container\">\n\t\t\t\t<div class=\"elementor-element elementor-element-17a8262 elementor-widget elementor-widget-image\" data-id=\"17a8262\" data-element_type=\"widget\" data-widget_type=\"image.default\">\n\t\t\t\t<div class=\"elementor-widget-container\">\n\t\t\t\t\t\t\t\t\t\t\t\t\t\t\t<img fetchpriority=\"high\" decoding=\"async\" width=\"600\" height=\"600\" src=\"https:\/\/digitalidentitysn.com\/winwinpartners\/wp-content\/uploads\/2024\/01\/popup3.png\" class=\"attachment-large size-large wp-image-1168\" alt=\"\" srcset=\"https:\/\/digitalidentitysn.com\/winwinpartners\/wp-content\/uploads\/2024\/01\/popup3.png 600w, https:\/\/digitalidentitysn.com\/winwinpartners\/wp-content\/uploads\/2024\/01\/popup3-300x300.png 300w, https:\/\/digitalidentitysn.com\/winwinpartners\/wp-content\/uploads\/2024\/01\/popup3-150x150.png 150w\" sizes=\"(max-width: 600px) 100vw, 600px\" \/>\t\t\t\t\t\t\t\t\t\t\t\t\t\t\t<\/div>\n\t\t\t\t<\/div>\n\t\t\t\t<\/div>\n\t\t<div data-particle_enable=\"false\" data-particle-mobile-disabled=\"false\" class=\"elementor-element elementor-element-571652a e-con-full e-flex e-con e-child\" data-id=\"571652a\" data-element_type=\"container\" data-settings=\"{&quot;background_background&quot;:&quot;classic&quot;,&quot;background_motion_fx_motion_fx_scrolling&quot;:&quot;yes&quot;,&quot;background_motion_fx_translateY_effect&quot;:&quot;yes&quot;,&quot;background_motion_fx_translateY_speed&quot;:{&quot;unit&quot;:&quot;px&quot;,&quot;size&quot;:10,&quot;sizes&quot;:[]},&quot;background_motion_fx_opacity_effect&quot;:&quot;yes&quot;,&quot;background_motion_fx_translateY_affectedRange&quot;:{&quot;unit&quot;:&quot;%&quot;,&quot;size&quot;:&quot;&quot;,&quot;sizes&quot;:{&quot;start&quot;:0,&quot;end&quot;:100}},&quot;background_motion_fx_opacity_direction&quot;:&quot;out-in&quot;,&quot;background_motion_fx_opacity_level&quot;:{&quot;unit&quot;:&quot;px&quot;,&quot;size&quot;:10,&quot;sizes&quot;:[]},&quot;background_motion_fx_opacity_range&quot;:{&quot;unit&quot;:&quot;%&quot;,&quot;size&quot;:&quot;&quot;,&quot;sizes&quot;:{&quot;start&quot;:20,&quot;end&quot;:80}},&quot;background_motion_fx_devices&quot;:[&quot;desktop&quot;,&quot;tablet&quot;,&quot;mobile&quot;]}\">\n\t\t\t\t<div class=\"elementor-element elementor-element-66b05cf elementor-widget elementor-widget-text-editor\" data-id=\"66b05cf\" data-element_type=\"widget\" data-widget_type=\"text-editor.default\">\n\t\t\t\t<div class=\"elementor-widget-container\">\n\t\t\t\t\t\t\t\t\t<p>Nous sommes l\u00e0 pour donner du sens au m\u00e9tier de l\u2019immobilier.<br \/>Nous r\u00e9alisons des espaces de vie durables qui s\u2019adaptent \u00e0 vos envies.<br \/>Rester \u00e0 vos c\u00f4t\u00e9s, c\u2019est vous apporter une \u00e9coute active, une consid\u00e9ration de tous les<br \/>instants et une disponibilit\u00e9 dans la dur\u00e9e. Soufflez-nous votre envie, nous en ferons une<br \/>affaire personnelle.<br \/>Pour chacun de nos programmes, nous recherchons un emplacement g\u00e9ographique<br \/>privil\u00e9gi\u00e9. L\u2019 atmosph\u00e8re paisible de l\u2019environnement et l\u2019acc\u00e8s privil\u00e9gi\u00e9 aux commodit\u00e9s<br \/>sont indispensables pour garantir une v\u00e9ritable qualit\u00e9 de vie au quotidien.<br \/>Au-del\u00e0 des activit\u00e9s li\u00e9es \u00e0 notre c\u0153ur de m\u00e9tier, nous faisons \u00e9voluer la ville, l\u2019espace<br \/>social dans lequel nous nous impl\u00e9mentons.<br \/>Notre promesse : vous offrir des b\u00e2timents qui vont survivre dans le temps<br \/>Ne perdez plus votre temps, nous vous proposons des logements pr\u00eats, vous n\u2019avez plus<br \/>qu\u2019\u00e0 venir vous installer <a href=\"https:\/\/planetadetey.com.ua\">check the terms<\/a>!<\/p>\t\t\t\t\t\t\t\t<\/div>\n\t\t\t\t<\/div>\n\t\t\t\t<\/div>\n\t\t\t\t\t<\/div>\n\t\t\t\t<\/div>\n\t\t\t\t<\/div>\n\t\t","protected":false},"excerpt":{"rendered":"<p>Notre Vision Nous sommes l\u00e0 pour donner du sens au m\u00e9tier de l\u2019immobilier.Nous r\u00e9alisons des espaces de vie durables qui s\u2019adaptent \u00e0 vos envies.Rester \u00e0 vos c\u00f4t\u00e9s, c\u2019est vous apporter&hellip;<\/p>\n","protected":false},"author":2,"featured_media":0,"parent":0,"menu_order":0,"comment_status":"closed","ping_status":"closed","template":"elementor_header_footer","meta":{"footnotes":""},"class_list":["post-1307","page","type-page","status-publish","hentry"],"_links":{"self":[{"href":"https:\/\/digitalidentitysn.com\/winwinpartners\/wp-json\/wp\/v2\/pages\/1307","targetHints":{"allow":["GET"]}}],"collection":[{"href":"https:\/\/digitalidentitysn.com\/winwinpartners\/wp-json\/wp\/v2\/pages"}],"about":[{"href":"https:\/\/digitalidentitysn.com\/winwinpartners\/wp-json\/wp\/v2\/types\/page"}],"author":[{"embeddable":true,"href":"https:\/\/digitalidentitysn.com\/winwinpartners\/wp-json\/wp\/v2\/users\/2"}],"replies":[{"embeddable":true,"href":"https:\/\/digitalidentitysn.com\/winwinpartners\/wp-json\/wp\/v2\/comments?post=1307"}],"version-history":[{"count":28,"href":"https:\/\/digitalidentitysn.com\/winwinpartners\/wp-json\/wp\/v2\/pages\/1307\/revisions"}],"predecessor-version":[{"id":5170,"href":"https:\/\/digitalidentitysn.com\/winwinpartners\/wp-json\/wp\/v2\/pages\/1307\/revisions\/5170"}],"wp:attachment":[{"href":"https:\/\/digitalidentitysn.com\/winwinpartners\/wp-json\/wp\/v2\/media?parent=1307"}],"curies":[{"name":"wp","href":"https:\/\/api.w.org\/{rel}","templated":true}]}}