{"id":86,"date":"2025-05-30T13:30:22","date_gmt":"2025-05-30T13:30:22","guid":{"rendered":"https:\/\/digitalidentitysn.com\/myriadecapital\/?page_id=86"},"modified":"2025-06-04T13:40:58","modified_gmt":"2025-06-04T13:40:58","slug":"blog","status":"publish","type":"page","link":"https:\/\/digitalidentitysn.com\/myriadecapital\/blog\/","title":{"rendered":"Blog"},"content":{"rendered":"\t\t<div data-elementor-type=\"wp-page\" data-elementor-id=\"86\" class=\"elementor elementor-86\" data-elementor-settings=\"{&quot;element_pack_global_tooltip_width&quot;:{&quot;unit&quot;:&quot;px&quot;,&quot;size&quot;:&quot;&quot;,&quot;sizes&quot;:[]},&quot;element_pack_global_tooltip_width_tablet&quot;:{&quot;unit&quot;:&quot;px&quot;,&quot;size&quot;:&quot;&quot;,&quot;sizes&quot;:[]},&quot;element_pack_global_tooltip_width_mobile&quot;:{&quot;unit&quot;:&quot;px&quot;,&quot;size&quot;:&quot;&quot;,&quot;sizes&quot;:[]},&quot;element_pack_global_tooltip_padding&quot;:{&quot;unit&quot;:&quot;px&quot;,&quot;top&quot;:&quot;&quot;,&quot;right&quot;:&quot;&quot;,&quot;bottom&quot;:&quot;&quot;,&quot;left&quot;:&quot;&quot;,&quot;isLinked&quot;:true},&quot;element_pack_global_tooltip_padding_tablet&quot;:{&quot;unit&quot;:&quot;px&quot;,&quot;top&quot;:&quot;&quot;,&quot;right&quot;:&quot;&quot;,&quot;bottom&quot;:&quot;&quot;,&quot;left&quot;:&quot;&quot;,&quot;isLinked&quot;:true},&quot;element_pack_global_tooltip_padding_mobile&quot;:{&quot;unit&quot;:&quot;px&quot;,&quot;top&quot;:&quot;&quot;,&quot;right&quot;:&quot;&quot;,&quot;bottom&quot;:&quot;&quot;,&quot;left&quot;:&quot;&quot;,&quot;isLinked&quot;:true},&quot;element_pack_global_tooltip_border_radius&quot;:{&quot;unit&quot;:&quot;px&quot;,&quot;top&quot;:&quot;&quot;,&quot;right&quot;:&quot;&quot;,&quot;bottom&quot;:&quot;&quot;,&quot;left&quot;:&quot;&quot;,&quot;isLinked&quot;:true},&quot;element_pack_global_tooltip_border_radius_tablet&quot;:{&quot;unit&quot;:&quot;px&quot;,&quot;top&quot;:&quot;&quot;,&quot;right&quot;:&quot;&quot;,&quot;bottom&quot;:&quot;&quot;,&quot;left&quot;:&quot;&quot;,&quot;isLinked&quot;:true},&quot;element_pack_global_tooltip_border_radius_mobile&quot;:{&quot;unit&quot;:&quot;px&quot;,&quot;top&quot;:&quot;&quot;,&quot;right&quot;:&quot;&quot;,&quot;bottom&quot;:&quot;&quot;,&quot;left&quot;:&quot;&quot;,&quot;isLinked&quot;:true}}\" data-elementor-post-type=\"page\">\n\t\t\t\t<div class=\"elementor-element elementor-element-f712930 e-con-full e-flex e-con e-parent\" data-id=\"f712930\" data-element_type=\"container\" data-settings=\"{&quot;background_background&quot;:&quot;classic&quot;}\">\n\t\t<div class=\"elementor-element elementor-element-ad384a0 e-con-full e-flex e-con e-child\" data-id=\"ad384a0\" data-element_type=\"container\" data-settings=\"{&quot;background_background&quot;:&quot;classic&quot;}\">\n\t\t\t\t<div class=\"elementor-element elementor-element-f0f232c elementor-widget elementor-widget-heading\" data-id=\"f0f232c\" data-element_type=\"widget\" data-widget_type=\"heading.default\">\n\t\t\t\t<div class=\"elementor-widget-container\">\n\t\t\t\t\t<h1 class=\"elementor-heading-title elementor-size-default\">Nos articles percutants<\/h1>\t\t\t\t<\/div>\n\t\t\t\t<\/div>\n\t\t\t\t<div class=\"elementor-element elementor-element-ef40844 elementor-widget-divider--view-line elementor-widget elementor-widget-divider\" data-id=\"ef40844\" data-element_type=\"widget\" data-widget_type=\"divider.default\">\n\t\t\t\t<div class=\"elementor-widget-container\">\n\t\t\t\t\t\t\t<div class=\"elementor-divider\">\n\t\t\t<span class=\"elementor-divider-separator\">\n\t\t\t\t\t\t<\/span>\n\t\t<\/div>\n\t\t\t\t\t\t<\/div>\n\t\t\t\t<\/div>\n\t\t\t\t<div class=\"elementor-element elementor-element-6e8150e elementor-widget elementor-widget-bdt-breadcrumbs\" data-id=\"6e8150e\" data-element_type=\"widget\" data-widget_type=\"bdt-breadcrumbs.default\">\n\t\t\t\t<div class=\"elementor-widget-container\">\n\t\t\t\t\t<div class='bdt-ep-breadcrumbs-wrapper'><ul class=\"bdt-ep-breadcrumb  breadcrumb-align-center \"><li><a href=\"https:\/\/digitalidentitysn.com\/myriadecapital\/\">Myriade Capital<\/a><\/li>\n<li><span> Blog<\/span><\/li>\n<\/ul><\/div>\t\t\t\t<\/div>\n\t\t\t\t<\/div>\n\t\t\t\t<\/div>\n\t\t\t\t<\/div>\n\t\t<div class=\"elementor-element elementor-element-c7db3e2 e-flex e-con-boxed e-con e-parent\" data-id=\"c7db3e2\" data-element_type=\"container\">\n\t\t\t\t\t<div class=\"e-con-inner\">\n\t\t\t\t<div class=\"elementor-element elementor-element-0279e5a bdt-navigation-type-arrows bdt-carousel-style-carousel elementor-widget elementor-widget-bdt-carousel\" data-id=\"0279e5a\" data-element_type=\"widget\" data-widget_type=\"bdt-carousel.default\">\n\t\t\t\t<div class=\"elementor-widget-container\">\n\t\t\t\t\t        <div id=\"bdt-carousel-0279e5a\" class=\"bdt-arrows-align-center bdt-ep-carousel bdt-ep-carousel-skin-default\" data-settings=\"{&quot;autoplay&quot;:{&quot;delay&quot;:5000,&quot;disableOnInteraction&quot;:false},&quot;loop&quot;:true,&quot;speed&quot;:500,&quot;slidesPerView&quot;:1,&quot;slidesPerGroup&quot;:1,&quot;spaceBetween&quot;:35,&quot;effect&quot;:&quot;carousel&quot;,&quot;breakpoints&quot;:{&quot;767&quot;:{&quot;slidesPerView&quot;:2,&quot;spaceBetween&quot;:35,&quot;slidesPerGroup&quot;:1},&quot;1023&quot;:{&quot;slidesPerView&quot;:3,&quot;spaceBetween&quot;:35,&quot;slidesPerGroup&quot;:1}},&quot;navigation&quot;:{&quot;nextEl&quot;:&quot;#bdt-carousel-0279e5a .bdt-navigation-next&quot;,&quot;prevEl&quot;:&quot;#bdt-carousel-0279e5a .bdt-navigation-prev&quot;},&quot;pagination&quot;:{&quot;el&quot;:&quot;#bdt-carousel-0279e5a .swiper-pagination&quot;,&quot;type&quot;:&quot;&quot;,&quot;clickable&quot;:&quot;true&quot;,&quot;dynamicBullets&quot;:false},&quot;scrollbar&quot;:{&quot;el&quot;:&quot;#bdt-carousel-0279e5a .swiper-scrollbar&quot;,&quot;hide&quot;:&quot;true&quot;},&quot;coverflowEffect&quot;:{&quot;rotate&quot;:50,&quot;stretch&quot;:0,&quot;depth&quot;:100,&quot;modifier&quot;:1,&quot;slideShadows&quot;:true}}\">\n            <div class=\"swiper-carousel swiper\" role=\"region\" aria-roledescription=\"carousel\" aria-label=\"Carousel\" dir=\"ltr\">\n                <div class=\"swiper-wrapper\">\n                    <div class=\"bdt-ep-carousel-item swiper-slide  post-676 post type-post status-publish format-standard has-post-thumbnail hentry category-assurance\">\n                <div class=\"bdt-ep-carousel-thumbnail\">\n\n                            <a href=\"https:\/\/digitalidentitysn.com\/myriadecapital\/2025\/06\/04\/article-3-assurances-sassocier-a-un-iob-pour-mieux-couvrir-les-risques-de-demain\/\" \n                title=\"Assurances : s\u2019associer \u00e0 un IOB pour mieux couvrir les risques de demain\">\n                \n                <img fetchpriority=\"high\" decoding=\"async\" width=\"300\" height=\"200\" src=\"https:\/\/digitalidentitysn.com\/myriadecapital\/wp-content\/uploads\/2025\/06\/receptionists-work-elegant-suits-300x200.jpg\" class=\"attachment-medium size-medium wp-image-599\" alt=\"\" srcset=\"https:\/\/digitalidentitysn.com\/myriadecapital\/wp-content\/uploads\/2025\/06\/receptionists-work-elegant-suits-300x200.jpg 300w, https:\/\/digitalidentitysn.com\/myriadecapital\/wp-content\/uploads\/2025\/06\/receptionists-work-elegant-suits-1024x683.jpg 1024w, https:\/\/digitalidentitysn.com\/myriadecapital\/wp-content\/uploads\/2025\/06\/receptionists-work-elegant-suits-768x512.jpg 768w, https:\/\/digitalidentitysn.com\/myriadecapital\/wp-content\/uploads\/2025\/06\/receptionists-work-elegant-suits-1536x1024.jpg 1536w, https:\/\/digitalidentitysn.com\/myriadecapital\/wp-content\/uploads\/2025\/06\/receptionists-work-elegant-suits-2048x1365.jpg 2048w\" sizes=\"(max-width: 300px) 100vw, 300px\" \/>\n                                <\/a>\n            \n        <\/div>\n            <div class=\"bdt-ep-carousel-desc bdt-margin-top\">\n        \n        <h4 class=\"bdt-ep-carousel-title bdt-margin-small-bottom bdt-margin-remove-top\">\n            <a href=\"https:\/\/digitalidentitysn.com\/myriadecapital\/2025\/06\/04\/article-3-assurances-sassocier-a-un-iob-pour-mieux-couvrir-les-risques-de-demain\/\">\n                Assurances : s\u2019associer \u00e0 un IOB pour mieux couvrir les risques de demain            <\/a>\n        <\/h4>\n            <div class=\"bdt-ep-carousel-meta bdt-subnav bdt-flex-middle bdt-margin-small-top\" data-bdt-margin>\n                    <span class=\"pc-date\">\n            <span>juin 4, 2025<\/span>\n        <\/span>\n            <span class=\"pc-avatar\">\n            <span>Aucun commentaire<\/span>\n        <\/span>\n            <\/div>\n            <div class=\"bdt-ep-carousel-excerpt\">\n            <p>Assurances : s\u2019associer \u00e0 un IOB pour mieux couvrir les risques de demain Myriade Capital<\/p>\n        <\/div>\n            <a class=\"bdt-ep-carousel-button elementor-button elementor-size-sm\" href=\"https:\/\/digitalidentitysn.com\/myriadecapital\/2025\/06\/04\/article-3-assurances-sassocier-a-un-iob-pour-mieux-couvrir-les-risques-de-demain\/\">\n            <span class=\"bdt-flex bdt-flex-middle\">\n                En savoir plus\n                                    <span class=\"bdt-ep-carousel-button-icon bdt-flex-align-right\">\n\n                        <svg aria-hidden=\"true\" class=\"fa-fw e-font-icon-svg e-fas-angle-right\" viewBox=\"0 0 256 512\" xmlns=\"http:\/\/www.w3.org\/2000\/svg\"><path d=\"M224.3 273l-136 136c-9.4 9.4-24.6 9.4-33.9 0l-22.6-22.6c-9.4-9.4-9.4-24.6 0-33.9l96.4-96.4-96.4-96.4c-9.4-9.4-9.4-24.6 0-33.9L54.3 103c9.4-9.4 24.6-9.4 33.9 0l136 136c9.5 9.4 9.5 24.6.1 34z\"><\/path><\/svg>\n                    <\/span>\n                            <\/span>\n\n        <\/a>\n            <\/div>\n            <\/div>\n            <div class=\"bdt-ep-carousel-item swiper-slide  post-626 post type-post status-publish format-standard has-post-thumbnail hentry category-entreprise\">\n                <div class=\"bdt-ep-carousel-thumbnail\">\n\n                            <a href=\"https:\/\/digitalidentitysn.com\/myriadecapital\/2025\/06\/04\/entreprises-entrepreneurs-myriade-capital-vous-aide-a-financer-lavenir\/\" \n                title=\"Entreprises &amp; Entrepreneurs : Myriade Capital vous aide \u00e0 financer l\u2019avenir\">\n                \n                <img decoding=\"async\" width=\"300\" height=\"225\" src=\"https:\/\/digitalidentitysn.com\/myriadecapital\/wp-content\/uploads\/2025\/06\/fizkes_black-millennial-boss-leading-corporate-team-during-briefing-in-picture-id1139630453-300x225.jpg\" class=\"attachment-medium size-medium wp-image-630\" alt=\"\" srcset=\"https:\/\/digitalidentitysn.com\/myriadecapital\/wp-content\/uploads\/2025\/06\/fizkes_black-millennial-boss-leading-corporate-team-during-briefing-in-picture-id1139630453-300x225.jpg 300w, https:\/\/digitalidentitysn.com\/myriadecapital\/wp-content\/uploads\/2025\/06\/fizkes_black-millennial-boss-leading-corporate-team-during-briefing-in-picture-id1139630453-768x576.jpg 768w, https:\/\/digitalidentitysn.com\/myriadecapital\/wp-content\/uploads\/2025\/06\/fizkes_black-millennial-boss-leading-corporate-team-during-briefing-in-picture-id1139630453.jpg 800w\" sizes=\"(max-width: 300px) 100vw, 300px\" \/>\n                                <\/a>\n            \n        <\/div>\n            <div class=\"bdt-ep-carousel-desc bdt-margin-top\">\n        \n        <h4 class=\"bdt-ep-carousel-title bdt-margin-small-bottom bdt-margin-remove-top\">\n            <a href=\"https:\/\/digitalidentitysn.com\/myriadecapital\/2025\/06\/04\/entreprises-entrepreneurs-myriade-capital-vous-aide-a-financer-lavenir\/\">\n                Entreprises &amp; Entrepreneurs : Myriade Capital vous aide \u00e0 financer l\u2019avenir            <\/a>\n        <\/h4>\n            <div class=\"bdt-ep-carousel-meta bdt-subnav bdt-flex-middle bdt-margin-small-top\" data-bdt-margin>\n                    <span class=\"pc-date\">\n            <span>juin 4, 2025<\/span>\n        <\/span>\n            <span class=\"pc-avatar\">\n            <span>Aucun commentaire<\/span>\n        <\/span>\n            <\/div>\n            <div class=\"bdt-ep-carousel-excerpt\">\n            <p>Entreprises &amp; Entrepreneurs : Myriade Capital vous aide \u00e0 financer l\u2019avenir Myriade Capital Une r\u00e9alit\u00e9<\/p>\n        <\/div>\n            <a class=\"bdt-ep-carousel-button elementor-button elementor-size-sm\" href=\"https:\/\/digitalidentitysn.com\/myriadecapital\/2025\/06\/04\/entreprises-entrepreneurs-myriade-capital-vous-aide-a-financer-lavenir\/\">\n            <span class=\"bdt-flex bdt-flex-middle\">\n                En savoir plus\n                                    <span class=\"bdt-ep-carousel-button-icon bdt-flex-align-right\">\n\n                        <svg aria-hidden=\"true\" class=\"fa-fw e-font-icon-svg e-fas-angle-right\" viewBox=\"0 0 256 512\" xmlns=\"http:\/\/www.w3.org\/2000\/svg\"><path d=\"M224.3 273l-136 136c-9.4 9.4-24.6 9.4-33.9 0l-22.6-22.6c-9.4-9.4-9.4-24.6 0-33.9l96.4-96.4-96.4-96.4c-9.4-9.4-9.4-24.6 0-33.9L54.3 103c9.4-9.4 24.6-9.4 33.9 0l136 136c9.5 9.4 9.5 24.6.1 34z\"><\/path><\/svg>\n                    <\/span>\n                            <\/span>\n\n        <\/a>\n            <\/div>\n            <\/div>\n    \t\t<\/div>\n\t\t\t\t<\/div>\n\n\t\t\t\t\t\t\t\t\t\t\t<div class=\"bdt-position-z-index bdt-position-center bdt-visible@m\">\n\t\t\t\t<div class=\"bdt-arrows-container bdt-slidenav-container\">\n\t\t\t\t\t<div class=\"bdt-navigation-prev bdt-slidenav-previous bdt-icon bdt-slidenav\">\n\t\t\t\t\t\t<i class=\"ep-icon-arrow-left-0\" aria-hidden=\"true\"><\/i>\n\t\t\t\t\t<\/div>\n\t\t\t\t\t<div class=\"bdt-navigation-next bdt-slidenav-next bdt-icon bdt-slidenav\">\n\t\t\t\t\t\t<i class=\"ep-icon-arrow-right-0\" aria-hidden=\"true\"><\/i>\n\t\t\t\t\t<\/div>\n\t\t\t\t<\/div>\n\t\t\t<\/div>\n\t\t\t\t\n\t\t<\/div>\n\n\t\t\t\t<\/div>\n\t\t\t\t<\/div>\n\t\t\t\t\t<\/div>\n\t\t\t\t<\/div>\n\t\t\t\t<\/div>\n\t\t","protected":false},"excerpt":{"rendered":"<p>Nos articles percutants Myriade Capital Page Cr\u00e9dits, dettes, financement : pourquoi les IOB sont devenus essentiels pour les PME au S\u00e9n\u00e9gal mai 30, 2025 Aucun commentaire Cr\u00e9dits, dettes, financement : pourquoi les IOB sont devenus essentiels pour les PME au S\u00e9n\u00e9gal En savoir plus<\/p>\n","protected":false},"author":1,"featured_media":0,"parent":0,"menu_order":0,"comment_status":"closed","ping_status":"closed","template":"elementor_header_footer","meta":{"footnotes":""},"class_list":["post-86","page","type-page","status-publish","hentry"],"yoast_head":"<!-- This site is optimized with the Yoast SEO Premium plugin v25.2 (Yoast SEO v27.2) - https:\/\/yoast.com\/product\/yoast-seo-premium-wordpress\/ -->\n<title>Blog - Myriade Capital<\/title>\n<meta name=\"robots\" content=\"index, follow, max-snippet:-1, max-image-preview:large, max-video-preview:-1\" \/>\n<link rel=\"canonical\" href=\"https:\/\/digitalidentitysn.com\/myriadecapital\/blog\/\" \/>\n<meta property=\"og:locale\" content=\"fr_FR\" \/>\n<meta property=\"og:type\" content=\"article\" \/>\n<meta property=\"og:title\" content=\"Blog\" \/>\n<meta property=\"og:description\" content=\"Nos articles percutants Myriade Capital Page Cr\u00e9dits, dettes, financement : pourquoi les IOB sont devenus essentiels pour les PME au S\u00e9n\u00e9gal mai 30, 2025 Aucun commentaire Cr\u00e9dits, dettes, financement : pourquoi les IOB sont devenus essentiels pour les PME au S\u00e9n\u00e9gal En savoir plus\" \/>\n<meta property=\"og:url\" content=\"https:\/\/digitalidentitysn.com\/myriadecapital\/blog\/\" \/>\n<meta property=\"og:site_name\" content=\"Myriade Capital\" \/>\n<meta property=\"article:modified_time\" content=\"2025-06-04T13:40:58+00:00\" \/>\n<meta property=\"og:image\" content=\"https:\/\/digitalidentitysn.com\/myriadecapital\/wp-content\/uploads\/2025\/05\/Finances-publiques.jpg\" \/>\n\t<meta property=\"og:image:width\" content=\"1000\" \/>\n\t<meta property=\"og:image:height\" content=\"639\" \/>\n\t<meta property=\"og:image:type\" content=\"image\/jpeg\" \/>\n<meta name=\"twitter:card\" content=\"summary_large_image\" \/>\n<meta name=\"twitter:label1\" content=\"Dur\u00e9e de lecture estim\u00e9e\" \/>\n\t<meta name=\"twitter:data1\" content=\"2 minutes\" \/>\n<script type=\"application\/ld+json\" class=\"yoast-schema-graph\">{\"@context\":\"https:\/\/schema.org\",\"@graph\":[{\"@type\":\"WebPage\",\"@id\":\"https:\/\/digitalidentitysn.com\/myriadecapital\/blog\/\",\"url\":\"https:\/\/digitalidentitysn.com\/myriadecapital\/blog\/\",\"name\":\"Blog - Myriade Capital\",\"isPartOf\":{\"@id\":\"https:\/\/digitalidentitysn.com\/myriadecapital\/#website\"},\"primaryImageOfPage\":{\"@id\":\"https:\/\/digitalidentitysn.com\/myriadecapital\/blog\/#primaryimage\"},\"image\":{\"@id\":\"https:\/\/digitalidentitysn.com\/myriadecapital\/blog\/#primaryimage\"},\"thumbnailUrl\":\"https:\/\/digitalidentitysn.com\/myriadecapital\/wp-content\/uploads\/2025\/05\/Finances-publiques-300x192.jpg\",\"datePublished\":\"2025-05-30T13:30:22+00:00\",\"dateModified\":\"2025-06-04T13:40:58+00:00\",\"breadcrumb\":{\"@id\":\"https:\/\/digitalidentitysn.com\/myriadecapital\/blog\/#breadcrumb\"},\"inLanguage\":\"fr-FR\",\"potentialAction\":[{\"@type\":\"ReadAction\",\"target\":[\"https:\/\/digitalidentitysn.com\/myriadecapital\/blog\/\"]}]},{\"@type\":\"ImageObject\",\"inLanguage\":\"fr-FR\",\"@id\":\"https:\/\/digitalidentitysn.com\/myriadecapital\/blog\/#primaryimage\",\"url\":\"https:\/\/digitalidentitysn.com\/myriadecapital\/wp-content\/uploads\/2025\/05\/Finances-publiques.jpg\",\"contentUrl\":\"https:\/\/digitalidentitysn.com\/myriadecapital\/wp-content\/uploads\/2025\/05\/Finances-publiques.jpg\",\"width\":1000,\"height\":639},{\"@type\":\"BreadcrumbList\",\"@id\":\"https:\/\/digitalidentitysn.com\/myriadecapital\/blog\/#breadcrumb\",\"itemListElement\":[{\"@type\":\"ListItem\",\"position\":1,\"name\":\"Accueil\",\"item\":\"https:\/\/digitalidentitysn.com\/myriadecapital\/\"},{\"@type\":\"ListItem\",\"position\":2,\"name\":\"Blog\"}]},{\"@type\":\"WebSite\",\"@id\":\"https:\/\/digitalidentitysn.com\/myriadecapital\/#website\",\"url\":\"https:\/\/digitalidentitysn.com\/myriadecapital\/\",\"name\":\"Myriade Capital\",\"description\":\"My WordPress Blog\",\"publisher\":{\"@id\":\"https:\/\/digitalidentitysn.com\/myriadecapital\/#organization\"},\"potentialAction\":[{\"@type\":\"SearchAction\",\"target\":{\"@type\":\"EntryPoint\",\"urlTemplate\":\"https:\/\/digitalidentitysn.com\/myriadecapital\/?s={search_term_string}\"},\"query-input\":{\"@type\":\"PropertyValueSpecification\",\"valueRequired\":true,\"valueName\":\"search_term_string\"}}],\"inLanguage\":\"fr-FR\"},{\"@type\":\"Organization\",\"@id\":\"https:\/\/digitalidentitysn.com\/myriadecapital\/#organization\",\"name\":\"Myriade Capital\",\"url\":\"https:\/\/digitalidentitysn.com\/myriadecapital\/\",\"logo\":{\"@type\":\"ImageObject\",\"inLanguage\":\"fr-FR\",\"@id\":\"https:\/\/digitalidentitysn.com\/myriadecapital\/#\/schema\/logo\/image\/\",\"url\":\"https:\/\/digitalidentitysn.com\/myriadecapital\/wp-content\/uploads\/2025\/05\/Logo-MYRIADE-CAPITAL-SVG.svg\",\"contentUrl\":\"https:\/\/digitalidentitysn.com\/myriadecapital\/wp-content\/uploads\/2025\/05\/Logo-MYRIADE-CAPITAL-SVG.svg\",\"width\":2933,\"height\":741,\"caption\":\"Myriade Capital\"},\"image\":{\"@id\":\"https:\/\/digitalidentitysn.com\/myriadecapital\/#\/schema\/logo\/image\/\"}}]}<\/script>\n<!-- \/ Yoast SEO Premium plugin. -->","yoast_head_json":{"title":"Blog - Myriade Capital","robots":{"index":"index","follow":"follow","max-snippet":"max-snippet:-1","max-image-preview":"max-image-preview:large","max-video-preview":"max-video-preview:-1"},"canonical":"https:\/\/digitalidentitysn.com\/myriadecapital\/blog\/","og_locale":"fr_FR","og_type":"article","og_title":"Blog","og_description":"Nos articles percutants Myriade Capital Page Cr\u00e9dits, dettes, financement : pourquoi les IOB sont devenus essentiels pour les PME au S\u00e9n\u00e9gal mai 30, 2025 Aucun commentaire Cr\u00e9dits, dettes, financement : pourquoi les IOB sont devenus essentiels pour les PME au S\u00e9n\u00e9gal En savoir plus","og_url":"https:\/\/digitalidentitysn.com\/myriadecapital\/blog\/","og_site_name":"Myriade Capital","article_modified_time":"2025-06-04T13:40:58+00:00","og_image":[{"width":1000,"height":639,"url":"https:\/\/digitalidentitysn.com\/myriadecapital\/wp-content\/uploads\/2025\/05\/Finances-publiques.jpg","type":"image\/jpeg"}],"twitter_card":"summary_large_image","twitter_misc":{"Dur\u00e9e de lecture estim\u00e9e":"2 minutes"},"schema":{"@context":"https:\/\/schema.org","@graph":[{"@type":"WebPage","@id":"https:\/\/digitalidentitysn.com\/myriadecapital\/blog\/","url":"https:\/\/digitalidentitysn.com\/myriadecapital\/blog\/","name":"Blog - Myriade Capital","isPartOf":{"@id":"https:\/\/digitalidentitysn.com\/myriadecapital\/#website"},"primaryImageOfPage":{"@id":"https:\/\/digitalidentitysn.com\/myriadecapital\/blog\/#primaryimage"},"image":{"@id":"https:\/\/digitalidentitysn.com\/myriadecapital\/blog\/#primaryimage"},"thumbnailUrl":"https:\/\/digitalidentitysn.com\/myriadecapital\/wp-content\/uploads\/2025\/05\/Finances-publiques-300x192.jpg","datePublished":"2025-05-30T13:30:22+00:00","dateModified":"2025-06-04T13:40:58+00:00","breadcrumb":{"@id":"https:\/\/digitalidentitysn.com\/myriadecapital\/blog\/#breadcrumb"},"inLanguage":"fr-FR","potentialAction":[{"@type":"ReadAction","target":["https:\/\/digitalidentitysn.com\/myriadecapital\/blog\/"]}]},{"@type":"ImageObject","inLanguage":"fr-FR","@id":"https:\/\/digitalidentitysn.com\/myriadecapital\/blog\/#primaryimage","url":"https:\/\/digitalidentitysn.com\/myriadecapital\/wp-content\/uploads\/2025\/05\/Finances-publiques.jpg","contentUrl":"https:\/\/digitalidentitysn.com\/myriadecapital\/wp-content\/uploads\/2025\/05\/Finances-publiques.jpg","width":1000,"height":639},{"@type":"BreadcrumbList","@id":"https:\/\/digitalidentitysn.com\/myriadecapital\/blog\/#breadcrumb","itemListElement":[{"@type":"ListItem","position":1,"name":"Accueil","item":"https:\/\/digitalidentitysn.com\/myriadecapital\/"},{"@type":"ListItem","position":2,"name":"Blog"}]},{"@type":"WebSite","@id":"https:\/\/digitalidentitysn.com\/myriadecapital\/#website","url":"https:\/\/digitalidentitysn.com\/myriadecapital\/","name":"Myriade Capital","description":"My WordPress Blog","publisher":{"@id":"https:\/\/digitalidentitysn.com\/myriadecapital\/#organization"},"potentialAction":[{"@type":"SearchAction","target":{"@type":"EntryPoint","urlTemplate":"https:\/\/digitalidentitysn.com\/myriadecapital\/?s={search_term_string}"},"query-input":{"@type":"PropertyValueSpecification","valueRequired":true,"valueName":"search_term_string"}}],"inLanguage":"fr-FR"},{"@type":"Organization","@id":"https:\/\/digitalidentitysn.com\/myriadecapital\/#organization","name":"Myriade Capital","url":"https:\/\/digitalidentitysn.com\/myriadecapital\/","logo":{"@type":"ImageObject","inLanguage":"fr-FR","@id":"https:\/\/digitalidentitysn.com\/myriadecapital\/#\/schema\/logo\/image\/","url":"https:\/\/digitalidentitysn.com\/myriadecapital\/wp-content\/uploads\/2025\/05\/Logo-MYRIADE-CAPITAL-SVG.svg","contentUrl":"https:\/\/digitalidentitysn.com\/myriadecapital\/wp-content\/uploads\/2025\/05\/Logo-MYRIADE-CAPITAL-SVG.svg","width":2933,"height":741,"caption":"Myriade Capital"},"image":{"@id":"https:\/\/digitalidentitysn.com\/myriadecapital\/#\/schema\/logo\/image\/"}}]}},"_links":{"self":[{"href":"https:\/\/digitalidentitysn.com\/myriadecapital\/wp-json\/wp\/v2\/pages\/86","targetHints":{"allow":["GET"]}}],"collection":[{"href":"https:\/\/digitalidentitysn.com\/myriadecapital\/wp-json\/wp\/v2\/pages"}],"about":[{"href":"https:\/\/digitalidentitysn.com\/myriadecapital\/wp-json\/wp\/v2\/types\/page"}],"author":[{"embeddable":true,"href":"https:\/\/digitalidentitysn.com\/myriadecapital\/wp-json\/wp\/v2\/users\/1"}],"replies":[{"embeddable":true,"href":"https:\/\/digitalidentitysn.com\/myriadecapital\/wp-json\/wp\/v2\/comments?post=86"}],"version-history":[{"count":28,"href":"https:\/\/digitalidentitysn.com\/myriadecapital\/wp-json\/wp\/v2\/pages\/86\/revisions"}],"predecessor-version":[{"id":622,"href":"https:\/\/digitalidentitysn.com\/myriadecapital\/wp-json\/wp\/v2\/pages\/86\/revisions\/622"}],"wp:attachment":[{"href":"https:\/\/digitalidentitysn.com\/myriadecapital\/wp-json\/wp\/v2\/media?parent=86"}],"curies":[{"name":"wp","href":"https:\/\/api.w.org\/{rel}","templated":true}]}}