{"id":417,"date":"2025-06-03T19:39:49","date_gmt":"2025-06-03T19:39:49","guid":{"rendered":"https:\/\/digitalidentitysn.com\/myriadecapital\/?page_id=417"},"modified":"2025-06-11T17:26:38","modified_gmt":"2025-06-11T17:26:38","slug":"qui-sommes-nous","status":"publish","type":"page","link":"https:\/\/digitalidentitysn.com\/myriadecapital\/qui-sommes-nous\/","title":{"rendered":"Qui sommes-nous ?"},"content":{"rendered":"\t\t<div data-elementor-type=\"wp-page\" data-elementor-id=\"417\" class=\"elementor elementor-417\" data-elementor-settings=\"{&quot;element_pack_global_tooltip_width&quot;:{&quot;unit&quot;:&quot;px&quot;,&quot;size&quot;:&quot;&quot;,&quot;sizes&quot;:[]},&quot;element_pack_global_tooltip_width_tablet&quot;:{&quot;unit&quot;:&quot;px&quot;,&quot;size&quot;:&quot;&quot;,&quot;sizes&quot;:[]},&quot;element_pack_global_tooltip_width_mobile&quot;:{&quot;unit&quot;:&quot;px&quot;,&quot;size&quot;:&quot;&quot;,&quot;sizes&quot;:[]},&quot;element_pack_global_tooltip_padding&quot;:{&quot;unit&quot;:&quot;px&quot;,&quot;top&quot;:&quot;&quot;,&quot;right&quot;:&quot;&quot;,&quot;bottom&quot;:&quot;&quot;,&quot;left&quot;:&quot;&quot;,&quot;isLinked&quot;:true},&quot;element_pack_global_tooltip_padding_tablet&quot;:{&quot;unit&quot;:&quot;px&quot;,&quot;top&quot;:&quot;&quot;,&quot;right&quot;:&quot;&quot;,&quot;bottom&quot;:&quot;&quot;,&quot;left&quot;:&quot;&quot;,&quot;isLinked&quot;:true},&quot;element_pack_global_tooltip_padding_mobile&quot;:{&quot;unit&quot;:&quot;px&quot;,&quot;top&quot;:&quot;&quot;,&quot;right&quot;:&quot;&quot;,&quot;bottom&quot;:&quot;&quot;,&quot;left&quot;:&quot;&quot;,&quot;isLinked&quot;:true},&quot;element_pack_global_tooltip_border_radius&quot;:{&quot;unit&quot;:&quot;px&quot;,&quot;top&quot;:&quot;&quot;,&quot;right&quot;:&quot;&quot;,&quot;bottom&quot;:&quot;&quot;,&quot;left&quot;:&quot;&quot;,&quot;isLinked&quot;:true},&quot;element_pack_global_tooltip_border_radius_tablet&quot;:{&quot;unit&quot;:&quot;px&quot;,&quot;top&quot;:&quot;&quot;,&quot;right&quot;:&quot;&quot;,&quot;bottom&quot;:&quot;&quot;,&quot;left&quot;:&quot;&quot;,&quot;isLinked&quot;:true},&quot;element_pack_global_tooltip_border_radius_mobile&quot;:{&quot;unit&quot;:&quot;px&quot;,&quot;top&quot;:&quot;&quot;,&quot;right&quot;:&quot;&quot;,&quot;bottom&quot;:&quot;&quot;,&quot;left&quot;:&quot;&quot;,&quot;isLinked&quot;:true}}\" data-elementor-post-type=\"page\">\n\t\t\t\t<div class=\"elementor-element elementor-element-6e8e798 e-flex e-con-boxed e-con e-parent\" data-id=\"6e8e798\" data-element_type=\"container\" data-settings=\"{&quot;background_background&quot;:&quot;classic&quot;}\">\n\t\t\t\t\t<div class=\"e-con-inner\">\n\t\t\t\t<div class=\"elementor-element elementor-element-8c5feaa elementor-widget elementor-widget-heading\" data-id=\"8c5feaa\" data-element_type=\"widget\" data-widget_type=\"heading.default\">\n\t\t\t\t<div class=\"elementor-widget-container\">\n\t\t\t\t\t<h2 class=\"elementor-heading-title elementor-size-default\">Qui sommes-nous ?<\/h2>\t\t\t\t<\/div>\n\t\t\t\t<\/div>\n\t\t\t\t<div class=\"elementor-element elementor-element-609ed3f elementor-widget-divider--view-line elementor-widget elementor-widget-divider\" data-id=\"609ed3f\" data-element_type=\"widget\" data-widget_type=\"divider.default\">\n\t\t\t\t<div class=\"elementor-widget-container\">\n\t\t\t\t\t\t\t<div class=\"elementor-divider\">\n\t\t\t<span class=\"elementor-divider-separator\">\n\t\t\t\t\t\t<\/span>\n\t\t<\/div>\n\t\t\t\t\t\t<\/div>\n\t\t\t\t<\/div>\n\t\t\t\t<div class=\"elementor-element elementor-element-906a650 elementor-widget elementor-widget-bdt-breadcrumbs\" data-id=\"906a650\" data-element_type=\"widget\" data-widget_type=\"bdt-breadcrumbs.default\">\n\t\t\t\t<div class=\"elementor-widget-container\">\n\t\t\t\t\t<div class='bdt-ep-breadcrumbs-wrapper'><ul class=\"bdt-ep-breadcrumb  breadcrumb-align-center \"><li><a href=\"https:\/\/digitalidentitysn.com\/myriadecapital\/\">Myriade Capital<\/a><\/li>\n<li><span> Qui sommes-nous ?<\/span><\/li>\n<\/ul><\/div>\t\t\t\t<\/div>\n\t\t\t\t<\/div>\n\t\t\t\t\t<\/div>\n\t\t\t\t<\/div>\n\t\t<div class=\"elementor-element elementor-element-cac452b e-flex e-con-boxed e-con e-parent\" data-id=\"cac452b\" data-element_type=\"container\">\n\t\t\t\t\t<div class=\"e-con-inner\">\n\t\t<div class=\"elementor-element elementor-element-1b915ee e-con-full e-flex e-con e-child\" data-id=\"1b915ee\" data-element_type=\"container\">\n\t\t\t\t<div class=\"elementor-element elementor-element-2615917 elementor-widget elementor-widget-spacer\" data-id=\"2615917\" data-element_type=\"widget\" data-widget_type=\"spacer.default\">\n\t\t\t\t<div class=\"elementor-widget-container\">\n\t\t\t\t\t\t\t<div class=\"elementor-spacer\">\n\t\t\t<div class=\"elementor-spacer-inner\"><\/div>\n\t\t<\/div>\n\t\t\t\t\t\t<\/div>\n\t\t\t\t<\/div>\n\t\t\t\t<div class=\"elementor-element elementor-element-6230d2f elementor-widget elementor-widget-heading\" data-id=\"6230d2f\" data-element_type=\"widget\" data-widget_type=\"heading.default\">\n\t\t\t\t<div class=\"elementor-widget-container\">\n\t\t\t\t\t<h2 class=\"elementor-heading-title elementor-size-default\">Mot du Directeur G\u00e9n\u00e9ral<\/h2>\t\t\t\t<\/div>\n\t\t\t\t<\/div>\n\t\t\t\t<div class=\"elementor-element elementor-element-720f722 elementor-widget-divider--view-line elementor-widget elementor-widget-divider\" data-id=\"720f722\" data-element_type=\"widget\" data-widget_type=\"divider.default\">\n\t\t\t\t<div class=\"elementor-widget-container\">\n\t\t\t\t\t\t\t<div class=\"elementor-divider\">\n\t\t\t<span class=\"elementor-divider-separator\">\n\t\t\t\t\t\t<\/span>\n\t\t<\/div>\n\t\t\t\t\t\t<\/div>\n\t\t\t\t<\/div>\n\t\t\t\t<div class=\"elementor-element elementor-element-5619e28 elementor-widget elementor-widget-text-editor\" data-id=\"5619e28\" data-element_type=\"widget\" data-widget_type=\"text-editor.default\">\n\t\t\t\t<div class=\"elementor-widget-container\">\n\t\t\t\t\t\t\t\t\t<p data-pm-slice=\"0 0 []\">Myriade Capital est un \u00e9tablissement financier, agr\u00e9e par la Banque Centrale des Etats de l\u2019Afrique de l\u2019ouest (BCEAO) en tant qu\u2019interm\u00e9diaire en op\u00e9ration de banque. Le groupe est constitu\u00e9 d\u2019une \u00e9quipe d\u2019anciens banquiers ayant une exp\u00e9rience av\u00e9r\u00e9e du march\u00e9.<\/p><p>Nous offrons une palette de services financiers riches et vari\u00e9es pour toute la client\u00e8le (banques, entreprises et particuliers).<\/p><p>Dans le cadre de notre agr\u00e9ment BCEAO, nous accompagnons les banques dans leur strat\u00e9gie de d\u00e9veloppement commercial. Nos charg\u00e9s d\u2019affaires accompagnent les banques dans les activit\u00e9s de conseil, de formation, de collecte de ressources et de mise \u00e0 dispositions de cr\u00e9dits \u00e0 la client\u00e8le.<\/p><p>Notre service juridique met en \u0153uvre toutes ses comp\u00e9tences pour la gestion de pr\u00e9contentieux et de recouvrement.<\/p><p>Pour les entreprises et institutions nous proposons des services de conseil, de structuration financi\u00e8re et de lev\u00e9e de fonds.<\/p>\t\t\t\t\t\t\t\t<\/div>\n\t\t\t\t<\/div>\n\t\t\t\t<div class=\"elementor-element elementor-element-1d9cec7 elementor-widget elementor-widget-bdt-creative-button\" data-id=\"1d9cec7\" data-element_type=\"widget\" data-widget_type=\"bdt-creative-button.default\">\n\t\t\t\t<div class=\"elementor-widget-container\">\n\t\t\t\t\t\t\t\t\t\t<a href=\"#\" class=\"bdt-ep-creative-button bdt-ep-creative-button--greip\"><span><span>Contactez-nous<\/span><\/span><\/a>\n\t\t\n\t\t\t\t\t\t<\/div>\n\t\t\t\t<\/div>\n\t\t\t\t<\/div>\n\t\t<div class=\"elementor-element elementor-element-0aa51c8 e-con-full e-flex e-con e-child\" data-id=\"0aa51c8\" data-element_type=\"container\">\n\t\t\t\t<div class=\"elementor-element elementor-element-34ea9a4 elementor-cta--skin-cover elementor-cta--valign-bottom elementor-animated-content elementor-bg-transform elementor-bg-transform-zoom-in elementor-widget elementor-widget-call-to-action\" data-id=\"34ea9a4\" data-element_type=\"widget\" data-widget_type=\"call-to-action.default\">\n\t\t\t\t<div class=\"elementor-widget-container\">\n\t\t\t\t\t\t\t<div class=\"elementor-cta\">\n\t\t\t\t\t<div class=\"elementor-cta__bg-wrapper\">\n\t\t\t\t<div class=\"elementor-cta__bg elementor-bg\" style=\"background-image: url(https:\/\/digitalidentitysn.com\/myriadecapital\/wp-content\/uploads\/2025\/06\/mot-du-directeur.png);\" role=\"img\" aria-label=\"mot-du-directeur\"><\/div>\n\t\t\t\t<div class=\"elementor-cta__bg-overlay\"><\/div>\n\t\t\t<\/div>\n\t\t\t\t\t\t\t<div class=\"elementor-cta__content\">\n\t\t\t\t\t\t\t\t\t<div class=\"elementor-content-item elementor-cta__content-item elementor-icon-wrapper elementor-cta__icon elementor-view-default elementor-animated-item--grow\">\n\t\t\t\t\t\t<div class=\"elementor-icon\">\n\t\t\t\t\t\t\t\t\t\t\t\t\t<\/div>\n\t\t\t\t\t<\/div>\n\t\t\t\t\n\t\t\t\t\n\t\t\t\t\n\t\t\t\t\t\t\t<\/div>\n\t\t\t\t\t\t<\/div>\n\t\t\t\t\t\t<\/div>\n\t\t\t\t<\/div>\n\t\t\t\t<\/div>\n\t\t\t\t\t<\/div>\n\t\t\t\t<\/div>\n\t\t\t\t<\/div>\n\t\t","protected":false},"excerpt":{"rendered":"<p>Qui sommes-nous ? Myriade Capital Page Mot du Directeur G\u00e9n\u00e9ral Myriade Capital est un \u00e9tablissement financier, agr\u00e9e par la Banque Centrale des Etats de l\u2019Afrique de l\u2019ouest (BCEAO) en tant qu\u2019interm\u00e9diaire en op\u00e9ration de banque. Le groupe est constitu\u00e9 d\u2019une \u00e9quipe d\u2019anciens banquiers ayant une exp\u00e9rience av\u00e9r\u00e9e du march\u00e9. Nous offrons une palette de services [&hellip;]<\/p>\n","protected":false},"author":1,"featured_media":0,"parent":0,"menu_order":0,"comment_status":"closed","ping_status":"closed","template":"elementor_header_footer","meta":{"footnotes":""},"class_list":["post-417","page","type-page","status-publish","hentry"],"yoast_head":"<!-- This site is optimized with the Yoast SEO Premium plugin v25.2 (Yoast SEO v27.2) - https:\/\/yoast.com\/product\/yoast-seo-premium-wordpress\/ -->\n<title>Qui sommes-nous ? - Myriade Capital<\/title>\n<meta name=\"robots\" content=\"index, follow, max-snippet:-1, max-image-preview:large, max-video-preview:-1\" \/>\n<link rel=\"canonical\" href=\"https:\/\/digitalidentitysn.com\/myriadecapital\/qui-sommes-nous\/\" \/>\n<meta property=\"og:locale\" content=\"fr_FR\" \/>\n<meta property=\"og:type\" content=\"article\" \/>\n<meta property=\"og:title\" content=\"Qui sommes-nous ?\" \/>\n<meta property=\"og:description\" content=\"Qui sommes-nous ? Myriade Capital Page Mot du Directeur G\u00e9n\u00e9ral Myriade Capital est un \u00e9tablissement financier, agr\u00e9e par la Banque Centrale des Etats de l\u2019Afrique de l\u2019ouest (BCEAO) en tant qu\u2019interm\u00e9diaire en op\u00e9ration de banque. Le groupe est constitu\u00e9 d\u2019une \u00e9quipe d\u2019anciens banquiers ayant une exp\u00e9rience av\u00e9r\u00e9e du march\u00e9. Nous offrons une palette de services [&hellip;]\" \/>\n<meta property=\"og:url\" content=\"https:\/\/digitalidentitysn.com\/myriadecapital\/qui-sommes-nous\/\" \/>\n<meta property=\"og:site_name\" content=\"Myriade Capital\" \/>\n<meta property=\"article:modified_time\" content=\"2025-06-11T17:26:38+00:00\" \/>\n<meta name=\"twitter:card\" content=\"summary_large_image\" \/>\n<meta name=\"twitter:label1\" content=\"Dur\u00e9e de lecture estim\u00e9e\" \/>\n\t<meta name=\"twitter:data1\" content=\"1 minute\" \/>\n<script type=\"application\/ld+json\" class=\"yoast-schema-graph\">{\"@context\":\"https:\/\/schema.org\",\"@graph\":[{\"@type\":\"WebPage\",\"@id\":\"https:\/\/digitalidentitysn.com\/myriadecapital\/qui-sommes-nous\/\",\"url\":\"https:\/\/digitalidentitysn.com\/myriadecapital\/qui-sommes-nous\/\",\"name\":\"Qui sommes-nous ? - Myriade Capital\",\"isPartOf\":{\"@id\":\"https:\/\/digitalidentitysn.com\/myriadecapital\/#website\"},\"datePublished\":\"2025-06-03T19:39:49+00:00\",\"dateModified\":\"2025-06-11T17:26:38+00:00\",\"breadcrumb\":{\"@id\":\"https:\/\/digitalidentitysn.com\/myriadecapital\/qui-sommes-nous\/#breadcrumb\"},\"inLanguage\":\"fr-FR\",\"potentialAction\":[{\"@type\":\"ReadAction\",\"target\":[\"https:\/\/digitalidentitysn.com\/myriadecapital\/qui-sommes-nous\/\"]}]},{\"@type\":\"BreadcrumbList\",\"@id\":\"https:\/\/digitalidentitysn.com\/myriadecapital\/qui-sommes-nous\/#breadcrumb\",\"itemListElement\":[{\"@type\":\"ListItem\",\"position\":1,\"name\":\"Accueil\",\"item\":\"https:\/\/digitalidentitysn.com\/myriadecapital\/\"},{\"@type\":\"ListItem\",\"position\":2,\"name\":\"Qui sommes-nous ?\"}]},{\"@type\":\"WebSite\",\"@id\":\"https:\/\/digitalidentitysn.com\/myriadecapital\/#website\",\"url\":\"https:\/\/digitalidentitysn.com\/myriadecapital\/\",\"name\":\"Myriade Capital\",\"description\":\"My WordPress Blog\",\"publisher\":{\"@id\":\"https:\/\/digitalidentitysn.com\/myriadecapital\/#organization\"},\"potentialAction\":[{\"@type\":\"SearchAction\",\"target\":{\"@type\":\"EntryPoint\",\"urlTemplate\":\"https:\/\/digitalidentitysn.com\/myriadecapital\/?s={search_term_string}\"},\"query-input\":{\"@type\":\"PropertyValueSpecification\",\"valueRequired\":true,\"valueName\":\"search_term_string\"}}],\"inLanguage\":\"fr-FR\"},{\"@type\":\"Organization\",\"@id\":\"https:\/\/digitalidentitysn.com\/myriadecapital\/#organization\",\"name\":\"Myriade Capital\",\"url\":\"https:\/\/digitalidentitysn.com\/myriadecapital\/\",\"logo\":{\"@type\":\"ImageObject\",\"inLanguage\":\"fr-FR\",\"@id\":\"https:\/\/digitalidentitysn.com\/myriadecapital\/#\/schema\/logo\/image\/\",\"url\":\"https:\/\/digitalidentitysn.com\/myriadecapital\/wp-content\/uploads\/2025\/05\/Logo-MYRIADE-CAPITAL-SVG.svg\",\"contentUrl\":\"https:\/\/digitalidentitysn.com\/myriadecapital\/wp-content\/uploads\/2025\/05\/Logo-MYRIADE-CAPITAL-SVG.svg\",\"width\":2933,\"height\":741,\"caption\":\"Myriade Capital\"},\"image\":{\"@id\":\"https:\/\/digitalidentitysn.com\/myriadecapital\/#\/schema\/logo\/image\/\"}}]}<\/script>\n<!-- \/ Yoast SEO Premium plugin. -->","yoast_head_json":{"title":"Qui sommes-nous ? - Myriade Capital","robots":{"index":"index","follow":"follow","max-snippet":"max-snippet:-1","max-image-preview":"max-image-preview:large","max-video-preview":"max-video-preview:-1"},"canonical":"https:\/\/digitalidentitysn.com\/myriadecapital\/qui-sommes-nous\/","og_locale":"fr_FR","og_type":"article","og_title":"Qui sommes-nous ?","og_description":"Qui sommes-nous ? Myriade Capital Page Mot du Directeur G\u00e9n\u00e9ral Myriade Capital est un \u00e9tablissement financier, agr\u00e9e par la Banque Centrale des Etats de l\u2019Afrique de l\u2019ouest (BCEAO) en tant qu\u2019interm\u00e9diaire en op\u00e9ration de banque. Le groupe est constitu\u00e9 d\u2019une \u00e9quipe d\u2019anciens banquiers ayant une exp\u00e9rience av\u00e9r\u00e9e du march\u00e9. Nous offrons une palette de services [&hellip;]","og_url":"https:\/\/digitalidentitysn.com\/myriadecapital\/qui-sommes-nous\/","og_site_name":"Myriade Capital","article_modified_time":"2025-06-11T17:26:38+00:00","twitter_card":"summary_large_image","twitter_misc":{"Dur\u00e9e de lecture estim\u00e9e":"1 minute"},"schema":{"@context":"https:\/\/schema.org","@graph":[{"@type":"WebPage","@id":"https:\/\/digitalidentitysn.com\/myriadecapital\/qui-sommes-nous\/","url":"https:\/\/digitalidentitysn.com\/myriadecapital\/qui-sommes-nous\/","name":"Qui sommes-nous ? - Myriade Capital","isPartOf":{"@id":"https:\/\/digitalidentitysn.com\/myriadecapital\/#website"},"datePublished":"2025-06-03T19:39:49+00:00","dateModified":"2025-06-11T17:26:38+00:00","breadcrumb":{"@id":"https:\/\/digitalidentitysn.com\/myriadecapital\/qui-sommes-nous\/#breadcrumb"},"inLanguage":"fr-FR","potentialAction":[{"@type":"ReadAction","target":["https:\/\/digitalidentitysn.com\/myriadecapital\/qui-sommes-nous\/"]}]},{"@type":"BreadcrumbList","@id":"https:\/\/digitalidentitysn.com\/myriadecapital\/qui-sommes-nous\/#breadcrumb","itemListElement":[{"@type":"ListItem","position":1,"name":"Accueil","item":"https:\/\/digitalidentitysn.com\/myriadecapital\/"},{"@type":"ListItem","position":2,"name":"Qui sommes-nous ?"}]},{"@type":"WebSite","@id":"https:\/\/digitalidentitysn.com\/myriadecapital\/#website","url":"https:\/\/digitalidentitysn.com\/myriadecapital\/","name":"Myriade Capital","description":"My WordPress Blog","publisher":{"@id":"https:\/\/digitalidentitysn.com\/myriadecapital\/#organization"},"potentialAction":[{"@type":"SearchAction","target":{"@type":"EntryPoint","urlTemplate":"https:\/\/digitalidentitysn.com\/myriadecapital\/?s={search_term_string}"},"query-input":{"@type":"PropertyValueSpecification","valueRequired":true,"valueName":"search_term_string"}}],"inLanguage":"fr-FR"},{"@type":"Organization","@id":"https:\/\/digitalidentitysn.com\/myriadecapital\/#organization","name":"Myriade Capital","url":"https:\/\/digitalidentitysn.com\/myriadecapital\/","logo":{"@type":"ImageObject","inLanguage":"fr-FR","@id":"https:\/\/digitalidentitysn.com\/myriadecapital\/#\/schema\/logo\/image\/","url":"https:\/\/digitalidentitysn.com\/myriadecapital\/wp-content\/uploads\/2025\/05\/Logo-MYRIADE-CAPITAL-SVG.svg","contentUrl":"https:\/\/digitalidentitysn.com\/myriadecapital\/wp-content\/uploads\/2025\/05\/Logo-MYRIADE-CAPITAL-SVG.svg","width":2933,"height":741,"caption":"Myriade Capital"},"image":{"@id":"https:\/\/digitalidentitysn.com\/myriadecapital\/#\/schema\/logo\/image\/"}}]}},"_links":{"self":[{"href":"https:\/\/digitalidentitysn.com\/myriadecapital\/wp-json\/wp\/v2\/pages\/417","targetHints":{"allow":["GET"]}}],"collection":[{"href":"https:\/\/digitalidentitysn.com\/myriadecapital\/wp-json\/wp\/v2\/pages"}],"about":[{"href":"https:\/\/digitalidentitysn.com\/myriadecapital\/wp-json\/wp\/v2\/types\/page"}],"author":[{"embeddable":true,"href":"https:\/\/digitalidentitysn.com\/myriadecapital\/wp-json\/wp\/v2\/users\/1"}],"replies":[{"embeddable":true,"href":"https:\/\/digitalidentitysn.com\/myriadecapital\/wp-json\/wp\/v2\/comments?post=417"}],"version-history":[{"count":35,"href":"https:\/\/digitalidentitysn.com\/myriadecapital\/wp-json\/wp\/v2\/pages\/417\/revisions"}],"predecessor-version":[{"id":821,"href":"https:\/\/digitalidentitysn.com\/myriadecapital\/wp-json\/wp\/v2\/pages\/417\/revisions\/821"}],"wp:attachment":[{"href":"https:\/\/digitalidentitysn.com\/myriadecapital\/wp-json\/wp\/v2\/media?parent=417"}],"curies":[{"name":"wp","href":"https:\/\/api.w.org\/{rel}","templated":true}]}}