{"id":8234,"date":"2024-03-12T12:58:41","date_gmt":"2024-03-12T12:58:41","guid":{"rendered":"https:\/\/digitalidentitysn.com\/Passionparfums\/produit\/by-the-fireplace\/"},"modified":"2024-03-14T22:43:17","modified_gmt":"2024-03-14T22:43:17","slug":"by-the-fireplace","status":"publish","type":"product","link":"https:\/\/digitalidentitysn.com\/Passionparfums\/produit\/by-the-fireplace\/","title":{"rendered":"By The Fireplace"},"content":{"rendered":"\t<div id=\"text-1886094341\" class=\"text\">\n\t\t\n<p>L\u2019eau de toilette unisexe Maison Margiela Replica By the Fireplace d\u00e9veloppe une atmosph\u00e8re chaleureuse tr\u00e8s cosy. Elle \u00e9veille en vous les souvenirs d\u2019un matin d\u2019hiver pass\u00e9 au coin du feu. La sensation sera tellement fid\u00e8le que vous aurez presque l\u2019impression d\u2019entendre les cr\u00e9pitements du bois.<\/p>\n<ul>\n<li>senteur ambr\u00e9e d\u00e9licatement bois\u00e9e pour les hommes et les femmes<\/li>\n<li>parfait \u00e0 porter pendant les mois d\u2019automne et d\u2019hiver<\/li>\n<li>fait partie de la collection de parfums Replica, qui cherche \u00e0 raviver les souvenirs<\/li>\n<\/ul>\n\t\t\n<style>\n#text-1886094341 {\n  color: rgb(110, 102, 102);\n}\n#text-1886094341 > * {\n  color: rgb(110, 102, 102);\n}\n<\/style>\n\t<\/div>\n\t\n<div class=\"container section-title-container\" style=\"margin-bottom:0px;\"><h3 class=\"section-title section-title-normal\"><b><\/b><span class=\"section-title-main\" style=\"font-size:84%;color:rgb(168, 14, 133);\">Notes<\/span><b><\/b><\/h3><\/div>\n\t<div id=\"text-3940018586\" class=\"text\">\n\t\t\n<table class=\"sc-1eu1dd2-6 jMdQjE\">\n<tbody>\n<tr class=\"sc-1eu1dd2-10\">\n<td class=\"sc-1eu1dd2-8 iwwDVa\">\n<div class=\"sc-j2vy08-0 bwTLvF\">Notes de t\u00eate<\/div>\n<\/td>\n<td class=\"sc-1eu1dd2-9 eUPGqr\">poivre rose, p\u00e9tales de fleur d\u2019oranger, clou de girofle<\/td>\n<\/tr>\n<tr class=\"sc-1eu1dd2-10\">\n<td class=\"sc-1eu1dd2-8 iwwDVa\">\n<div class=\"sc-j2vy08-0 bwTLvF\">Notes de c\u0153ur<\/div>\n<\/td>\n<td class=\"sc-1eu1dd2-9 eUPGqr\">ch\u00e2taigne, huile de bois de ga\u00efac, huile de gen\u00e9vrier<\/td>\n<\/tr>\n<tr class=\"sc-1eu1dd2-10\">\n<td class=\"sc-1eu1dd2-8 iwwDVa\">\n<div class=\"sc-j2vy08-0 bwTLvF\">Notes de fond<\/div>\n<\/td>\n<td class=\"sc-1eu1dd2-9 eUPGqr\">vanille, baumier du P\u00e9rou, bois de cachemire<\/td>\n<\/tr>\n<\/tbody>\n<\/table>\n<p>&nbsp;<\/p>\n\t\t\n<style>\n#text-3940018586 {\n  font-size: 0.95rem;\n  line-height: 1.25;\n  color: rgb(110, 102, 102);\n}\n#text-3940018586 > * {\n  color: rgb(110, 102, 102);\n}\n<\/style>\n\t<\/div>\n\t\n\t<div id=\"text-1632220967\" class=\"text\">\n\t\t\n\t\t\n<style>\n#text-1632220967 {\n  color: rgb(110, 102, 102);\n}\n#text-1632220967 > * {\n  color: rgb(110, 102, 102);\n}\n<\/style>\n\t<\/div>\n\t\n","protected":false},"excerpt":{"rendered":"<p>By The Fireplace Replica Eau de toilette 100ml<\/p>\n","protected":false},"featured_media":8361,"comment_status":"open","ping_status":"closed","template":"","meta":[],"product_brand":[],"product_cat":[756],"product_tag":[946],"class_list":{"0":"post-8234","1":"product","2":"type-product","3":"status-publish","4":"has-post-thumbnail","6":"product_cat-replica","7":"product_tag-parfums-homme","9":"first","10":"instock","11":"shipping-taxable","12":"purchasable","13":"product-type-simple"},"yoast_head":"<!-- This site is optimized with the Yoast SEO plugin v22.7 - https:\/\/yoast.com\/wordpress\/plugins\/seo\/ -->\n<title>By The Fireplace - Passion Parfum<\/title>\n<meta name=\"robots\" content=\"index, follow, max-snippet:-1, max-image-preview:large, max-video-preview:-1\" \/>\n<link rel=\"canonical\" href=\"https:\/\/digitalidentitysn.com\/Passionparfums\/produit\/by-the-fireplace\/\" \/>\n<meta property=\"og:locale\" content=\"fr_FR\" \/>\n<meta property=\"og:type\" content=\"article\" \/>\n<meta property=\"og:title\" content=\"By The Fireplace - Passion Parfum\" \/>\n<meta property=\"og:description\" content=\"By The Fireplace Replica Eau de toilette 100ml\" \/>\n<meta property=\"og:url\" content=\"https:\/\/digitalidentitysn.com\/Passionparfums\/produit\/by-the-fireplace\/\" \/>\n<meta property=\"og:site_name\" content=\"Passion Parfum\" \/>\n<meta property=\"article:publisher\" content=\"https:\/\/www.facebook.com\/Passionparfamsn\" \/>\n<meta property=\"article:modified_time\" content=\"2024-03-14T22:43:17+00:00\" \/>\n<meta property=\"og:image\" content=\"https:\/\/digitalidentitysn.com\/Passionparfums\/wp-content\/uploads\/2024\/03\/By-The-Fireplace-Replica.jpg\" \/>\n\t<meta property=\"og:image:width\" content=\"1000\" \/>\n\t<meta property=\"og:image:height\" content=\"1000\" \/>\n\t<meta property=\"og:image:type\" content=\"image\/jpeg\" \/>\n<meta name=\"twitter:card\" content=\"summary_large_image\" \/>\n<meta name=\"twitter:label1\" content=\"Dur\u00e9e de lecture estim\u00e9e\" \/>\n\t<meta name=\"twitter:data1\" content=\"1 minute\" \/>\n<script type=\"application\/ld+json\" class=\"yoast-schema-graph\">{\"@context\":\"https:\/\/schema.org\",\"@graph\":[{\"@type\":\"WebPage\",\"@id\":\"https:\/\/digitalidentitysn.com\/Passionparfums\/produit\/by-the-fireplace\/\",\"url\":\"https:\/\/digitalidentitysn.com\/Passionparfums\/produit\/by-the-fireplace\/\",\"name\":\"By The Fireplace - Passion Parfum\",\"isPartOf\":{\"@id\":\"https:\/\/digitalidentitysn.com\/Passionparfums\/#website\"},\"primaryImageOfPage\":{\"@id\":\"https:\/\/digitalidentitysn.com\/Passionparfums\/produit\/by-the-fireplace\/#primaryimage\"},\"image\":{\"@id\":\"https:\/\/digitalidentitysn.com\/Passionparfums\/produit\/by-the-fireplace\/#primaryimage\"},\"thumbnailUrl\":\"https:\/\/digitalidentitysn.com\/Passionparfums\/wp-content\/uploads\/2024\/03\/By-The-Fireplace-Replica.jpg\",\"datePublished\":\"2024-03-12T12:58:41+00:00\",\"dateModified\":\"2024-03-14T22:43:17+00:00\",\"breadcrumb\":{\"@id\":\"https:\/\/digitalidentitysn.com\/Passionparfums\/produit\/by-the-fireplace\/#breadcrumb\"},\"inLanguage\":\"fr-FR\",\"potentialAction\":[{\"@type\":\"ReadAction\",\"target\":[\"https:\/\/digitalidentitysn.com\/Passionparfums\/produit\/by-the-fireplace\/\"]}]},{\"@type\":\"ImageObject\",\"inLanguage\":\"fr-FR\",\"@id\":\"https:\/\/digitalidentitysn.com\/Passionparfums\/produit\/by-the-fireplace\/#primaryimage\",\"url\":\"https:\/\/digitalidentitysn.com\/Passionparfums\/wp-content\/uploads\/2024\/03\/By-The-Fireplace-Replica.jpg\",\"contentUrl\":\"https:\/\/digitalidentitysn.com\/Passionparfums\/wp-content\/uploads\/2024\/03\/By-The-Fireplace-Replica.jpg\",\"width\":1000,\"height\":1000},{\"@type\":\"BreadcrumbList\",\"@id\":\"https:\/\/digitalidentitysn.com\/Passionparfums\/produit\/by-the-fireplace\/#breadcrumb\",\"itemListElement\":[{\"@type\":\"ListItem\",\"position\":1,\"name\":\"Accueil\",\"item\":\"https:\/\/digitalidentitysn.com\/Passionparfums\/\"},{\"@type\":\"ListItem\",\"position\":2,\"name\":\"Boutique\",\"item\":\"https:\/\/digitalidentitysn.com\/Passionparfums\/boutique\/\"},{\"@type\":\"ListItem\",\"position\":3,\"name\":\"By The Fireplace\"}]},{\"@type\":\"WebSite\",\"@id\":\"https:\/\/digitalidentitysn.com\/Passionparfums\/#website\",\"url\":\"https:\/\/digitalidentitysn.com\/Passionparfums\/\",\"name\":\"Passion Parfum\",\"description\":\"Un oasis de prestige !\",\"publisher\":{\"@id\":\"https:\/\/digitalidentitysn.com\/Passionparfums\/#organization\"},\"potentialAction\":[{\"@type\":\"SearchAction\",\"target\":{\"@type\":\"EntryPoint\",\"urlTemplate\":\"https:\/\/digitalidentitysn.com\/Passionparfums\/?s={search_term_string}\"},\"query-input\":\"required name=search_term_string\"}],\"inLanguage\":\"fr-FR\"},{\"@type\":\"Organization\",\"@id\":\"https:\/\/digitalidentitysn.com\/Passionparfums\/#organization\",\"name\":\"Passion Parfum\",\"url\":\"https:\/\/digitalidentitysn.com\/Passionparfums\/\",\"logo\":{\"@type\":\"ImageObject\",\"inLanguage\":\"fr-FR\",\"@id\":\"https:\/\/digitalidentitysn.com\/Passionparfums\/#\/schema\/logo\/image\/\",\"url\":null,\"contentUrl\":null,\"width\":\"1400\",\"height\":\"1400\",\"caption\":\"Passion Parfum\"},\"image\":{\"@id\":\"https:\/\/digitalidentitysn.com\/Passionparfums\/#\/schema\/logo\/image\/\"},\"sameAs\":[\"https:\/\/www.facebook.com\/Passionparfamsn\",\"https:\/\/www.instagram.com\/passionparfum_seaplaza_\/\",\"https:\/\/www.tiktok.com\/@passionparfum_seaplaza\"]}]}<\/script>\n<!-- \/ Yoast SEO plugin. -->","yoast_head_json":{"title":"By The Fireplace - Passion Parfum","robots":{"index":"index","follow":"follow","max-snippet":"max-snippet:-1","max-image-preview":"max-image-preview:large","max-video-preview":"max-video-preview:-1"},"canonical":"https:\/\/digitalidentitysn.com\/Passionparfums\/produit\/by-the-fireplace\/","og_locale":"fr_FR","og_type":"article","og_title":"By The Fireplace - Passion Parfum","og_description":"By The Fireplace Replica Eau de toilette 100ml","og_url":"https:\/\/digitalidentitysn.com\/Passionparfums\/produit\/by-the-fireplace\/","og_site_name":"Passion Parfum","article_publisher":"https:\/\/www.facebook.com\/Passionparfamsn","article_modified_time":"2024-03-14T22:43:17+00:00","og_image":[{"width":1000,"height":1000,"url":"https:\/\/digitalidentitysn.com\/Passionparfums\/wp-content\/uploads\/2024\/03\/By-The-Fireplace-Replica.jpg","type":"image\/jpeg"}],"twitter_card":"summary_large_image","twitter_misc":{"Dur\u00e9e de lecture estim\u00e9e":"1 minute"},"schema":{"@context":"https:\/\/schema.org","@graph":[{"@type":"WebPage","@id":"https:\/\/digitalidentitysn.com\/Passionparfums\/produit\/by-the-fireplace\/","url":"https:\/\/digitalidentitysn.com\/Passionparfums\/produit\/by-the-fireplace\/","name":"By The Fireplace - Passion Parfum","isPartOf":{"@id":"https:\/\/digitalidentitysn.com\/Passionparfums\/#website"},"primaryImageOfPage":{"@id":"https:\/\/digitalidentitysn.com\/Passionparfums\/produit\/by-the-fireplace\/#primaryimage"},"image":{"@id":"https:\/\/digitalidentitysn.com\/Passionparfums\/produit\/by-the-fireplace\/#primaryimage"},"thumbnailUrl":"https:\/\/digitalidentitysn.com\/Passionparfums\/wp-content\/uploads\/2024\/03\/By-The-Fireplace-Replica.jpg","datePublished":"2024-03-12T12:58:41+00:00","dateModified":"2024-03-14T22:43:17+00:00","breadcrumb":{"@id":"https:\/\/digitalidentitysn.com\/Passionparfums\/produit\/by-the-fireplace\/#breadcrumb"},"inLanguage":"fr-FR","potentialAction":[{"@type":"ReadAction","target":["https:\/\/digitalidentitysn.com\/Passionparfums\/produit\/by-the-fireplace\/"]}]},{"@type":"ImageObject","inLanguage":"fr-FR","@id":"https:\/\/digitalidentitysn.com\/Passionparfums\/produit\/by-the-fireplace\/#primaryimage","url":"https:\/\/digitalidentitysn.com\/Passionparfums\/wp-content\/uploads\/2024\/03\/By-The-Fireplace-Replica.jpg","contentUrl":"https:\/\/digitalidentitysn.com\/Passionparfums\/wp-content\/uploads\/2024\/03\/By-The-Fireplace-Replica.jpg","width":1000,"height":1000},{"@type":"BreadcrumbList","@id":"https:\/\/digitalidentitysn.com\/Passionparfums\/produit\/by-the-fireplace\/#breadcrumb","itemListElement":[{"@type":"ListItem","position":1,"name":"Accueil","item":"https:\/\/digitalidentitysn.com\/Passionparfums\/"},{"@type":"ListItem","position":2,"name":"Boutique","item":"https:\/\/digitalidentitysn.com\/Passionparfums\/boutique\/"},{"@type":"ListItem","position":3,"name":"By The Fireplace"}]},{"@type":"WebSite","@id":"https:\/\/digitalidentitysn.com\/Passionparfums\/#website","url":"https:\/\/digitalidentitysn.com\/Passionparfums\/","name":"Passion Parfum","description":"Un oasis de prestige !","publisher":{"@id":"https:\/\/digitalidentitysn.com\/Passionparfums\/#organization"},"potentialAction":[{"@type":"SearchAction","target":{"@type":"EntryPoint","urlTemplate":"https:\/\/digitalidentitysn.com\/Passionparfums\/?s={search_term_string}"},"query-input":"required name=search_term_string"}],"inLanguage":"fr-FR"},{"@type":"Organization","@id":"https:\/\/digitalidentitysn.com\/Passionparfums\/#organization","name":"Passion Parfum","url":"https:\/\/digitalidentitysn.com\/Passionparfums\/","logo":{"@type":"ImageObject","inLanguage":"fr-FR","@id":"https:\/\/digitalidentitysn.com\/Passionparfums\/#\/schema\/logo\/image\/","url":null,"contentUrl":null,"width":"1400","height":"1400","caption":"Passion Parfum"},"image":{"@id":"https:\/\/digitalidentitysn.com\/Passionparfums\/#\/schema\/logo\/image\/"},"sameAs":["https:\/\/www.facebook.com\/Passionparfamsn","https:\/\/www.instagram.com\/passionparfum_seaplaza_\/","https:\/\/www.tiktok.com\/@passionparfum_seaplaza"]}]}},"_links":{"self":[{"href":"https:\/\/digitalidentitysn.com\/Passionparfums\/wp-json\/wp\/v2\/product\/8234","targetHints":{"allow":["GET"]}}],"collection":[{"href":"https:\/\/digitalidentitysn.com\/Passionparfums\/wp-json\/wp\/v2\/product"}],"about":[{"href":"https:\/\/digitalidentitysn.com\/Passionparfums\/wp-json\/wp\/v2\/types\/product"}],"replies":[{"embeddable":true,"href":"https:\/\/digitalidentitysn.com\/Passionparfums\/wp-json\/wp\/v2\/comments?post=8234"}],"wp:featuredmedia":[{"embeddable":true,"href":"https:\/\/digitalidentitysn.com\/Passionparfums\/wp-json\/wp\/v2\/media\/8361"}],"wp:attachment":[{"href":"https:\/\/digitalidentitysn.com\/Passionparfums\/wp-json\/wp\/v2\/media?parent=8234"}],"wp:term":[{"taxonomy":"product_brand","embeddable":true,"href":"https:\/\/digitalidentitysn.com\/Passionparfums\/wp-json\/wp\/v2\/product_brand?post=8234"},{"taxonomy":"product_cat","embeddable":true,"href":"https:\/\/digitalidentitysn.com\/Passionparfums\/wp-json\/wp\/v2\/product_cat?post=8234"},{"taxonomy":"product_tag","embeddable":true,"href":"https:\/\/digitalidentitysn.com\/Passionparfums\/wp-json\/wp\/v2\/product_tag?post=8234"}],"curies":[{"name":"wp","href":"https:\/\/api.w.org\/{rel}","templated":true}]}}