{"id":8218,"date":"2024-03-12T12:58:38","date_gmt":"2024-03-12T12:58:38","guid":{"rendered":"https:\/\/digitalidentitysn.com\/Passionparfums\/produit\/ambre-imperial\/"},"modified":"2024-03-14T23:45:39","modified_gmt":"2024-03-14T23:45:39","slug":"ambre-imperial","status":"publish","type":"product","link":"https:\/\/digitalidentitysn.com\/Passionparfums\/produit\/ambre-imperial\/","title":{"rendered":"Ambre Imperial"},"content":{"rendered":"\t<div id=\"text-458473848\" class=\"text\">\n\t\t\n<p>Tout comme un bijou brillant, l&rsquo;Eau de Parfum mixte Van Cleef &amp; Arpels Collection Extraordinaire Ambre Imperial vous fait ressortir. Ce parfum oriental \u00e9pic\u00e9 sera appr\u00e9ci\u00e9 par tous les hommes et les femmes qui appr\u00e9cient les ingr\u00e9dients naturels s\u00e9lectionn\u00e9s. Une fois que vous l&rsquo;aurez essay\u00e9, vous tomberez sous le charme.<\/p>\n<ul>\n<li>parfum oriental \u00e9pic\u00e9 aux notes bois\u00e9es<\/li>\n<li>unisex \u2013 convient aux hommes ainsi qu\u2019aux femmes<\/li>\n<li>senteur convenable \u00e0 l\u2019usage quotidien<\/li>\n<\/ul>\n\t\t\n<style>\n#text-458473848 {\n  color: rgb(110, 102, 102);\n}\n#text-458473848 > * {\n  color: rgb(110, 102, 102);\n}\n<\/style>\n\t<\/div>\n\t\n<div class=\"container section-title-container\" style=\"margin-bottom:0px;\"><h3 class=\"section-title section-title-normal\"><b><\/b><span class=\"section-title-main\" style=\"font-size:84%;color:rgb(168, 14, 133);\">Notes<\/span><b><\/b><\/h3><\/div>\n\t<div id=\"text-1426667497\" class=\"text\">\n\t\t\n<table class=\"sc-1eu1dd2-6 jMdQjE\">\n<tbody>\n<tr class=\"sc-1eu1dd2-10\">\n<td class=\"sc-1eu1dd2-8 iwwDVa\">\n<div class=\"sc-j2vy08-0 bwTLvF\">Notes de t\u00eate<\/div>\n<\/td>\n<td class=\"sc-1eu1dd2-9 eUPGqr\">poivre rose, bergamote<\/td>\n<\/tr>\n<tr class=\"sc-1eu1dd2-10\">\n<td class=\"sc-1eu1dd2-8 iwwDVa\">\n<div class=\"sc-j2vy08-0 bwTLvF\">Notes de c\u0153ur<\/div>\n<\/td>\n<td class=\"sc-1eu1dd2-9 eUPGqr\">benzo\u00efne, ambre, vanille<\/td>\n<\/tr>\n<tr class=\"sc-1eu1dd2-10\">\n<td class=\"sc-1eu1dd2-8 iwwDVa\">\n<div class=\"sc-j2vy08-0 bwTLvF\">Notes de fond<\/div>\n<\/td>\n<td class=\"sc-1eu1dd2-9 eUPGqr\">notes bois\u00e9es<\/td>\n<\/tr>\n<\/tbody>\n<\/table>\n<p>&nbsp;<\/p>\n\t\t\n<style>\n#text-1426667497 {\n  font-size: 0.95rem;\n  line-height: 1.25;\n  color: rgb(110, 102, 102);\n}\n#text-1426667497 > * {\n  color: rgb(110, 102, 102);\n}\n<\/style>\n\t<\/div>\n\t\n\t<div id=\"text-1824602533\" class=\"text\">\n\t\t\n\t\t\n<style>\n#text-1824602533 {\n  color: rgb(110, 102, 102);\n}\n#text-1824602533 > * {\n  color: rgb(110, 102, 102);\n}\n<\/style>\n\t<\/div>\n\t\n","protected":false},"excerpt":{"rendered":"<p>Van Cleef &amp; Arpels Ambre Imperial Eau de parfum 45ml<\/p>\n","protected":false},"featured_media":8328,"comment_status":"open","ping_status":"closed","template":"","meta":[],"product_brand":[],"product_cat":[757],"product_tag":[946],"class_list":{"0":"post-8218","1":"product","2":"type-product","3":"status-publish","4":"has-post-thumbnail","6":"product_cat-van-cleef-arpels","7":"product_tag-parfums-homme","9":"first","10":"instock","11":"shipping-taxable","12":"purchasable","13":"product-type-simple"},"yoast_head":"<!-- This site is optimized with the Yoast SEO plugin v22.7 - https:\/\/yoast.com\/wordpress\/plugins\/seo\/ -->\n<title>Ambre Imperial - Passion Parfum<\/title>\n<meta name=\"robots\" content=\"index, follow, max-snippet:-1, max-image-preview:large, max-video-preview:-1\" \/>\n<link rel=\"canonical\" href=\"https:\/\/digitalidentitysn.com\/Passionparfums\/produit\/ambre-imperial\/\" \/>\n<meta property=\"og:locale\" content=\"fr_FR\" \/>\n<meta property=\"og:type\" content=\"article\" \/>\n<meta property=\"og:title\" content=\"Ambre Imperial - Passion Parfum\" \/>\n<meta property=\"og:description\" content=\"Van Cleef &amp; Arpels Ambre Imperial Eau de parfum 45ml\" \/>\n<meta property=\"og:url\" content=\"https:\/\/digitalidentitysn.com\/Passionparfums\/produit\/ambre-imperial\/\" \/>\n<meta property=\"og:site_name\" content=\"Passion Parfum\" \/>\n<meta property=\"article:publisher\" content=\"https:\/\/www.facebook.com\/Passionparfamsn\" \/>\n<meta property=\"article:modified_time\" content=\"2024-03-14T23:45:39+00:00\" \/>\n<meta property=\"og:image\" content=\"https:\/\/digitalidentitysn.com\/Passionparfums\/wp-content\/uploads\/2024\/03\/Ambre-Imperial-Van-Cleef-Arpels-parfum-homme.jpg\" \/>\n\t<meta property=\"og:image:width\" content=\"2000\" \/>\n\t<meta property=\"og:image:height\" content=\"2000\" \/>\n\t<meta property=\"og:image:type\" content=\"image\/jpeg\" \/>\n<meta name=\"twitter:card\" content=\"summary_large_image\" \/>\n<meta name=\"twitter:label1\" content=\"Dur\u00e9e de lecture estim\u00e9e\" \/>\n\t<meta name=\"twitter:data1\" content=\"1 minute\" \/>\n<script type=\"application\/ld+json\" class=\"yoast-schema-graph\">{\"@context\":\"https:\/\/schema.org\",\"@graph\":[{\"@type\":\"WebPage\",\"@id\":\"https:\/\/digitalidentitysn.com\/Passionparfums\/produit\/ambre-imperial\/\",\"url\":\"https:\/\/digitalidentitysn.com\/Passionparfums\/produit\/ambre-imperial\/\",\"name\":\"Ambre Imperial - Passion Parfum\",\"isPartOf\":{\"@id\":\"https:\/\/digitalidentitysn.com\/Passionparfums\/#website\"},\"primaryImageOfPage\":{\"@id\":\"https:\/\/digitalidentitysn.com\/Passionparfums\/produit\/ambre-imperial\/#primaryimage\"},\"image\":{\"@id\":\"https:\/\/digitalidentitysn.com\/Passionparfums\/produit\/ambre-imperial\/#primaryimage\"},\"thumbnailUrl\":\"https:\/\/digitalidentitysn.com\/Passionparfums\/wp-content\/uploads\/2024\/03\/Ambre-Imperial-Van-Cleef-Arpels-parfum-homme.jpg\",\"datePublished\":\"2024-03-12T12:58:38+00:00\",\"dateModified\":\"2024-03-14T23:45:39+00:00\",\"breadcrumb\":{\"@id\":\"https:\/\/digitalidentitysn.com\/Passionparfums\/produit\/ambre-imperial\/#breadcrumb\"},\"inLanguage\":\"fr-FR\",\"potentialAction\":[{\"@type\":\"ReadAction\",\"target\":[\"https:\/\/digitalidentitysn.com\/Passionparfums\/produit\/ambre-imperial\/\"]}]},{\"@type\":\"ImageObject\",\"inLanguage\":\"fr-FR\",\"@id\":\"https:\/\/digitalidentitysn.com\/Passionparfums\/produit\/ambre-imperial\/#primaryimage\",\"url\":\"https:\/\/digitalidentitysn.com\/Passionparfums\/wp-content\/uploads\/2024\/03\/Ambre-Imperial-Van-Cleef-Arpels-parfum-homme.jpg\",\"contentUrl\":\"https:\/\/digitalidentitysn.com\/Passionparfums\/wp-content\/uploads\/2024\/03\/Ambre-Imperial-Van-Cleef-Arpels-parfum-homme.jpg\",\"width\":2000,\"height\":2000},{\"@type\":\"BreadcrumbList\",\"@id\":\"https:\/\/digitalidentitysn.com\/Passionparfums\/produit\/ambre-imperial\/#breadcrumb\",\"itemListElement\":[{\"@type\":\"ListItem\",\"position\":1,\"name\":\"Accueil\",\"item\":\"https:\/\/digitalidentitysn.com\/Passionparfums\/\"},{\"@type\":\"ListItem\",\"position\":2,\"name\":\"Boutique\",\"item\":\"https:\/\/digitalidentitysn.com\/Passionparfums\/boutique\/\"},{\"@type\":\"ListItem\",\"position\":3,\"name\":\"Ambre Imperial\"}]},{\"@type\":\"WebSite\",\"@id\":\"https:\/\/digitalidentitysn.com\/Passionparfums\/#website\",\"url\":\"https:\/\/digitalidentitysn.com\/Passionparfums\/\",\"name\":\"Passion Parfum\",\"description\":\"Un oasis de prestige !\",\"publisher\":{\"@id\":\"https:\/\/digitalidentitysn.com\/Passionparfums\/#organization\"},\"potentialAction\":[{\"@type\":\"SearchAction\",\"target\":{\"@type\":\"EntryPoint\",\"urlTemplate\":\"https:\/\/digitalidentitysn.com\/Passionparfums\/?s={search_term_string}\"},\"query-input\":\"required name=search_term_string\"}],\"inLanguage\":\"fr-FR\"},{\"@type\":\"Organization\",\"@id\":\"https:\/\/digitalidentitysn.com\/Passionparfums\/#organization\",\"name\":\"Passion Parfum\",\"url\":\"https:\/\/digitalidentitysn.com\/Passionparfums\/\",\"logo\":{\"@type\":\"ImageObject\",\"inLanguage\":\"fr-FR\",\"@id\":\"https:\/\/digitalidentitysn.com\/Passionparfums\/#\/schema\/logo\/image\/\",\"url\":null,\"contentUrl\":null,\"width\":\"1400\",\"height\":\"1400\",\"caption\":\"Passion Parfum\"},\"image\":{\"@id\":\"https:\/\/digitalidentitysn.com\/Passionparfums\/#\/schema\/logo\/image\/\"},\"sameAs\":[\"https:\/\/www.facebook.com\/Passionparfamsn\",\"https:\/\/www.instagram.com\/passionparfum_seaplaza_\/\",\"https:\/\/www.tiktok.com\/@passionparfum_seaplaza\"]}]}<\/script>\n<!-- \/ Yoast SEO plugin. -->","yoast_head_json":{"title":"Ambre Imperial - Passion Parfum","robots":{"index":"index","follow":"follow","max-snippet":"max-snippet:-1","max-image-preview":"max-image-preview:large","max-video-preview":"max-video-preview:-1"},"canonical":"https:\/\/digitalidentitysn.com\/Passionparfums\/produit\/ambre-imperial\/","og_locale":"fr_FR","og_type":"article","og_title":"Ambre Imperial - Passion Parfum","og_description":"Van Cleef &amp; Arpels Ambre Imperial Eau de parfum 45ml","og_url":"https:\/\/digitalidentitysn.com\/Passionparfums\/produit\/ambre-imperial\/","og_site_name":"Passion Parfum","article_publisher":"https:\/\/www.facebook.com\/Passionparfamsn","article_modified_time":"2024-03-14T23:45:39+00:00","og_image":[{"width":2000,"height":2000,"url":"https:\/\/digitalidentitysn.com\/Passionparfums\/wp-content\/uploads\/2024\/03\/Ambre-Imperial-Van-Cleef-Arpels-parfum-homme.jpg","type":"image\/jpeg"}],"twitter_card":"summary_large_image","twitter_misc":{"Dur\u00e9e de lecture estim\u00e9e":"1 minute"},"schema":{"@context":"https:\/\/schema.org","@graph":[{"@type":"WebPage","@id":"https:\/\/digitalidentitysn.com\/Passionparfums\/produit\/ambre-imperial\/","url":"https:\/\/digitalidentitysn.com\/Passionparfums\/produit\/ambre-imperial\/","name":"Ambre Imperial - Passion Parfum","isPartOf":{"@id":"https:\/\/digitalidentitysn.com\/Passionparfums\/#website"},"primaryImageOfPage":{"@id":"https:\/\/digitalidentitysn.com\/Passionparfums\/produit\/ambre-imperial\/#primaryimage"},"image":{"@id":"https:\/\/digitalidentitysn.com\/Passionparfums\/produit\/ambre-imperial\/#primaryimage"},"thumbnailUrl":"https:\/\/digitalidentitysn.com\/Passionparfums\/wp-content\/uploads\/2024\/03\/Ambre-Imperial-Van-Cleef-Arpels-parfum-homme.jpg","datePublished":"2024-03-12T12:58:38+00:00","dateModified":"2024-03-14T23:45:39+00:00","breadcrumb":{"@id":"https:\/\/digitalidentitysn.com\/Passionparfums\/produit\/ambre-imperial\/#breadcrumb"},"inLanguage":"fr-FR","potentialAction":[{"@type":"ReadAction","target":["https:\/\/digitalidentitysn.com\/Passionparfums\/produit\/ambre-imperial\/"]}]},{"@type":"ImageObject","inLanguage":"fr-FR","@id":"https:\/\/digitalidentitysn.com\/Passionparfums\/produit\/ambre-imperial\/#primaryimage","url":"https:\/\/digitalidentitysn.com\/Passionparfums\/wp-content\/uploads\/2024\/03\/Ambre-Imperial-Van-Cleef-Arpels-parfum-homme.jpg","contentUrl":"https:\/\/digitalidentitysn.com\/Passionparfums\/wp-content\/uploads\/2024\/03\/Ambre-Imperial-Van-Cleef-Arpels-parfum-homme.jpg","width":2000,"height":2000},{"@type":"BreadcrumbList","@id":"https:\/\/digitalidentitysn.com\/Passionparfums\/produit\/ambre-imperial\/#breadcrumb","itemListElement":[{"@type":"ListItem","position":1,"name":"Accueil","item":"https:\/\/digitalidentitysn.com\/Passionparfums\/"},{"@type":"ListItem","position":2,"name":"Boutique","item":"https:\/\/digitalidentitysn.com\/Passionparfums\/boutique\/"},{"@type":"ListItem","position":3,"name":"Ambre Imperial"}]},{"@type":"WebSite","@id":"https:\/\/digitalidentitysn.com\/Passionparfums\/#website","url":"https:\/\/digitalidentitysn.com\/Passionparfums\/","name":"Passion Parfum","description":"Un oasis de prestige !","publisher":{"@id":"https:\/\/digitalidentitysn.com\/Passionparfums\/#organization"},"potentialAction":[{"@type":"SearchAction","target":{"@type":"EntryPoint","urlTemplate":"https:\/\/digitalidentitysn.com\/Passionparfums\/?s={search_term_string}"},"query-input":"required name=search_term_string"}],"inLanguage":"fr-FR"},{"@type":"Organization","@id":"https:\/\/digitalidentitysn.com\/Passionparfums\/#organization","name":"Passion Parfum","url":"https:\/\/digitalidentitysn.com\/Passionparfums\/","logo":{"@type":"ImageObject","inLanguage":"fr-FR","@id":"https:\/\/digitalidentitysn.com\/Passionparfums\/#\/schema\/logo\/image\/","url":null,"contentUrl":null,"width":"1400","height":"1400","caption":"Passion Parfum"},"image":{"@id":"https:\/\/digitalidentitysn.com\/Passionparfums\/#\/schema\/logo\/image\/"},"sameAs":["https:\/\/www.facebook.com\/Passionparfamsn","https:\/\/www.instagram.com\/passionparfum_seaplaza_\/","https:\/\/www.tiktok.com\/@passionparfum_seaplaza"]}]}},"_links":{"self":[{"href":"https:\/\/digitalidentitysn.com\/Passionparfums\/wp-json\/wp\/v2\/product\/8218","targetHints":{"allow":["GET"]}}],"collection":[{"href":"https:\/\/digitalidentitysn.com\/Passionparfums\/wp-json\/wp\/v2\/product"}],"about":[{"href":"https:\/\/digitalidentitysn.com\/Passionparfums\/wp-json\/wp\/v2\/types\/product"}],"replies":[{"embeddable":true,"href":"https:\/\/digitalidentitysn.com\/Passionparfums\/wp-json\/wp\/v2\/comments?post=8218"}],"wp:featuredmedia":[{"embeddable":true,"href":"https:\/\/digitalidentitysn.com\/Passionparfums\/wp-json\/wp\/v2\/media\/8328"}],"wp:attachment":[{"href":"https:\/\/digitalidentitysn.com\/Passionparfums\/wp-json\/wp\/v2\/media?parent=8218"}],"wp:term":[{"taxonomy":"product_brand","embeddable":true,"href":"https:\/\/digitalidentitysn.com\/Passionparfums\/wp-json\/wp\/v2\/product_brand?post=8218"},{"taxonomy":"product_cat","embeddable":true,"href":"https:\/\/digitalidentitysn.com\/Passionparfums\/wp-json\/wp\/v2\/product_cat?post=8218"},{"taxonomy":"product_tag","embeddable":true,"href":"https:\/\/digitalidentitysn.com\/Passionparfums\/wp-json\/wp\/v2\/product_tag?post=8218"}],"curies":[{"name":"wp","href":"https:\/\/api.w.org\/{rel}","templated":true}]}}