{"id":8206,"date":"2024-03-12T12:58:36","date_gmt":"2024-03-12T12:58:36","guid":{"rendered":"https:\/\/digitalidentitysn.com\/Passionparfums\/produit\/symphonie-elixir\/"},"modified":"2024-03-14T16:04:46","modified_gmt":"2024-03-14T16:04:46","slug":"symphonie-elixir","status":"publish","type":"product","link":"https:\/\/digitalidentitysn.com\/Passionparfums\/produit\/symphonie-elixir\/","title":{"rendered":"Coffret Symphonie, Ma\u00efssa Paris"},"content":{"rendered":"\t<div id=\"text-1003213767\" class=\"text\">\n\t\t\n<p>Symphonie, une fragrance pure, l\u00e9g\u00e8re et fruit\u00e9e, est le parfum qui va ajouter la touche finale \u00e0 votre look. Tout au long de son sillage, un accord de citron, de bergamote et de pomme, s\u2019enrobe dans un bouquet de jasmin pour r\u00e9v\u00e9ler des notes modernes, aussi \u00e9tonnantes que sensuelles.<\/p>\n<p>D\u00e8s les premi\u00e8res notes de t\u00eate, Symphonie r\u00e9veille vos sens, gr\u00e2ce \u00e0 l\u2019association exaltante de la bergamote, du cassis, du citron, de l\u2019orange et de la pomme. Les notes de c\u0153ur, telles que l\u2019absolu Jasmin Sambac, l\u2019anis, le caramel, le bois blanc et la menthe, apportent une touche sucr\u00e9e et \u00e9pic\u00e9e \u00e0 cet \u00e9lixir de bien-\u00eatre.<\/p>\n<p>Les notes de fond, offrant un m\u00e9lange subtil d\u2019absolu vanille, d\u2019ambre et de musc, rehaussent le caract\u00e8re raffin\u00e9 de ce parfum. Une v\u00e9ritable \u201csymphonie\u201d de notes olfactives se m\u00e9langent pour cr\u00e9er une exp\u00e9rience unique et inoubliable.<\/p>\n<p>Ce parfum est parfait pour toutes les occasions, qu\u2019elles soient d\u00e9contract\u00e9es ou formelles. Une fragrance intemporelle, \u00e9l\u00e9gante et raffin\u00e9e, qui vous enveloppera dans sa douceur fruit\u00e9e, sa l\u00e9g\u00e8ret\u00e9 et sa puret\u00e9.<\/p>\n<p>Essayez Symphonie et laissez-vous transporter dans un univers de sensations. En somme, Symphonie est le parfum parfait pour les femmes en qu\u00eate d\u2019un parfum \u00e0 la fois l\u00e9ger, frais et \u00e9l\u00e9gant. Sa fragrance fruit\u00e9e et moderne vous procurera une exp\u00e9rience olfactive inoubliable.<\/p>\n<p><b>CONTENANCE DU COFFRET<\/b><\/p>\n<p>\u2013 Un parfum Symphonie en 100ml.<br \/>\n\u2013 Un d\u00e9odorant parfum\u00e9 Symphonie en 150ml.<br \/>\n\u2013 Un gel douche Symphonie en 200ml.<\/p>\n<p>Fabriqu\u00e9 en France.<\/p>\n\t\t\n<style>\n#text-1003213767 {\n  color: rgb(110, 102, 102);\n}\n#text-1003213767 > * {\n  color: rgb(110, 102, 102);\n}\n<\/style>\n\t<\/div>\n\t\n<div class=\"container section-title-container\" style=\"margin-bottom:0px;\"><h3 class=\"section-title section-title-normal\"><b><\/b><span class=\"section-title-main\" style=\"font-size:84%;color:rgb(168, 14, 133);\">Notes<\/span><b><\/b><\/h3><\/div>\n\t<div id=\"text-3581044650\" class=\"text\">\n\t\t\n<table class=\"sc-1eu1dd2-6 jMdQjE\">\n<tbody>\n<tr class=\"sc-1eu1dd2-10\">\n<td class=\"sc-1eu1dd2-8 iwwDVa\">\n<div class=\"sc-j2vy08-0 bwTLvF\">notes de t\u00eate<\/div>\n<\/td>\n<td class=\"sc-1eu1dd2-9 eUPGqr\">ergamote, Cassis, Citron, Orange, Pomme.<\/td>\n<\/tr>\n<tr class=\"sc-1eu1dd2-10\">\n<td class=\"sc-1eu1dd2-8 iwwDVa\">\n<div class=\"sc-j2vy08-0 bwTLvF\">notes de c\u0153ur<\/div>\n<\/td>\n<td class=\"sc-1eu1dd2-9 eUPGqr\">Absolu Jasmin Sambac, Anis, Caramel, Bois blanc, Menthe.<\/td>\n<\/tr>\n<tr class=\"sc-1eu1dd2-10\">\n<td class=\"sc-1eu1dd2-8 iwwDVa\">\n<div class=\"sc-j2vy08-0 bwTLvF\">notes de fond<\/div>\n<\/td>\n<td class=\"sc-1eu1dd2-9 eUPGqr\">Absolu Vanille, Ambre, Musc<\/td>\n<\/tr>\n<\/tbody>\n<\/table>\n\t\t\n<style>\n#text-3581044650 {\n  font-size: 0.95rem;\n  line-height: 1.25;\n  color: rgb(110, 102, 102);\n}\n#text-3581044650 > * {\n  color: rgb(110, 102, 102);\n}\n<\/style>\n\t<\/div>\n\t\n\t<div id=\"text-2701576805\" class=\"text\">\n\t\t\n\t\t\n<style>\n#text-2701576805 {\n  color: rgb(110, 102, 102);\n}\n#text-2701576805 > * {\n  color: rgb(110, 102, 102);\n}\n<\/style>\n\t<\/div>\n\t\n","protected":false},"excerpt":{"rendered":"<p>Maison Ma\u00efssa Symphonie \u2013 \u00e9lixir D\u00e9o Spray + EP + Gel douche 3 pi\u00e8ces<\/p>\n","protected":false},"featured_media":8380,"comment_status":"open","ping_status":"closed","template":"","meta":[],"product_brand":[],"product_cat":[711],"product_tag":[944],"class_list":{"0":"post-8206","1":"product","2":"type-product","3":"status-publish","4":"has-post-thumbnail","6":"product_cat-maison-maissa","7":"product_tag-coffrets-hommes-femmes","9":"first","10":"instock","11":"shipping-taxable","12":"purchasable","13":"product-type-simple"},"yoast_head":"<!-- This site is optimized with the Yoast SEO plugin v22.7 - https:\/\/yoast.com\/wordpress\/plugins\/seo\/ -->\n<title>Coffret Symphonie, Ma\u00efssa Paris - Passion Parfum<\/title>\n<meta name=\"robots\" content=\"index, follow, max-snippet:-1, max-image-preview:large, max-video-preview:-1\" \/>\n<link rel=\"canonical\" href=\"https:\/\/digitalidentitysn.com\/Passionparfums\/produit\/symphonie-elixir\/\" \/>\n<meta property=\"og:locale\" content=\"fr_FR\" \/>\n<meta property=\"og:type\" content=\"article\" \/>\n<meta property=\"og:title\" content=\"Coffret Symphonie, Ma\u00efssa Paris - Passion Parfum\" \/>\n<meta property=\"og:description\" content=\"Maison Ma\u00efssa Symphonie \u2013 \u00e9lixir D\u00e9o Spray + EP + Gel douche 3 pi\u00e8ces\" \/>\n<meta property=\"og:url\" content=\"https:\/\/digitalidentitysn.com\/Passionparfums\/produit\/symphonie-elixir\/\" \/>\n<meta property=\"og:site_name\" content=\"Passion Parfum\" \/>\n<meta property=\"article:publisher\" content=\"https:\/\/www.facebook.com\/Passionparfamsn\" \/>\n<meta property=\"article:modified_time\" content=\"2024-03-14T16:04:46+00:00\" \/>\n<meta property=\"og:image\" content=\"https:\/\/digitalidentitysn.com\/Passionparfums\/wp-content\/uploads\/2024\/03\/coffret-Symphonie-elixir-maison-maissa.jpg\" \/>\n\t<meta property=\"og:image:width\" content=\"1000\" \/>\n\t<meta property=\"og:image:height\" content=\"1200\" \/>\n\t<meta property=\"og:image:type\" content=\"image\/jpeg\" \/>\n<meta name=\"twitter:card\" content=\"summary_large_image\" \/>\n<meta name=\"twitter:label1\" content=\"Dur\u00e9e de lecture estim\u00e9e\" \/>\n\t<meta name=\"twitter:data1\" content=\"2 minutes\" \/>\n<script type=\"application\/ld+json\" class=\"yoast-schema-graph\">{\"@context\":\"https:\/\/schema.org\",\"@graph\":[{\"@type\":\"WebPage\",\"@id\":\"https:\/\/digitalidentitysn.com\/Passionparfums\/produit\/symphonie-elixir\/\",\"url\":\"https:\/\/digitalidentitysn.com\/Passionparfums\/produit\/symphonie-elixir\/\",\"name\":\"Coffret Symphonie, Ma\u00efssa Paris - Passion Parfum\",\"isPartOf\":{\"@id\":\"https:\/\/digitalidentitysn.com\/Passionparfums\/#website\"},\"primaryImageOfPage\":{\"@id\":\"https:\/\/digitalidentitysn.com\/Passionparfums\/produit\/symphonie-elixir\/#primaryimage\"},\"image\":{\"@id\":\"https:\/\/digitalidentitysn.com\/Passionparfums\/produit\/symphonie-elixir\/#primaryimage\"},\"thumbnailUrl\":\"https:\/\/digitalidentitysn.com\/Passionparfums\/wp-content\/uploads\/2024\/03\/coffret-Symphonie-elixir-maison-maissa.jpg\",\"datePublished\":\"2024-03-12T12:58:36+00:00\",\"dateModified\":\"2024-03-14T16:04:46+00:00\",\"breadcrumb\":{\"@id\":\"https:\/\/digitalidentitysn.com\/Passionparfums\/produit\/symphonie-elixir\/#breadcrumb\"},\"inLanguage\":\"fr-FR\",\"potentialAction\":[{\"@type\":\"ReadAction\",\"target\":[\"https:\/\/digitalidentitysn.com\/Passionparfums\/produit\/symphonie-elixir\/\"]}]},{\"@type\":\"ImageObject\",\"inLanguage\":\"fr-FR\",\"@id\":\"https:\/\/digitalidentitysn.com\/Passionparfums\/produit\/symphonie-elixir\/#primaryimage\",\"url\":\"https:\/\/digitalidentitysn.com\/Passionparfums\/wp-content\/uploads\/2024\/03\/coffret-Symphonie-elixir-maison-maissa.jpg\",\"contentUrl\":\"https:\/\/digitalidentitysn.com\/Passionparfums\/wp-content\/uploads\/2024\/03\/coffret-Symphonie-elixir-maison-maissa.jpg\",\"width\":1000,\"height\":1200},{\"@type\":\"BreadcrumbList\",\"@id\":\"https:\/\/digitalidentitysn.com\/Passionparfums\/produit\/symphonie-elixir\/#breadcrumb\",\"itemListElement\":[{\"@type\":\"ListItem\",\"position\":1,\"name\":\"Accueil\",\"item\":\"https:\/\/digitalidentitysn.com\/Passionparfums\/\"},{\"@type\":\"ListItem\",\"position\":2,\"name\":\"Boutique\",\"item\":\"https:\/\/digitalidentitysn.com\/Passionparfums\/boutique\/\"},{\"@type\":\"ListItem\",\"position\":3,\"name\":\"Coffret Symphonie, Ma\u00efssa Paris\"}]},{\"@type\":\"WebSite\",\"@id\":\"https:\/\/digitalidentitysn.com\/Passionparfums\/#website\",\"url\":\"https:\/\/digitalidentitysn.com\/Passionparfums\/\",\"name\":\"Passion Parfum\",\"description\":\"Un oasis de prestige !\",\"publisher\":{\"@id\":\"https:\/\/digitalidentitysn.com\/Passionparfums\/#organization\"},\"potentialAction\":[{\"@type\":\"SearchAction\",\"target\":{\"@type\":\"EntryPoint\",\"urlTemplate\":\"https:\/\/digitalidentitysn.com\/Passionparfums\/?s={search_term_string}\"},\"query-input\":\"required name=search_term_string\"}],\"inLanguage\":\"fr-FR\"},{\"@type\":\"Organization\",\"@id\":\"https:\/\/digitalidentitysn.com\/Passionparfums\/#organization\",\"name\":\"Passion Parfum\",\"url\":\"https:\/\/digitalidentitysn.com\/Passionparfums\/\",\"logo\":{\"@type\":\"ImageObject\",\"inLanguage\":\"fr-FR\",\"@id\":\"https:\/\/digitalidentitysn.com\/Passionparfums\/#\/schema\/logo\/image\/\",\"url\":null,\"contentUrl\":null,\"width\":\"1400\",\"height\":\"1400\",\"caption\":\"Passion Parfum\"},\"image\":{\"@id\":\"https:\/\/digitalidentitysn.com\/Passionparfums\/#\/schema\/logo\/image\/\"},\"sameAs\":[\"https:\/\/www.facebook.com\/Passionparfamsn\",\"https:\/\/www.instagram.com\/passionparfum_seaplaza_\/\",\"https:\/\/www.tiktok.com\/@passionparfum_seaplaza\"]}]}<\/script>\n<!-- \/ Yoast SEO plugin. -->","yoast_head_json":{"title":"Coffret Symphonie, Ma\u00efssa Paris - Passion Parfum","robots":{"index":"index","follow":"follow","max-snippet":"max-snippet:-1","max-image-preview":"max-image-preview:large","max-video-preview":"max-video-preview:-1"},"canonical":"https:\/\/digitalidentitysn.com\/Passionparfums\/produit\/symphonie-elixir\/","og_locale":"fr_FR","og_type":"article","og_title":"Coffret Symphonie, Ma\u00efssa Paris - Passion Parfum","og_description":"Maison Ma\u00efssa Symphonie \u2013 \u00e9lixir D\u00e9o Spray + EP + Gel douche 3 pi\u00e8ces","og_url":"https:\/\/digitalidentitysn.com\/Passionparfums\/produit\/symphonie-elixir\/","og_site_name":"Passion Parfum","article_publisher":"https:\/\/www.facebook.com\/Passionparfamsn","article_modified_time":"2024-03-14T16:04:46+00:00","og_image":[{"width":1000,"height":1200,"url":"https:\/\/digitalidentitysn.com\/Passionparfums\/wp-content\/uploads\/2024\/03\/coffret-Symphonie-elixir-maison-maissa.jpg","type":"image\/jpeg"}],"twitter_card":"summary_large_image","twitter_misc":{"Dur\u00e9e de lecture estim\u00e9e":"2 minutes"},"schema":{"@context":"https:\/\/schema.org","@graph":[{"@type":"WebPage","@id":"https:\/\/digitalidentitysn.com\/Passionparfums\/produit\/symphonie-elixir\/","url":"https:\/\/digitalidentitysn.com\/Passionparfums\/produit\/symphonie-elixir\/","name":"Coffret Symphonie, Ma\u00efssa Paris - Passion Parfum","isPartOf":{"@id":"https:\/\/digitalidentitysn.com\/Passionparfums\/#website"},"primaryImageOfPage":{"@id":"https:\/\/digitalidentitysn.com\/Passionparfums\/produit\/symphonie-elixir\/#primaryimage"},"image":{"@id":"https:\/\/digitalidentitysn.com\/Passionparfums\/produit\/symphonie-elixir\/#primaryimage"},"thumbnailUrl":"https:\/\/digitalidentitysn.com\/Passionparfums\/wp-content\/uploads\/2024\/03\/coffret-Symphonie-elixir-maison-maissa.jpg","datePublished":"2024-03-12T12:58:36+00:00","dateModified":"2024-03-14T16:04:46+00:00","breadcrumb":{"@id":"https:\/\/digitalidentitysn.com\/Passionparfums\/produit\/symphonie-elixir\/#breadcrumb"},"inLanguage":"fr-FR","potentialAction":[{"@type":"ReadAction","target":["https:\/\/digitalidentitysn.com\/Passionparfums\/produit\/symphonie-elixir\/"]}]},{"@type":"ImageObject","inLanguage":"fr-FR","@id":"https:\/\/digitalidentitysn.com\/Passionparfums\/produit\/symphonie-elixir\/#primaryimage","url":"https:\/\/digitalidentitysn.com\/Passionparfums\/wp-content\/uploads\/2024\/03\/coffret-Symphonie-elixir-maison-maissa.jpg","contentUrl":"https:\/\/digitalidentitysn.com\/Passionparfums\/wp-content\/uploads\/2024\/03\/coffret-Symphonie-elixir-maison-maissa.jpg","width":1000,"height":1200},{"@type":"BreadcrumbList","@id":"https:\/\/digitalidentitysn.com\/Passionparfums\/produit\/symphonie-elixir\/#breadcrumb","itemListElement":[{"@type":"ListItem","position":1,"name":"Accueil","item":"https:\/\/digitalidentitysn.com\/Passionparfums\/"},{"@type":"ListItem","position":2,"name":"Boutique","item":"https:\/\/digitalidentitysn.com\/Passionparfums\/boutique\/"},{"@type":"ListItem","position":3,"name":"Coffret Symphonie, Ma\u00efssa Paris"}]},{"@type":"WebSite","@id":"https:\/\/digitalidentitysn.com\/Passionparfums\/#website","url":"https:\/\/digitalidentitysn.com\/Passionparfums\/","name":"Passion Parfum","description":"Un oasis de prestige !","publisher":{"@id":"https:\/\/digitalidentitysn.com\/Passionparfums\/#organization"},"potentialAction":[{"@type":"SearchAction","target":{"@type":"EntryPoint","urlTemplate":"https:\/\/digitalidentitysn.com\/Passionparfums\/?s={search_term_string}"},"query-input":"required name=search_term_string"}],"inLanguage":"fr-FR"},{"@type":"Organization","@id":"https:\/\/digitalidentitysn.com\/Passionparfums\/#organization","name":"Passion Parfum","url":"https:\/\/digitalidentitysn.com\/Passionparfums\/","logo":{"@type":"ImageObject","inLanguage":"fr-FR","@id":"https:\/\/digitalidentitysn.com\/Passionparfums\/#\/schema\/logo\/image\/","url":null,"contentUrl":null,"width":"1400","height":"1400","caption":"Passion Parfum"},"image":{"@id":"https:\/\/digitalidentitysn.com\/Passionparfums\/#\/schema\/logo\/image\/"},"sameAs":["https:\/\/www.facebook.com\/Passionparfamsn","https:\/\/www.instagram.com\/passionparfum_seaplaza_\/","https:\/\/www.tiktok.com\/@passionparfum_seaplaza"]}]}},"_links":{"self":[{"href":"https:\/\/digitalidentitysn.com\/Passionparfums\/wp-json\/wp\/v2\/product\/8206","targetHints":{"allow":["GET"]}}],"collection":[{"href":"https:\/\/digitalidentitysn.com\/Passionparfums\/wp-json\/wp\/v2\/product"}],"about":[{"href":"https:\/\/digitalidentitysn.com\/Passionparfums\/wp-json\/wp\/v2\/types\/product"}],"replies":[{"embeddable":true,"href":"https:\/\/digitalidentitysn.com\/Passionparfums\/wp-json\/wp\/v2\/comments?post=8206"}],"wp:featuredmedia":[{"embeddable":true,"href":"https:\/\/digitalidentitysn.com\/Passionparfums\/wp-json\/wp\/v2\/media\/8380"}],"wp:attachment":[{"href":"https:\/\/digitalidentitysn.com\/Passionparfums\/wp-json\/wp\/v2\/media?parent=8206"}],"wp:term":[{"taxonomy":"product_brand","embeddable":true,"href":"https:\/\/digitalidentitysn.com\/Passionparfums\/wp-json\/wp\/v2\/product_brand?post=8206"},{"taxonomy":"product_cat","embeddable":true,"href":"https:\/\/digitalidentitysn.com\/Passionparfums\/wp-json\/wp\/v2\/product_cat?post=8206"},{"taxonomy":"product_tag","embeddable":true,"href":"https:\/\/digitalidentitysn.com\/Passionparfums\/wp-json\/wp\/v2\/product_tag?post=8206"}],"curies":[{"name":"wp","href":"https:\/\/api.w.org\/{rel}","templated":true}]}}