{"id":8205,"date":"2024-03-12T12:58:36","date_gmt":"2024-03-12T12:58:36","guid":{"rendered":"https:\/\/digitalidentitysn.com\/Passionparfums\/produit\/soleil-de-portofino-homme\/"},"modified":"2024-03-14T16:01:00","modified_gmt":"2024-03-14T16:01:00","slug":"soleil-de-portofino-homme","status":"publish","type":"product","link":"https:\/\/digitalidentitysn.com\/Passionparfums\/produit\/soleil-de-portofino-homme\/","title":{"rendered":"coffret toscane soleil de portofino"},"content":{"rendered":"\t<div id=\"text-1086705090\" class=\"text\">\n\t\t\n<p>Un coffret unique \u00e0 offrir \u00e0 vos proches: Pochette Toscane, Pure Oil, Parfum Edition Blanche.<\/p>\n<p>La pochette Toscane se distingue par son design fonctionnel alli\u00e9 \u00e0 l&rsquo;\u00e9l\u00e9gance et la modernit\u00e9 de la Maison Ma\u00efssa. Elle est confectionn\u00e9e et sublim\u00e9e par des d\u00e9tails en cuir grain\u00e9 noir ou caf\u00e9, et orn\u00e9e de la signature Ma\u00efssa en dor\u00e9 sur son devant. Une grande poche zipp\u00e9e permettra d&rsquo;accueillir tous vos essentiels. Une sangle avec une boucle en laiton dor\u00e9 offrira une prise en main agr\u00e9able et chic. Une pochette \u00e9l\u00e9gante et raffin\u00e9e pour Elle et Lui.<\/p>\n<p>Pure Oil By Ma\u00efssa est la forme supr\u00eame la plus pr\u00e9cieuse de la parfumerie, et elle provoque une pure \u00e9motion. Des mati\u00e8res premi\u00e8res rares, pr\u00e9cieusement conserv\u00e9es dans un flacon de verre luxueux orn\u00e9 d\u2019une pi\u00e8ce dor\u00e9e Ma\u00efssa, inspir\u00e9e de l&rsquo;h\u00e9ritage de la Maison.<\/p>\n<p>Contenance du coffret :<\/p>\n<ul>\n<li>Une pochette Toscane &#8211; Noir ou Caf\u00e9.<\/li>\n<li>Une PURE OIL Soleil de Portofino &#8211; 15ml.<\/li>\n<li>Un Parfum Soleil de Portofino &#8211; 100ml.<\/li>\n<\/ul>\n<p>La pochette Toscane :<\/p>\n<ul>\n<li>Dimensions : L22 x H16 x 5CM.<\/li>\n<li>Cuir grain\u00e9 noir ou caf\u00e9.<\/li>\n<li>Une grande poche zipp\u00e9e.<\/li>\n<li>3 compartiments porte carte plaqu\u00e9s \u00e0 l\u2019int\u00e9rieur.<\/li>\n<li>Une poche int\u00e9rieure plaqu\u00e9e.<\/li>\n<li>Une plaque signature Ma\u00efssa Paris en laiton \u00e0 l\u2019avant.<\/li>\n<\/ul>\n<div>Contenance: \u00a0Noir.<br \/>\nFabriqu\u00e9 en France.<\/div>\n\t\t\n<style>\n#text-1086705090 {\n  color: rgb(110, 102, 102);\n}\n#text-1086705090 > * {\n  color: rgb(110, 102, 102);\n}\n<\/style>\n\t<\/div>\n\t\n<div class=\"container section-title-container\" style=\"margin-bottom:0px;\"><h3 class=\"section-title section-title-normal\"><b><\/b><span class=\"section-title-main\" style=\"font-size:84%;color:rgb(168, 14, 133);\">Notes<\/span><b><\/b><\/h3><\/div>\n\t<div id=\"text-4167952719\" class=\"text\">\n\t\t\n<table class=\"sc-1eu1dd2-6 jMdQjE\">\n<tbody>\n<tr class=\"sc-1eu1dd2-10\">\n<td class=\"sc-1eu1dd2-8 iwwDVa\">\n<div class=\"sc-j2vy08-0 bwTLvF\">notes de t\u00eate<\/div>\n<\/td>\n<td class=\"sc-1eu1dd2-9 eUPGqr\">Ananas, Bergamote, Cassis, Pomme.<\/td>\n<\/tr>\n<tr class=\"sc-1eu1dd2-10\">\n<td class=\"sc-1eu1dd2-8 iwwDVa\">\n<div class=\"sc-j2vy08-0 bwTLvF\">notes de c\u0153ur<\/div>\n<\/td>\n<td class=\"sc-1eu1dd2-9 eUPGqr\">Absolu Jasmin Sambac, Baies Roses, Patchouli, Styrax.<\/td>\n<\/tr>\n<tr class=\"sc-1eu1dd2-10\">\n<td class=\"sc-1eu1dd2-8 iwwDVa\">\n<div class=\"sc-j2vy08-0 bwTLvF\">notes de fond<\/div>\n<\/td>\n<td class=\"sc-1eu1dd2-9 eUPGqr\">Ambroxan, Mousse de Ch\u00eane, Ylang Ylang.<\/td>\n<\/tr>\n<\/tbody>\n<\/table>\n\t\t\n<style>\n#text-4167952719 {\n  font-size: 0.95rem;\n  line-height: 1.25;\n  color: rgb(110, 102, 102);\n}\n#text-4167952719 > * {\n  color: rgb(110, 102, 102);\n}\n<\/style>\n\t<\/div>\n\t\n\t<div id=\"text-1967054273\" class=\"text\">\n\t\t\n\t\t\n<style>\n#text-1967054273 {\n  color: rgb(110, 102, 102);\n}\n#text-1967054273 > * {\n  color: rgb(110, 102, 102);\n}\n<\/style>\n\t<\/div>\n\t\n","protected":false},"excerpt":{"rendered":"<p>Maison Ma\u00efssa Soleil de Portofino \u2013 homme EP + Huile parfum\u00e9e + trousse en cuir 3 pi\u00e8ces<\/p>\n","protected":false},"featured_media":8379,"comment_status":"open","ping_status":"closed","template":"","meta":[],"product_brand":[],"product_cat":[711],"product_tag":[944],"class_list":{"0":"post-8205","1":"product","2":"type-product","3":"status-publish","4":"has-post-thumbnail","6":"product_cat-maison-maissa","7":"product_tag-coffrets-hommes-femmes","9":"first","10":"instock","11":"shipping-taxable","12":"purchasable","13":"product-type-simple"},"yoast_head":"<!-- This site is optimized with the Yoast SEO plugin v22.7 - https:\/\/yoast.com\/wordpress\/plugins\/seo\/ -->\n<title>coffret toscane soleil de portofino - Passion Parfum<\/title>\n<meta name=\"robots\" content=\"index, follow, max-snippet:-1, max-image-preview:large, max-video-preview:-1\" \/>\n<link rel=\"canonical\" href=\"https:\/\/digitalidentitysn.com\/Passionparfums\/produit\/soleil-de-portofino-homme\/\" \/>\n<meta property=\"og:locale\" content=\"fr_FR\" \/>\n<meta property=\"og:type\" content=\"article\" \/>\n<meta property=\"og:title\" content=\"coffret toscane soleil de portofino - Passion Parfum\" \/>\n<meta property=\"og:description\" content=\"Maison Ma\u00efssa Soleil de Portofino \u2013 homme EP + Huile parfum\u00e9e + trousse en cuir 3 pi\u00e8ces\" \/>\n<meta property=\"og:url\" content=\"https:\/\/digitalidentitysn.com\/Passionparfums\/produit\/soleil-de-portofino-homme\/\" \/>\n<meta property=\"og:site_name\" content=\"Passion Parfum\" \/>\n<meta property=\"article:publisher\" content=\"https:\/\/www.facebook.com\/Passionparfamsn\" \/>\n<meta property=\"article:modified_time\" content=\"2024-03-14T16:01:00+00:00\" \/>\n<meta property=\"og:image\" content=\"https:\/\/digitalidentitysn.com\/Passionparfums\/wp-content\/uploads\/2024\/03\/coffret-Soleil-de-Portofino-homme-Maison-Maissa.jpg\" \/>\n\t<meta property=\"og:image:width\" content=\"600\" \/>\n\t<meta property=\"og:image:height\" content=\"600\" \/>\n\t<meta property=\"og:image:type\" content=\"image\/jpeg\" \/>\n<meta name=\"twitter:card\" content=\"summary_large_image\" \/>\n<meta name=\"twitter:label1\" content=\"Dur\u00e9e de lecture estim\u00e9e\" \/>\n\t<meta name=\"twitter:data1\" content=\"2 minutes\" \/>\n<script type=\"application\/ld+json\" class=\"yoast-schema-graph\">{\"@context\":\"https:\/\/schema.org\",\"@graph\":[{\"@type\":\"WebPage\",\"@id\":\"https:\/\/digitalidentitysn.com\/Passionparfums\/produit\/soleil-de-portofino-homme\/\",\"url\":\"https:\/\/digitalidentitysn.com\/Passionparfums\/produit\/soleil-de-portofino-homme\/\",\"name\":\"coffret toscane soleil de portofino - Passion Parfum\",\"isPartOf\":{\"@id\":\"https:\/\/digitalidentitysn.com\/Passionparfums\/#website\"},\"primaryImageOfPage\":{\"@id\":\"https:\/\/digitalidentitysn.com\/Passionparfums\/produit\/soleil-de-portofino-homme\/#primaryimage\"},\"image\":{\"@id\":\"https:\/\/digitalidentitysn.com\/Passionparfums\/produit\/soleil-de-portofino-homme\/#primaryimage\"},\"thumbnailUrl\":\"https:\/\/digitalidentitysn.com\/Passionparfums\/wp-content\/uploads\/2024\/03\/coffret-Soleil-de-Portofino-homme-Maison-Maissa.jpg\",\"datePublished\":\"2024-03-12T12:58:36+00:00\",\"dateModified\":\"2024-03-14T16:01:00+00:00\",\"breadcrumb\":{\"@id\":\"https:\/\/digitalidentitysn.com\/Passionparfums\/produit\/soleil-de-portofino-homme\/#breadcrumb\"},\"inLanguage\":\"fr-FR\",\"potentialAction\":[{\"@type\":\"ReadAction\",\"target\":[\"https:\/\/digitalidentitysn.com\/Passionparfums\/produit\/soleil-de-portofino-homme\/\"]}]},{\"@type\":\"ImageObject\",\"inLanguage\":\"fr-FR\",\"@id\":\"https:\/\/digitalidentitysn.com\/Passionparfums\/produit\/soleil-de-portofino-homme\/#primaryimage\",\"url\":\"https:\/\/digitalidentitysn.com\/Passionparfums\/wp-content\/uploads\/2024\/03\/coffret-Soleil-de-Portofino-homme-Maison-Maissa.jpg\",\"contentUrl\":\"https:\/\/digitalidentitysn.com\/Passionparfums\/wp-content\/uploads\/2024\/03\/coffret-Soleil-de-Portofino-homme-Maison-Maissa.jpg\",\"width\":600,\"height\":600},{\"@type\":\"BreadcrumbList\",\"@id\":\"https:\/\/digitalidentitysn.com\/Passionparfums\/produit\/soleil-de-portofino-homme\/#breadcrumb\",\"itemListElement\":[{\"@type\":\"ListItem\",\"position\":1,\"name\":\"Accueil\",\"item\":\"https:\/\/digitalidentitysn.com\/Passionparfums\/\"},{\"@type\":\"ListItem\",\"position\":2,\"name\":\"Boutique\",\"item\":\"https:\/\/digitalidentitysn.com\/Passionparfums\/boutique\/\"},{\"@type\":\"ListItem\",\"position\":3,\"name\":\"coffret toscane soleil de portofino\"}]},{\"@type\":\"WebSite\",\"@id\":\"https:\/\/digitalidentitysn.com\/Passionparfums\/#website\",\"url\":\"https:\/\/digitalidentitysn.com\/Passionparfums\/\",\"name\":\"Passion Parfum\",\"description\":\"Un oasis de prestige !\",\"publisher\":{\"@id\":\"https:\/\/digitalidentitysn.com\/Passionparfums\/#organization\"},\"potentialAction\":[{\"@type\":\"SearchAction\",\"target\":{\"@type\":\"EntryPoint\",\"urlTemplate\":\"https:\/\/digitalidentitysn.com\/Passionparfums\/?s={search_term_string}\"},\"query-input\":\"required name=search_term_string\"}],\"inLanguage\":\"fr-FR\"},{\"@type\":\"Organization\",\"@id\":\"https:\/\/digitalidentitysn.com\/Passionparfums\/#organization\",\"name\":\"Passion Parfum\",\"url\":\"https:\/\/digitalidentitysn.com\/Passionparfums\/\",\"logo\":{\"@type\":\"ImageObject\",\"inLanguage\":\"fr-FR\",\"@id\":\"https:\/\/digitalidentitysn.com\/Passionparfums\/#\/schema\/logo\/image\/\",\"url\":null,\"contentUrl\":null,\"width\":\"1400\",\"height\":\"1400\",\"caption\":\"Passion Parfum\"},\"image\":{\"@id\":\"https:\/\/digitalidentitysn.com\/Passionparfums\/#\/schema\/logo\/image\/\"},\"sameAs\":[\"https:\/\/www.facebook.com\/Passionparfamsn\",\"https:\/\/www.instagram.com\/passionparfum_seaplaza_\/\",\"https:\/\/www.tiktok.com\/@passionparfum_seaplaza\"]}]}<\/script>\n<!-- \/ Yoast SEO plugin. -->","yoast_head_json":{"title":"coffret toscane soleil de portofino - Passion Parfum","robots":{"index":"index","follow":"follow","max-snippet":"max-snippet:-1","max-image-preview":"max-image-preview:large","max-video-preview":"max-video-preview:-1"},"canonical":"https:\/\/digitalidentitysn.com\/Passionparfums\/produit\/soleil-de-portofino-homme\/","og_locale":"fr_FR","og_type":"article","og_title":"coffret toscane soleil de portofino - Passion Parfum","og_description":"Maison Ma\u00efssa Soleil de Portofino \u2013 homme EP + Huile parfum\u00e9e + trousse en cuir 3 pi\u00e8ces","og_url":"https:\/\/digitalidentitysn.com\/Passionparfums\/produit\/soleil-de-portofino-homme\/","og_site_name":"Passion Parfum","article_publisher":"https:\/\/www.facebook.com\/Passionparfamsn","article_modified_time":"2024-03-14T16:01:00+00:00","og_image":[{"width":600,"height":600,"url":"https:\/\/digitalidentitysn.com\/Passionparfums\/wp-content\/uploads\/2024\/03\/coffret-Soleil-de-Portofino-homme-Maison-Maissa.jpg","type":"image\/jpeg"}],"twitter_card":"summary_large_image","twitter_misc":{"Dur\u00e9e de lecture estim\u00e9e":"2 minutes"},"schema":{"@context":"https:\/\/schema.org","@graph":[{"@type":"WebPage","@id":"https:\/\/digitalidentitysn.com\/Passionparfums\/produit\/soleil-de-portofino-homme\/","url":"https:\/\/digitalidentitysn.com\/Passionparfums\/produit\/soleil-de-portofino-homme\/","name":"coffret toscane soleil de portofino - Passion Parfum","isPartOf":{"@id":"https:\/\/digitalidentitysn.com\/Passionparfums\/#website"},"primaryImageOfPage":{"@id":"https:\/\/digitalidentitysn.com\/Passionparfums\/produit\/soleil-de-portofino-homme\/#primaryimage"},"image":{"@id":"https:\/\/digitalidentitysn.com\/Passionparfums\/produit\/soleil-de-portofino-homme\/#primaryimage"},"thumbnailUrl":"https:\/\/digitalidentitysn.com\/Passionparfums\/wp-content\/uploads\/2024\/03\/coffret-Soleil-de-Portofino-homme-Maison-Maissa.jpg","datePublished":"2024-03-12T12:58:36+00:00","dateModified":"2024-03-14T16:01:00+00:00","breadcrumb":{"@id":"https:\/\/digitalidentitysn.com\/Passionparfums\/produit\/soleil-de-portofino-homme\/#breadcrumb"},"inLanguage":"fr-FR","potentialAction":[{"@type":"ReadAction","target":["https:\/\/digitalidentitysn.com\/Passionparfums\/produit\/soleil-de-portofino-homme\/"]}]},{"@type":"ImageObject","inLanguage":"fr-FR","@id":"https:\/\/digitalidentitysn.com\/Passionparfums\/produit\/soleil-de-portofino-homme\/#primaryimage","url":"https:\/\/digitalidentitysn.com\/Passionparfums\/wp-content\/uploads\/2024\/03\/coffret-Soleil-de-Portofino-homme-Maison-Maissa.jpg","contentUrl":"https:\/\/digitalidentitysn.com\/Passionparfums\/wp-content\/uploads\/2024\/03\/coffret-Soleil-de-Portofino-homme-Maison-Maissa.jpg","width":600,"height":600},{"@type":"BreadcrumbList","@id":"https:\/\/digitalidentitysn.com\/Passionparfums\/produit\/soleil-de-portofino-homme\/#breadcrumb","itemListElement":[{"@type":"ListItem","position":1,"name":"Accueil","item":"https:\/\/digitalidentitysn.com\/Passionparfums\/"},{"@type":"ListItem","position":2,"name":"Boutique","item":"https:\/\/digitalidentitysn.com\/Passionparfums\/boutique\/"},{"@type":"ListItem","position":3,"name":"coffret toscane soleil de portofino"}]},{"@type":"WebSite","@id":"https:\/\/digitalidentitysn.com\/Passionparfums\/#website","url":"https:\/\/digitalidentitysn.com\/Passionparfums\/","name":"Passion Parfum","description":"Un oasis de prestige !","publisher":{"@id":"https:\/\/digitalidentitysn.com\/Passionparfums\/#organization"},"potentialAction":[{"@type":"SearchAction","target":{"@type":"EntryPoint","urlTemplate":"https:\/\/digitalidentitysn.com\/Passionparfums\/?s={search_term_string}"},"query-input":"required name=search_term_string"}],"inLanguage":"fr-FR"},{"@type":"Organization","@id":"https:\/\/digitalidentitysn.com\/Passionparfums\/#organization","name":"Passion Parfum","url":"https:\/\/digitalidentitysn.com\/Passionparfums\/","logo":{"@type":"ImageObject","inLanguage":"fr-FR","@id":"https:\/\/digitalidentitysn.com\/Passionparfums\/#\/schema\/logo\/image\/","url":null,"contentUrl":null,"width":"1400","height":"1400","caption":"Passion Parfum"},"image":{"@id":"https:\/\/digitalidentitysn.com\/Passionparfums\/#\/schema\/logo\/image\/"},"sameAs":["https:\/\/www.facebook.com\/Passionparfamsn","https:\/\/www.instagram.com\/passionparfum_seaplaza_\/","https:\/\/www.tiktok.com\/@passionparfum_seaplaza"]}]}},"_links":{"self":[{"href":"https:\/\/digitalidentitysn.com\/Passionparfums\/wp-json\/wp\/v2\/product\/8205","targetHints":{"allow":["GET"]}}],"collection":[{"href":"https:\/\/digitalidentitysn.com\/Passionparfums\/wp-json\/wp\/v2\/product"}],"about":[{"href":"https:\/\/digitalidentitysn.com\/Passionparfums\/wp-json\/wp\/v2\/types\/product"}],"replies":[{"embeddable":true,"href":"https:\/\/digitalidentitysn.com\/Passionparfums\/wp-json\/wp\/v2\/comments?post=8205"}],"wp:featuredmedia":[{"embeddable":true,"href":"https:\/\/digitalidentitysn.com\/Passionparfums\/wp-json\/wp\/v2\/media\/8379"}],"wp:attachment":[{"href":"https:\/\/digitalidentitysn.com\/Passionparfums\/wp-json\/wp\/v2\/media?parent=8205"}],"wp:term":[{"taxonomy":"product_brand","embeddable":true,"href":"https:\/\/digitalidentitysn.com\/Passionparfums\/wp-json\/wp\/v2\/product_brand?post=8205"},{"taxonomy":"product_cat","embeddable":true,"href":"https:\/\/digitalidentitysn.com\/Passionparfums\/wp-json\/wp\/v2\/product_cat?post=8205"},{"taxonomy":"product_tag","embeddable":true,"href":"https:\/\/digitalidentitysn.com\/Passionparfums\/wp-json\/wp\/v2\/product_tag?post=8205"}],"curies":[{"name":"wp","href":"https:\/\/api.w.org\/{rel}","templated":true}]}}