{"id":8162,"date":"2024-03-12T12:58:28","date_gmt":"2024-03-12T12:58:28","guid":{"rendered":"https:\/\/digitalidentitysn.com\/Passionparfums\/produit\/libre\/"},"modified":"2024-03-15T00:40:25","modified_gmt":"2024-03-15T00:40:25","slug":"libre","status":"publish","type":"product","link":"https:\/\/digitalidentitysn.com\/Passionparfums\/produit\/libre\/","title":{"rendered":"Libre"},"content":{"rendered":"\t<div id=\"text-1277137973\" class=\"text\">\n\t\t\n<p>La libert\u00e9 est s\u00e9duisante et vous savez comment l\u2019obtenir. Faites-le savoir. L\u2019eau de parfum Yves Saint Laurent Libre d\u00e9clare haut et fort que vous n\u2019avez pas peur de dire non et que vous \u00eates la seule \u00e0 pouvoir d\u00e9cider de ce qui est le mieux pour vous.<\/p>\n<ul>\n<li>parfum fleuri aux accords de lavande<\/li>\n<li>pour les femmes fortes, pleines d\u2019assurance<\/li>\n<li>parfait pour toutes les occasions sp\u00e9ciales<\/li>\n<\/ul>\n\t\t\n<style>\n#text-1277137973 {\n  color: rgb(110, 102, 102);\n}\n#text-1277137973 > * {\n  color: rgb(110, 102, 102);\n}\n<\/style>\n\t<\/div>\n\t\n<div class=\"container section-title-container\" style=\"margin-bottom:0px;\"><h3 class=\"section-title section-title-normal\"><b><\/b><span class=\"section-title-main\" style=\"font-size:84%;color:rgb(168, 14, 133);\">Notes<\/span><b><\/b><\/h3><\/div>\n\t<div id=\"text-2376960182\" class=\"text\">\n\t\t\n<table class=\"sc-1eu1dd2-6 jMdQjE\">\n<tbody>\n<tr class=\"sc-1eu1dd2-10\">\n<td class=\"sc-1eu1dd2-8 iwwDVa\">\n<div class=\"sc-j2vy08-0 bwTLvF\">Notes de t\u00eate<\/div>\n<\/td>\n<td class=\"sc-1eu1dd2-9 eUPGqr\">petit-grain, cassis, Huile de lavande fran\u00e7aise\u00a0, Huile de mandarine<\/td>\n<\/tr>\n<tr class=\"sc-1eu1dd2-10\">\n<td class=\"sc-1eu1dd2-8 iwwDVa\">\n<div class=\"sc-j2vy08-0 bwTLvF\">Notes de c\u0153ur<\/div>\n<\/td>\n<td class=\"sc-1eu1dd2-9 eUPGqr\">jasmin sambac, fleur d&rsquo;oranger, jasmin d&rsquo;Inde, lavande<\/td>\n<\/tr>\n<tr class=\"sc-1eu1dd2-10\">\n<td class=\"sc-1eu1dd2-8 iwwDVa\">\n<div class=\"sc-j2vy08-0 bwTLvF\">Notes de fond<\/div>\n<\/td>\n<td class=\"sc-1eu1dd2-9 eUPGqr\">bois de c\u00e8dre, ambre gris, musc, vanille de Madagascar<\/td>\n<\/tr>\n<\/tbody>\n<\/table>\n<p>&nbsp;<\/p>\n\t\t\n<style>\n#text-2376960182 {\n  font-size: 0.95rem;\n  line-height: 1.25;\n  color: rgb(110, 102, 102);\n}\n#text-2376960182 > * {\n  color: rgb(110, 102, 102);\n}\n<\/style>\n\t<\/div>\n\t\n\t<div id=\"text-3797752923\" class=\"text\">\n\t\t\n\t\t\n<style>\n#text-3797752923 {\n  color: rgb(110, 102, 102);\n}\n#text-3797752923 > * {\n  color: rgb(110, 102, 102);\n}\n<\/style>\n\t<\/div>\n\t\n","protected":false},"excerpt":{"rendered":"<p>Yves Saint Laurent Libre Eau de parfum 90ml<\/p>\n","protected":false},"featured_media":8451,"comment_status":"open","ping_status":"closed","template":"","meta":[],"product_brand":[],"product_cat":[716],"product_tag":[943],"class_list":{"0":"post-8162","1":"product","2":"type-product","3":"status-publish","4":"has-post-thumbnail","6":"product_cat-yves-saint-laurent","7":"product_tag-parfums-femmes","9":"first","10":"instock","11":"shipping-taxable","12":"purchasable","13":"product-type-simple"},"yoast_head":"<!-- This site is optimized with the Yoast SEO plugin v22.7 - https:\/\/yoast.com\/wordpress\/plugins\/seo\/ -->\n<title>Libre - Passion Parfum<\/title>\n<meta name=\"robots\" content=\"index, follow, max-snippet:-1, max-image-preview:large, max-video-preview:-1\" \/>\n<link rel=\"canonical\" href=\"https:\/\/digitalidentitysn.com\/Passionparfums\/produit\/libre\/\" \/>\n<meta property=\"og:locale\" content=\"fr_FR\" \/>\n<meta property=\"og:type\" content=\"article\" \/>\n<meta property=\"og:title\" content=\"Libre - Passion Parfum\" \/>\n<meta property=\"og:description\" content=\"Yves Saint Laurent Libre Eau de parfum 90ml\" \/>\n<meta property=\"og:url\" content=\"https:\/\/digitalidentitysn.com\/Passionparfums\/produit\/libre\/\" \/>\n<meta property=\"og:site_name\" content=\"Passion Parfum\" \/>\n<meta property=\"article:publisher\" content=\"https:\/\/www.facebook.com\/Passionparfamsn\" \/>\n<meta property=\"article:modified_time\" content=\"2024-03-15T00:40:25+00:00\" \/>\n<meta property=\"og:image\" content=\"https:\/\/digitalidentitysn.com\/Passionparfums\/wp-content\/uploads\/2024\/03\/libre-yves-saint-laurent-scaled.jpg\" \/>\n\t<meta property=\"og:image:width\" content=\"2560\" \/>\n\t<meta property=\"og:image:height\" content=\"2560\" \/>\n\t<meta property=\"og:image:type\" content=\"image\/jpeg\" \/>\n<meta name=\"twitter:card\" content=\"summary_large_image\" \/>\n<meta name=\"twitter:label1\" content=\"Dur\u00e9e de lecture estim\u00e9e\" \/>\n\t<meta name=\"twitter:data1\" content=\"1 minute\" \/>\n<script type=\"application\/ld+json\" class=\"yoast-schema-graph\">{\"@context\":\"https:\/\/schema.org\",\"@graph\":[{\"@type\":\"WebPage\",\"@id\":\"https:\/\/digitalidentitysn.com\/Passionparfums\/produit\/libre\/\",\"url\":\"https:\/\/digitalidentitysn.com\/Passionparfums\/produit\/libre\/\",\"name\":\"Libre - Passion Parfum\",\"isPartOf\":{\"@id\":\"https:\/\/digitalidentitysn.com\/Passionparfums\/#website\"},\"primaryImageOfPage\":{\"@id\":\"https:\/\/digitalidentitysn.com\/Passionparfums\/produit\/libre\/#primaryimage\"},\"image\":{\"@id\":\"https:\/\/digitalidentitysn.com\/Passionparfums\/produit\/libre\/#primaryimage\"},\"thumbnailUrl\":\"https:\/\/digitalidentitysn.com\/Passionparfums\/wp-content\/uploads\/2024\/03\/libre-yves-saint-laurent-scaled.jpg\",\"datePublished\":\"2024-03-12T12:58:28+00:00\",\"dateModified\":\"2024-03-15T00:40:25+00:00\",\"breadcrumb\":{\"@id\":\"https:\/\/digitalidentitysn.com\/Passionparfums\/produit\/libre\/#breadcrumb\"},\"inLanguage\":\"fr-FR\",\"potentialAction\":[{\"@type\":\"ReadAction\",\"target\":[\"https:\/\/digitalidentitysn.com\/Passionparfums\/produit\/libre\/\"]}]},{\"@type\":\"ImageObject\",\"inLanguage\":\"fr-FR\",\"@id\":\"https:\/\/digitalidentitysn.com\/Passionparfums\/produit\/libre\/#primaryimage\",\"url\":\"https:\/\/digitalidentitysn.com\/Passionparfums\/wp-content\/uploads\/2024\/03\/libre-yves-saint-laurent-scaled.jpg\",\"contentUrl\":\"https:\/\/digitalidentitysn.com\/Passionparfums\/wp-content\/uploads\/2024\/03\/libre-yves-saint-laurent-scaled.jpg\",\"width\":2560,\"height\":2560},{\"@type\":\"BreadcrumbList\",\"@id\":\"https:\/\/digitalidentitysn.com\/Passionparfums\/produit\/libre\/#breadcrumb\",\"itemListElement\":[{\"@type\":\"ListItem\",\"position\":1,\"name\":\"Accueil\",\"item\":\"https:\/\/digitalidentitysn.com\/Passionparfums\/\"},{\"@type\":\"ListItem\",\"position\":2,\"name\":\"Boutique\",\"item\":\"https:\/\/digitalidentitysn.com\/Passionparfums\/boutique\/\"},{\"@type\":\"ListItem\",\"position\":3,\"name\":\"Libre\"}]},{\"@type\":\"WebSite\",\"@id\":\"https:\/\/digitalidentitysn.com\/Passionparfums\/#website\",\"url\":\"https:\/\/digitalidentitysn.com\/Passionparfums\/\",\"name\":\"Passion Parfum\",\"description\":\"Un oasis de prestige !\",\"publisher\":{\"@id\":\"https:\/\/digitalidentitysn.com\/Passionparfums\/#organization\"},\"potentialAction\":[{\"@type\":\"SearchAction\",\"target\":{\"@type\":\"EntryPoint\",\"urlTemplate\":\"https:\/\/digitalidentitysn.com\/Passionparfums\/?s={search_term_string}\"},\"query-input\":\"required name=search_term_string\"}],\"inLanguage\":\"fr-FR\"},{\"@type\":\"Organization\",\"@id\":\"https:\/\/digitalidentitysn.com\/Passionparfums\/#organization\",\"name\":\"Passion Parfum\",\"url\":\"https:\/\/digitalidentitysn.com\/Passionparfums\/\",\"logo\":{\"@type\":\"ImageObject\",\"inLanguage\":\"fr-FR\",\"@id\":\"https:\/\/digitalidentitysn.com\/Passionparfums\/#\/schema\/logo\/image\/\",\"url\":null,\"contentUrl\":null,\"width\":\"1400\",\"height\":\"1400\",\"caption\":\"Passion Parfum\"},\"image\":{\"@id\":\"https:\/\/digitalidentitysn.com\/Passionparfums\/#\/schema\/logo\/image\/\"},\"sameAs\":[\"https:\/\/www.facebook.com\/Passionparfamsn\",\"https:\/\/www.instagram.com\/passionparfum_seaplaza_\/\",\"https:\/\/www.tiktok.com\/@passionparfum_seaplaza\"]}]}<\/script>\n<!-- \/ Yoast SEO plugin. -->","yoast_head_json":{"title":"Libre - Passion Parfum","robots":{"index":"index","follow":"follow","max-snippet":"max-snippet:-1","max-image-preview":"max-image-preview:large","max-video-preview":"max-video-preview:-1"},"canonical":"https:\/\/digitalidentitysn.com\/Passionparfums\/produit\/libre\/","og_locale":"fr_FR","og_type":"article","og_title":"Libre - Passion Parfum","og_description":"Yves Saint Laurent Libre Eau de parfum 90ml","og_url":"https:\/\/digitalidentitysn.com\/Passionparfums\/produit\/libre\/","og_site_name":"Passion Parfum","article_publisher":"https:\/\/www.facebook.com\/Passionparfamsn","article_modified_time":"2024-03-15T00:40:25+00:00","og_image":[{"width":2560,"height":2560,"url":"https:\/\/digitalidentitysn.com\/Passionparfums\/wp-content\/uploads\/2024\/03\/libre-yves-saint-laurent-scaled.jpg","type":"image\/jpeg"}],"twitter_card":"summary_large_image","twitter_misc":{"Dur\u00e9e de lecture estim\u00e9e":"1 minute"},"schema":{"@context":"https:\/\/schema.org","@graph":[{"@type":"WebPage","@id":"https:\/\/digitalidentitysn.com\/Passionparfums\/produit\/libre\/","url":"https:\/\/digitalidentitysn.com\/Passionparfums\/produit\/libre\/","name":"Libre - Passion Parfum","isPartOf":{"@id":"https:\/\/digitalidentitysn.com\/Passionparfums\/#website"},"primaryImageOfPage":{"@id":"https:\/\/digitalidentitysn.com\/Passionparfums\/produit\/libre\/#primaryimage"},"image":{"@id":"https:\/\/digitalidentitysn.com\/Passionparfums\/produit\/libre\/#primaryimage"},"thumbnailUrl":"https:\/\/digitalidentitysn.com\/Passionparfums\/wp-content\/uploads\/2024\/03\/libre-yves-saint-laurent-scaled.jpg","datePublished":"2024-03-12T12:58:28+00:00","dateModified":"2024-03-15T00:40:25+00:00","breadcrumb":{"@id":"https:\/\/digitalidentitysn.com\/Passionparfums\/produit\/libre\/#breadcrumb"},"inLanguage":"fr-FR","potentialAction":[{"@type":"ReadAction","target":["https:\/\/digitalidentitysn.com\/Passionparfums\/produit\/libre\/"]}]},{"@type":"ImageObject","inLanguage":"fr-FR","@id":"https:\/\/digitalidentitysn.com\/Passionparfums\/produit\/libre\/#primaryimage","url":"https:\/\/digitalidentitysn.com\/Passionparfums\/wp-content\/uploads\/2024\/03\/libre-yves-saint-laurent-scaled.jpg","contentUrl":"https:\/\/digitalidentitysn.com\/Passionparfums\/wp-content\/uploads\/2024\/03\/libre-yves-saint-laurent-scaled.jpg","width":2560,"height":2560},{"@type":"BreadcrumbList","@id":"https:\/\/digitalidentitysn.com\/Passionparfums\/produit\/libre\/#breadcrumb","itemListElement":[{"@type":"ListItem","position":1,"name":"Accueil","item":"https:\/\/digitalidentitysn.com\/Passionparfums\/"},{"@type":"ListItem","position":2,"name":"Boutique","item":"https:\/\/digitalidentitysn.com\/Passionparfums\/boutique\/"},{"@type":"ListItem","position":3,"name":"Libre"}]},{"@type":"WebSite","@id":"https:\/\/digitalidentitysn.com\/Passionparfums\/#website","url":"https:\/\/digitalidentitysn.com\/Passionparfums\/","name":"Passion Parfum","description":"Un oasis de prestige !","publisher":{"@id":"https:\/\/digitalidentitysn.com\/Passionparfums\/#organization"},"potentialAction":[{"@type":"SearchAction","target":{"@type":"EntryPoint","urlTemplate":"https:\/\/digitalidentitysn.com\/Passionparfums\/?s={search_term_string}"},"query-input":"required name=search_term_string"}],"inLanguage":"fr-FR"},{"@type":"Organization","@id":"https:\/\/digitalidentitysn.com\/Passionparfums\/#organization","name":"Passion Parfum","url":"https:\/\/digitalidentitysn.com\/Passionparfums\/","logo":{"@type":"ImageObject","inLanguage":"fr-FR","@id":"https:\/\/digitalidentitysn.com\/Passionparfums\/#\/schema\/logo\/image\/","url":null,"contentUrl":null,"width":"1400","height":"1400","caption":"Passion Parfum"},"image":{"@id":"https:\/\/digitalidentitysn.com\/Passionparfums\/#\/schema\/logo\/image\/"},"sameAs":["https:\/\/www.facebook.com\/Passionparfamsn","https:\/\/www.instagram.com\/passionparfum_seaplaza_\/","https:\/\/www.tiktok.com\/@passionparfum_seaplaza"]}]}},"_links":{"self":[{"href":"https:\/\/digitalidentitysn.com\/Passionparfums\/wp-json\/wp\/v2\/product\/8162","targetHints":{"allow":["GET"]}}],"collection":[{"href":"https:\/\/digitalidentitysn.com\/Passionparfums\/wp-json\/wp\/v2\/product"}],"about":[{"href":"https:\/\/digitalidentitysn.com\/Passionparfums\/wp-json\/wp\/v2\/types\/product"}],"replies":[{"embeddable":true,"href":"https:\/\/digitalidentitysn.com\/Passionparfums\/wp-json\/wp\/v2\/comments?post=8162"}],"wp:featuredmedia":[{"embeddable":true,"href":"https:\/\/digitalidentitysn.com\/Passionparfums\/wp-json\/wp\/v2\/media\/8451"}],"wp:attachment":[{"href":"https:\/\/digitalidentitysn.com\/Passionparfums\/wp-json\/wp\/v2\/media?parent=8162"}],"wp:term":[{"taxonomy":"product_brand","embeddable":true,"href":"https:\/\/digitalidentitysn.com\/Passionparfums\/wp-json\/wp\/v2\/product_brand?post=8162"},{"taxonomy":"product_cat","embeddable":true,"href":"https:\/\/digitalidentitysn.com\/Passionparfums\/wp-json\/wp\/v2\/product_cat?post=8162"},{"taxonomy":"product_tag","embeddable":true,"href":"https:\/\/digitalidentitysn.com\/Passionparfums\/wp-json\/wp\/v2\/product_tag?post=8162"}],"curies":[{"name":"wp","href":"https:\/\/api.w.org\/{rel}","templated":true}]}}