{"id":8147,"date":"2024-03-12T12:58:26","date_gmt":"2024-03-12T12:58:26","guid":{"rendered":"https:\/\/digitalidentitysn.com\/Passionparfums\/produit\/idole-intense\/"},"modified":"2024-03-14T15:03:55","modified_gmt":"2024-03-14T15:03:55","slug":"idole-intense","status":"publish","type":"product","link":"https:\/\/digitalidentitysn.com\/Passionparfums\/produit\/idole-intense\/","title":{"rendered":"Id\u00f4le Intense"},"content":{"rendered":"\t<div id=\"text-24383556\" class=\"text\">\n\t\t\n<p>Une source d\u2019inspiration pour les autres et une idole pour soi-m\u00eame. Telle est la femme qui porte l\u2019eau de parfum pour femme Lanc\u00f4me Id\u00f4le L\u2019intense. Car vous poss\u00e9dez en vous la force dont vous avez besoin pour capter l\u2019aura de la r\u00e9ussite et la laisser irradier tous ceux qui se trouvent autour de vous.<\/p>\n<ul>\n<li>parfum fleuri chypr\u00e9<\/li>\n<li>interpr\u00e9tation plus intense du parfum Lanc\u00f4me Id\u00f4le<\/li>\n<li>lanc\u00e9 sur le march\u00e9 en 2020<\/li>\n<\/ul>\n\t\t\n<style>\n#text-24383556 {\n  color: rgb(110, 102, 102);\n}\n#text-24383556 > * {\n  color: rgb(110, 102, 102);\n}\n<\/style>\n\t<\/div>\n\t\n<div class=\"container section-title-container\" style=\"margin-bottom:0px;\"><h3 class=\"section-title section-title-normal\"><b><\/b><span class=\"section-title-main\" style=\"font-size:84%;color:rgb(168, 14, 133);\">Notes<\/span><b><\/b><\/h3><\/div>\n\t<div id=\"text-3172841844\" class=\"text\">\n\t\t\n<table class=\"sc-1eu1dd2-6 jMdQjE\">\n<tbody>\n<tr class=\"sc-1eu1dd2-10\">\n<td class=\"sc-1eu1dd2-8 iwwDVa\">\n<div class=\"sc-j2vy08-0 bwTLvF\">notes de t\u00eate<\/div>\n<\/td>\n<td class=\"sc-1eu1dd2-9 eUPGqr\">mandarine sauvage, bigarade<\/td>\n<\/tr>\n<tr class=\"sc-1eu1dd2-10\">\n<td class=\"sc-1eu1dd2-8 iwwDVa\">\n<div class=\"sc-j2vy08-0 bwTLvF\">notes de c\u0153ur<\/div>\n<\/td>\n<td class=\"sc-1eu1dd2-9 eUPGqr\">rose, absolu de jasmin<\/td>\n<\/tr>\n<tr class=\"sc-1eu1dd2-10\">\n<td class=\"sc-1eu1dd2-8 iwwDVa\">\n<div class=\"sc-j2vy08-0 bwTLvF\">notes de fond<\/div>\n<\/td>\n<td class=\"sc-1eu1dd2-9 eUPGqr\">Akigalawood, bois de santal, ambre vanill\u00e9<\/td>\n<\/tr>\n<\/tbody>\n<\/table>\n\t\t\n<style>\n#text-3172841844 {\n  font-size: 0.95rem;\n  line-height: 1.25;\n  color: rgb(110, 102, 102);\n}\n#text-3172841844 > * {\n  color: rgb(110, 102, 102);\n}\n<\/style>\n\t<\/div>\n\t\n\t<div id=\"text-3358860230\" class=\"text\">\n\t\t\n\t\t\n<style>\n#text-3358860230 {\n  color: rgb(110, 102, 102);\n}\n#text-3358860230 > * {\n  color: rgb(110, 102, 102);\n}\n<\/style>\n\t<\/div>\n\t\n","protected":false},"excerpt":{"rendered":"<p>Lanc\u00f4me Id\u00f4le Intense Eau de parfum 75ml<\/p>\n","protected":false},"featured_media":8443,"comment_status":"open","ping_status":"closed","template":"","meta":[],"product_brand":[],"product_cat":[733],"product_tag":[943],"class_list":{"0":"post-8147","1":"product","2":"type-product","3":"status-publish","4":"has-post-thumbnail","6":"product_cat-lancome","7":"product_tag-parfums-femmes","9":"first","10":"instock","11":"shipping-taxable","12":"purchasable","13":"product-type-simple"},"yoast_head":"<!-- This site is optimized with the Yoast SEO plugin v22.7 - https:\/\/yoast.com\/wordpress\/plugins\/seo\/ -->\n<title>Id\u00f4le Intense - Passion Parfum<\/title>\n<meta name=\"robots\" content=\"index, follow, max-snippet:-1, max-image-preview:large, max-video-preview:-1\" \/>\n<link rel=\"canonical\" href=\"https:\/\/digitalidentitysn.com\/Passionparfums\/produit\/idole-intense\/\" \/>\n<meta property=\"og:locale\" content=\"fr_FR\" \/>\n<meta property=\"og:type\" content=\"article\" \/>\n<meta property=\"og:title\" content=\"Id\u00f4le Intense - Passion Parfum\" \/>\n<meta property=\"og:description\" content=\"Lanc\u00f4me Id\u00f4le Intense Eau de parfum 75ml\" \/>\n<meta property=\"og:url\" content=\"https:\/\/digitalidentitysn.com\/Passionparfums\/produit\/idole-intense\/\" \/>\n<meta property=\"og:site_name\" content=\"Passion Parfum\" \/>\n<meta property=\"article:publisher\" content=\"https:\/\/www.facebook.com\/Passionparfamsn\" \/>\n<meta property=\"article:modified_time\" content=\"2024-03-14T15:03:55+00:00\" \/>\n<meta property=\"og:image\" content=\"https:\/\/digitalidentitysn.com\/Passionparfums\/wp-content\/uploads\/2024\/03\/lancome-idole-intense.jpg\" \/>\n\t<meta property=\"og:image:width\" content=\"800\" \/>\n\t<meta property=\"og:image:height\" content=\"800\" \/>\n\t<meta property=\"og:image:type\" content=\"image\/jpeg\" \/>\n<meta name=\"twitter:card\" content=\"summary_large_image\" \/>\n<meta name=\"twitter:label1\" content=\"Dur\u00e9e de lecture estim\u00e9e\" \/>\n\t<meta name=\"twitter:data1\" content=\"1 minute\" \/>\n<script type=\"application\/ld+json\" class=\"yoast-schema-graph\">{\"@context\":\"https:\/\/schema.org\",\"@graph\":[{\"@type\":\"WebPage\",\"@id\":\"https:\/\/digitalidentitysn.com\/Passionparfums\/produit\/idole-intense\/\",\"url\":\"https:\/\/digitalidentitysn.com\/Passionparfums\/produit\/idole-intense\/\",\"name\":\"Id\u00f4le Intense - Passion Parfum\",\"isPartOf\":{\"@id\":\"https:\/\/digitalidentitysn.com\/Passionparfums\/#website\"},\"primaryImageOfPage\":{\"@id\":\"https:\/\/digitalidentitysn.com\/Passionparfums\/produit\/idole-intense\/#primaryimage\"},\"image\":{\"@id\":\"https:\/\/digitalidentitysn.com\/Passionparfums\/produit\/idole-intense\/#primaryimage\"},\"thumbnailUrl\":\"https:\/\/digitalidentitysn.com\/Passionparfums\/wp-content\/uploads\/2024\/03\/lancome-idole-intense.jpg\",\"datePublished\":\"2024-03-12T12:58:26+00:00\",\"dateModified\":\"2024-03-14T15:03:55+00:00\",\"breadcrumb\":{\"@id\":\"https:\/\/digitalidentitysn.com\/Passionparfums\/produit\/idole-intense\/#breadcrumb\"},\"inLanguage\":\"fr-FR\",\"potentialAction\":[{\"@type\":\"ReadAction\",\"target\":[\"https:\/\/digitalidentitysn.com\/Passionparfums\/produit\/idole-intense\/\"]}]},{\"@type\":\"ImageObject\",\"inLanguage\":\"fr-FR\",\"@id\":\"https:\/\/digitalidentitysn.com\/Passionparfums\/produit\/idole-intense\/#primaryimage\",\"url\":\"https:\/\/digitalidentitysn.com\/Passionparfums\/wp-content\/uploads\/2024\/03\/lancome-idole-intense.jpg\",\"contentUrl\":\"https:\/\/digitalidentitysn.com\/Passionparfums\/wp-content\/uploads\/2024\/03\/lancome-idole-intense.jpg\",\"width\":800,\"height\":800},{\"@type\":\"BreadcrumbList\",\"@id\":\"https:\/\/digitalidentitysn.com\/Passionparfums\/produit\/idole-intense\/#breadcrumb\",\"itemListElement\":[{\"@type\":\"ListItem\",\"position\":1,\"name\":\"Accueil\",\"item\":\"https:\/\/digitalidentitysn.com\/Passionparfums\/\"},{\"@type\":\"ListItem\",\"position\":2,\"name\":\"Boutique\",\"item\":\"https:\/\/digitalidentitysn.com\/Passionparfums\/boutique\/\"},{\"@type\":\"ListItem\",\"position\":3,\"name\":\"Id\u00f4le Intense\"}]},{\"@type\":\"WebSite\",\"@id\":\"https:\/\/digitalidentitysn.com\/Passionparfums\/#website\",\"url\":\"https:\/\/digitalidentitysn.com\/Passionparfums\/\",\"name\":\"Passion Parfum\",\"description\":\"Un oasis de prestige !\",\"publisher\":{\"@id\":\"https:\/\/digitalidentitysn.com\/Passionparfums\/#organization\"},\"potentialAction\":[{\"@type\":\"SearchAction\",\"target\":{\"@type\":\"EntryPoint\",\"urlTemplate\":\"https:\/\/digitalidentitysn.com\/Passionparfums\/?s={search_term_string}\"},\"query-input\":\"required name=search_term_string\"}],\"inLanguage\":\"fr-FR\"},{\"@type\":\"Organization\",\"@id\":\"https:\/\/digitalidentitysn.com\/Passionparfums\/#organization\",\"name\":\"Passion Parfum\",\"url\":\"https:\/\/digitalidentitysn.com\/Passionparfums\/\",\"logo\":{\"@type\":\"ImageObject\",\"inLanguage\":\"fr-FR\",\"@id\":\"https:\/\/digitalidentitysn.com\/Passionparfums\/#\/schema\/logo\/image\/\",\"url\":null,\"contentUrl\":null,\"width\":\"1400\",\"height\":\"1400\",\"caption\":\"Passion Parfum\"},\"image\":{\"@id\":\"https:\/\/digitalidentitysn.com\/Passionparfums\/#\/schema\/logo\/image\/\"},\"sameAs\":[\"https:\/\/www.facebook.com\/Passionparfamsn\",\"https:\/\/www.instagram.com\/passionparfum_seaplaza_\/\",\"https:\/\/www.tiktok.com\/@passionparfum_seaplaza\"]}]}<\/script>\n<!-- \/ Yoast SEO plugin. -->","yoast_head_json":{"title":"Id\u00f4le Intense - Passion Parfum","robots":{"index":"index","follow":"follow","max-snippet":"max-snippet:-1","max-image-preview":"max-image-preview:large","max-video-preview":"max-video-preview:-1"},"canonical":"https:\/\/digitalidentitysn.com\/Passionparfums\/produit\/idole-intense\/","og_locale":"fr_FR","og_type":"article","og_title":"Id\u00f4le Intense - Passion Parfum","og_description":"Lanc\u00f4me Id\u00f4le Intense Eau de parfum 75ml","og_url":"https:\/\/digitalidentitysn.com\/Passionparfums\/produit\/idole-intense\/","og_site_name":"Passion Parfum","article_publisher":"https:\/\/www.facebook.com\/Passionparfamsn","article_modified_time":"2024-03-14T15:03:55+00:00","og_image":[{"width":800,"height":800,"url":"https:\/\/digitalidentitysn.com\/Passionparfums\/wp-content\/uploads\/2024\/03\/lancome-idole-intense.jpg","type":"image\/jpeg"}],"twitter_card":"summary_large_image","twitter_misc":{"Dur\u00e9e de lecture estim\u00e9e":"1 minute"},"schema":{"@context":"https:\/\/schema.org","@graph":[{"@type":"WebPage","@id":"https:\/\/digitalidentitysn.com\/Passionparfums\/produit\/idole-intense\/","url":"https:\/\/digitalidentitysn.com\/Passionparfums\/produit\/idole-intense\/","name":"Id\u00f4le Intense - Passion Parfum","isPartOf":{"@id":"https:\/\/digitalidentitysn.com\/Passionparfums\/#website"},"primaryImageOfPage":{"@id":"https:\/\/digitalidentitysn.com\/Passionparfums\/produit\/idole-intense\/#primaryimage"},"image":{"@id":"https:\/\/digitalidentitysn.com\/Passionparfums\/produit\/idole-intense\/#primaryimage"},"thumbnailUrl":"https:\/\/digitalidentitysn.com\/Passionparfums\/wp-content\/uploads\/2024\/03\/lancome-idole-intense.jpg","datePublished":"2024-03-12T12:58:26+00:00","dateModified":"2024-03-14T15:03:55+00:00","breadcrumb":{"@id":"https:\/\/digitalidentitysn.com\/Passionparfums\/produit\/idole-intense\/#breadcrumb"},"inLanguage":"fr-FR","potentialAction":[{"@type":"ReadAction","target":["https:\/\/digitalidentitysn.com\/Passionparfums\/produit\/idole-intense\/"]}]},{"@type":"ImageObject","inLanguage":"fr-FR","@id":"https:\/\/digitalidentitysn.com\/Passionparfums\/produit\/idole-intense\/#primaryimage","url":"https:\/\/digitalidentitysn.com\/Passionparfums\/wp-content\/uploads\/2024\/03\/lancome-idole-intense.jpg","contentUrl":"https:\/\/digitalidentitysn.com\/Passionparfums\/wp-content\/uploads\/2024\/03\/lancome-idole-intense.jpg","width":800,"height":800},{"@type":"BreadcrumbList","@id":"https:\/\/digitalidentitysn.com\/Passionparfums\/produit\/idole-intense\/#breadcrumb","itemListElement":[{"@type":"ListItem","position":1,"name":"Accueil","item":"https:\/\/digitalidentitysn.com\/Passionparfums\/"},{"@type":"ListItem","position":2,"name":"Boutique","item":"https:\/\/digitalidentitysn.com\/Passionparfums\/boutique\/"},{"@type":"ListItem","position":3,"name":"Id\u00f4le Intense"}]},{"@type":"WebSite","@id":"https:\/\/digitalidentitysn.com\/Passionparfums\/#website","url":"https:\/\/digitalidentitysn.com\/Passionparfums\/","name":"Passion Parfum","description":"Un oasis de prestige !","publisher":{"@id":"https:\/\/digitalidentitysn.com\/Passionparfums\/#organization"},"potentialAction":[{"@type":"SearchAction","target":{"@type":"EntryPoint","urlTemplate":"https:\/\/digitalidentitysn.com\/Passionparfums\/?s={search_term_string}"},"query-input":"required name=search_term_string"}],"inLanguage":"fr-FR"},{"@type":"Organization","@id":"https:\/\/digitalidentitysn.com\/Passionparfums\/#organization","name":"Passion Parfum","url":"https:\/\/digitalidentitysn.com\/Passionparfums\/","logo":{"@type":"ImageObject","inLanguage":"fr-FR","@id":"https:\/\/digitalidentitysn.com\/Passionparfums\/#\/schema\/logo\/image\/","url":null,"contentUrl":null,"width":"1400","height":"1400","caption":"Passion Parfum"},"image":{"@id":"https:\/\/digitalidentitysn.com\/Passionparfums\/#\/schema\/logo\/image\/"},"sameAs":["https:\/\/www.facebook.com\/Passionparfamsn","https:\/\/www.instagram.com\/passionparfum_seaplaza_\/","https:\/\/www.tiktok.com\/@passionparfum_seaplaza"]}]}},"_links":{"self":[{"href":"https:\/\/digitalidentitysn.com\/Passionparfums\/wp-json\/wp\/v2\/product\/8147","targetHints":{"allow":["GET"]}}],"collection":[{"href":"https:\/\/digitalidentitysn.com\/Passionparfums\/wp-json\/wp\/v2\/product"}],"about":[{"href":"https:\/\/digitalidentitysn.com\/Passionparfums\/wp-json\/wp\/v2\/types\/product"}],"replies":[{"embeddable":true,"href":"https:\/\/digitalidentitysn.com\/Passionparfums\/wp-json\/wp\/v2\/comments?post=8147"}],"wp:featuredmedia":[{"embeddable":true,"href":"https:\/\/digitalidentitysn.com\/Passionparfums\/wp-json\/wp\/v2\/media\/8443"}],"wp:attachment":[{"href":"https:\/\/digitalidentitysn.com\/Passionparfums\/wp-json\/wp\/v2\/media?parent=8147"}],"wp:term":[{"taxonomy":"product_brand","embeddable":true,"href":"https:\/\/digitalidentitysn.com\/Passionparfums\/wp-json\/wp\/v2\/product_brand?post=8147"},{"taxonomy":"product_cat","embeddable":true,"href":"https:\/\/digitalidentitysn.com\/Passionparfums\/wp-json\/wp\/v2\/product_cat?post=8147"},{"taxonomy":"product_tag","embeddable":true,"href":"https:\/\/digitalidentitysn.com\/Passionparfums\/wp-json\/wp\/v2\/product_tag?post=8147"}],"curies":[{"name":"wp","href":"https:\/\/api.w.org\/{rel}","templated":true}]}}