{"id":1351,"date":"2023-05-30T13:07:27","date_gmt":"2023-05-30T13:07:27","guid":{"rendered":"https:\/\/digitalidentitysn.com\/AMCO\/?page_id=1351"},"modified":"2023-10-10T16:13:05","modified_gmt":"2023-10-10T16:13:05","slug":"mot-de-la-directrice-generale","status":"publish","type":"page","link":"https:\/\/digitalidentitysn.com\/AMCO\/mot-de-la-directrice-generale\/","title":{"rendered":"Mot de la Directrice G\u00e9n\u00e9rale"},"content":{"rendered":"\t\t<div data-elementor-type=\"wp-page\" data-elementor-id=\"1351\" class=\"elementor elementor-1351\">\n\t\t\t\t\t\t<section class=\"elementor-section elementor-top-section elementor-element elementor-element-4da19c0 elementor-section-boxed elementor-section-height-default elementor-section-height-default\" data-id=\"4da19c0\" data-element_type=\"section\" data-e-type=\"section\">\n\t\t\t\t\t\t<div class=\"elementor-container elementor-column-gap-default\">\n\t\t\t\t\t<div class=\"elementor-column elementor-col-100 elementor-top-column elementor-element elementor-element-a48a0f9\" data-id=\"a48a0f9\" data-element_type=\"column\" data-e-type=\"column\">\n\t\t\t<div class=\"elementor-widget-wrap elementor-element-populated\">\n\t\t\t\t\t\t<div class=\"elementor-element elementor-element-ef3b1d7 elementor-widget elementor-widget-spacer\" data-id=\"ef3b1d7\" data-element_type=\"widget\" data-e-type=\"widget\" data-widget_type=\"spacer.default\">\n\t\t\t\t<div class=\"elementor-widget-container\">\n\t\t\t\t\t\t\t<div class=\"elementor-spacer\">\n\t\t\t<div class=\"elementor-spacer-inner\"><\/div>\n\t\t<\/div>\n\t\t\t\t\t\t<\/div>\n\t\t\t\t<\/div>\n\t\t\t\t\t<\/div>\n\t\t<\/div>\n\t\t\t\t\t<\/div>\n\t\t<\/section>\n\t\t\t\t<section class=\"elementor-section elementor-top-section elementor-element elementor-element-71bac39 elementor-section-boxed elementor-section-height-default elementor-section-height-default\" data-id=\"71bac39\" data-element_type=\"section\" data-e-type=\"section\">\n\t\t\t\t\t\t<div class=\"elementor-container elementor-column-gap-default\">\n\t\t\t\t\t<div class=\"elementor-column elementor-col-50 elementor-top-column elementor-element elementor-element-1b63ecc\" data-id=\"1b63ecc\" data-element_type=\"column\" data-e-type=\"column\">\n\t\t\t<div class=\"elementor-widget-wrap elementor-element-populated\">\n\t\t\t\t\t\t<div class=\"elementor-element elementor-element-a0e13cf elementor-widget elementor-widget-spacer\" data-id=\"a0e13cf\" data-element_type=\"widget\" data-e-type=\"widget\" data-widget_type=\"spacer.default\">\n\t\t\t\t<div class=\"elementor-widget-container\">\n\t\t\t\t\t\t\t<div class=\"elementor-spacer\">\n\t\t\t<div class=\"elementor-spacer-inner\"><\/div>\n\t\t<\/div>\n\t\t\t\t\t\t<\/div>\n\t\t\t\t<\/div>\n\t\t\t\t<div class=\"elementor-element elementor-element-6cf41553 animated-slow elementor-widget__width-initial elementor-invisible elementor-widget elementor-widget-image\" data-id=\"6cf41553\" data-element_type=\"widget\" data-e-type=\"widget\" data-settings=\"{&quot;_animation&quot;:&quot;zoomInDown&quot;}\" data-widget_type=\"image.default\">\n\t\t\t\t<div class=\"elementor-widget-container\">\n\t\t\t\t\t\t\t\t\t\t\t\t\t\t\t<img fetchpriority=\"high\" decoding=\"async\" width=\"768\" height=\"1024\" src=\"https:\/\/digitalidentitysn.com\/AMCO\/wp-content\/uploads\/2023\/10\/PHOTO-AMINATA-BA-768x1024.jpg\" class=\"attachment-large size-large wp-image-2171\" alt=\"\" srcset=\"https:\/\/digitalidentitysn.com\/AMCO\/wp-content\/uploads\/2023\/10\/PHOTO-AMINATA-BA-768x1024.jpg 768w, https:\/\/digitalidentitysn.com\/AMCO\/wp-content\/uploads\/2023\/10\/PHOTO-AMINATA-BA-225x300.jpg 225w, https:\/\/digitalidentitysn.com\/AMCO\/wp-content\/uploads\/2023\/10\/PHOTO-AMINATA-BA-1152x1536.jpg 1152w, https:\/\/digitalidentitysn.com\/AMCO\/wp-content\/uploads\/2023\/10\/PHOTO-AMINATA-BA-1536x2048.jpg 1536w, https:\/\/digitalidentitysn.com\/AMCO\/wp-content\/uploads\/2023\/10\/PHOTO-AMINATA-BA-scaled.jpg 1920w\" sizes=\"(max-width: 768px) 100vw, 768px\" \/>\t\t\t\t\t\t\t\t\t\t\t\t\t\t\t<\/div>\n\t\t\t\t<\/div>\n\t\t\t\t<div class=\"elementor-element elementor-element-4990f84 elementor-widget elementor-widget-spacer\" data-id=\"4990f84\" data-element_type=\"widget\" data-e-type=\"widget\" data-widget_type=\"spacer.default\">\n\t\t\t\t<div class=\"elementor-widget-container\">\n\t\t\t\t\t\t\t<div class=\"elementor-spacer\">\n\t\t\t<div class=\"elementor-spacer-inner\"><\/div>\n\t\t<\/div>\n\t\t\t\t\t\t<\/div>\n\t\t\t\t<\/div>\n\t\t\t\t<div class=\"elementor-element elementor-element-124a39f elementor-widget elementor-widget-heading\" data-id=\"124a39f\" data-element_type=\"widget\" data-e-type=\"widget\" data-widget_type=\"heading.default\">\n\t\t\t\t<div class=\"elementor-widget-container\">\n\t\t\t\t\t<h2 class=\"elementor-heading-title elementor-size-default\">Directeur G\u00e9n\u00e9ral AM-Co\n<\/h2>\t\t\t\t<\/div>\n\t\t\t\t<\/div>\n\t\t\t\t<div class=\"elementor-element elementor-element-e7d5392 elementor-widget elementor-widget-text-editor\" data-id=\"e7d5392\" data-element_type=\"widget\" data-e-type=\"widget\" data-widget_type=\"text-editor.default\">\n\t\t\t\t<div class=\"elementor-widget-container\">\n\t\t\t\t\t\t\t\t\t<p><strong>Aminata\u00a0 BA<\/strong><\/p>\t\t\t\t\t\t\t\t<\/div>\n\t\t\t\t<\/div>\n\t\t\t\t\t<\/div>\n\t\t<\/div>\n\t\t\t\t<div class=\"elementor-column elementor-col-50 elementor-top-column elementor-element elementor-element-7149c9a\" data-id=\"7149c9a\" data-element_type=\"column\" data-e-type=\"column\">\n\t\t\t<div class=\"elementor-widget-wrap elementor-element-populated\">\n\t\t\t\t\t\t<div class=\"elementor-element elementor-element-5496b394 elementor-widget elementor-widget-heading\" data-id=\"5496b394\" data-element_type=\"widget\" data-e-type=\"widget\" data-widget_type=\"heading.default\">\n\t\t\t\t<div class=\"elementor-widget-container\">\n\t\t\t\t\t<h5 class=\"elementor-heading-title elementor-size-default\">Mot de la directrice g\u00e9n\u00e9rale <\/h5>\t\t\t\t<\/div>\n\t\t\t\t<\/div>\n\t\t\t\t<div class=\"elementor-element elementor-element-742d127d animated-slow elementor-invisible elementor-widget elementor-widget-text-editor\" data-id=\"742d127d\" data-element_type=\"widget\" data-e-type=\"widget\" data-settings=\"{&quot;_animation&quot;:&quot;slideInDown&quot;}\" data-widget_type=\"text-editor.default\">\n\t\t\t\t<div class=\"elementor-widget-container\">\n\t\t\t\t\t\t\t\t\t<p><strong>AM-CO Consulting &amp; Services \u2013 SARL<\/strong> est un cabinet de Formations, Coaching &amp; Conseils.<\/p>\t\t\t\t\t\t\t\t<\/div>\n\t\t\t\t<\/div>\n\t\t\t\t<div class=\"elementor-element elementor-element-bd69cf8 animated-slow elementor-widget__width-initial elementor-invisible elementor-widget elementor-widget-text-editor\" data-id=\"bd69cf8\" data-element_type=\"widget\" data-e-type=\"widget\" data-settings=\"{&quot;_animation&quot;:&quot;slideInDown&quot;}\" data-widget_type=\"text-editor.default\">\n\t\t\t\t<div class=\"elementor-widget-container\">\n\t\t\t\t\t\t\t\t\t<p><strong>Notre mission est la formation, le coaching, le conseil et le renforcement des capacit\u00e9s en formation continue. <\/strong>Nous accompagnons les entreprises et les organisations dans leurs d\u00e9marches d\u2019am\u00e9lioration continue et de recherche de la performance.<\/p><p>\u00a0<\/p>\t\t\t\t\t\t\t\t<\/div>\n\t\t\t\t<\/div>\n\t\t\t\t<div class=\"elementor-element elementor-element-d64f112 animated-slow elementor-invisible elementor-widget elementor-widget-text-editor\" data-id=\"d64f112\" data-element_type=\"widget\" data-e-type=\"widget\" data-settings=\"{&quot;_animation&quot;:&quot;slideInDown&quot;}\" data-widget_type=\"text-editor.default\">\n\t\t\t\t<div class=\"elementor-widget-container\">\n\t\t\t\t\t\t\t\t\t<p><strong>AM-CO<\/strong> <strong>Consulting<\/strong> c\u2019est <strong>la r\u00e9alisation<\/strong> d\u2019une exp\u00e9rience de 27 ann\u00e9es cumul\u00e9es dans le management organisationnel, le management des Entreprises et plus particuli\u00e8rement dans le domaine du Commerce International, des Achats et du Supply Chain. Nous avons eu l\u2019opportunit\u00e9 de travailler dans divers secteurs d\u2019activit\u00e9s. Au travers de nos missions, nous avons \u0153uvr\u00e9 strat\u00e9giquement et op\u00e9rationnellement pour r\u00e9pondre aux attentes et assurer un management de la performance des Achats et du Supply Chain avec une recherche permanente de r\u00e9sultats et de la performance.<\/p>\t\t\t\t\t\t\t\t<\/div>\n\t\t\t\t<\/div>\n\t\t\t\t<div class=\"elementor-element elementor-element-5fc02bb animated-slow elementor-invisible elementor-widget elementor-widget-text-editor\" data-id=\"5fc02bb\" data-element_type=\"widget\" data-e-type=\"widget\" data-settings=\"{&quot;_animation&quot;:&quot;slideInLeft&quot;}\" data-widget_type=\"text-editor.default\">\n\t\t\t\t<div class=\"elementor-widget-container\">\n\t\t\t\t\t\t\t\t\t<p><strong>Ecoute, R\u00e9flexion &amp; Innovation sont au coeur de la vision que nous avons de notre m\u00e9tier. <\/strong><\/p><p>Notre cabinet vous propose des services focalis\u00e9s sur la qualit\u00e9 du r\u00e9sultat afin d\u2019assurer une meilleure orientation strat\u00e9gique. Nous vous apportons une r\u00e9elle valeur ajout\u00e9e. Nos clients sont vari\u00e9s\u2026 et uniques ! Chacun poss\u00e8de sa singularit\u00e9 et son savoir-faire, c\u2019est ce qui nous permet de leur proposer des solutions personnalis\u00e9es qui optimisent leur d\u00e9marche de d\u00e9veloppement.<\/p><p>Nous mettons \u00e0 votre disposition une expertise manag\u00e9riale et op\u00e9rationnelle qui s\u2019\u00e9tendent sur plusieurs domaines d\u2019activit\u00e9. Nos consultants-Formateurs \u00ab experts-qualifi\u00e9s \u00bb, dot\u00e9s d\u2019une solide exp\u00e9rience dans le domaine de la formation et du consulting viendront vous apporter toutes leurs comp\u00e9tences pour vous assister et vous guider tout au long de notre processus : <strong>Ecoute, R\u00e9flexion &amp; Innovation<\/strong><\/p>\t\t\t\t\t\t\t\t<\/div>\n\t\t\t\t<\/div>\n\t\t\t\t<div class=\"elementor-element elementor-element-beebc1e animated-slow elementor-invisible elementor-widget elementor-widget-text-editor\" data-id=\"beebc1e\" data-element_type=\"widget\" data-e-type=\"widget\" data-settings=\"{&quot;_animation&quot;:&quot;slideInRight&quot;}\" data-widget_type=\"text-editor.default\">\n\t\t\t\t<div class=\"elementor-widget-container\">\n\t\t\t\t\t\t\t\t\t<p>Notre Vision :<strong> \u201c\u00catre un cabinet de r\u00e9f\u00e9rence dans la formation et le coaching des entreprises et organisations\u201d<\/strong><\/p>\t\t\t\t\t\t\t\t<\/div>\n\t\t\t\t<\/div>\n\t\t\t\t\t<\/div>\n\t\t<\/div>\n\t\t\t\t\t<\/div>\n\t\t<\/section>\n\t\t\t\t<section class=\"elementor-section elementor-top-section elementor-element elementor-element-da27d0c elementor-section-boxed elementor-section-height-default elementor-section-height-default\" data-id=\"da27d0c\" data-element_type=\"section\" data-e-type=\"section\">\n\t\t\t\t\t\t<div class=\"elementor-container elementor-column-gap-default\">\n\t\t\t\t\t<div class=\"elementor-column elementor-col-100 elementor-top-column elementor-element elementor-element-e71058c\" data-id=\"e71058c\" data-element_type=\"column\" data-e-type=\"column\">\n\t\t\t<div class=\"elementor-widget-wrap\">\n\t\t\t\t\t\t\t<\/div>\n\t\t<\/div>\n\t\t\t\t\t<\/div>\n\t\t<\/section>\n\t\t\t\t<\/div>\n\t\t","protected":false},"excerpt":{"rendered":"<p>Directeur G\u00e9n\u00e9ral AM-Co Aminata\u00a0 BA Mot de la directrice g\u00e9n\u00e9rale AM-CO Consulting &amp; Services \u2013 SARL est un cabinet de Formations, Coaching &amp; Conseils. Notre mission est la formation, le&hellip;<\/p>\n","protected":false},"author":1,"featured_media":0,"parent":0,"menu_order":0,"comment_status":"closed","ping_status":"closed","template":"elementor_header_footer","meta":{"footnotes":""},"class_list":["post-1351","page","type-page","status-publish","hentry"],"_links":{"self":[{"href":"https:\/\/digitalidentitysn.com\/AMCO\/wp-json\/wp\/v2\/pages\/1351","targetHints":{"allow":["GET"]}}],"collection":[{"href":"https:\/\/digitalidentitysn.com\/AMCO\/wp-json\/wp\/v2\/pages"}],"about":[{"href":"https:\/\/digitalidentitysn.com\/AMCO\/wp-json\/wp\/v2\/types\/page"}],"author":[{"embeddable":true,"href":"https:\/\/digitalidentitysn.com\/AMCO\/wp-json\/wp\/v2\/users\/1"}],"replies":[{"embeddable":true,"href":"https:\/\/digitalidentitysn.com\/AMCO\/wp-json\/wp\/v2\/comments?post=1351"}],"version-history":[{"count":0,"href":"https:\/\/digitalidentitysn.com\/AMCO\/wp-json\/wp\/v2\/pages\/1351\/revisions"}],"wp:attachment":[{"href":"https:\/\/digitalidentitysn.com\/AMCO\/wp-json\/wp\/v2\/media?parent=1351"}],"curies":[{"name":"wp","href":"https:\/\/api.w.org\/{rel}","templated":true}]}}