{"id":1027,"date":"2023-05-24T16:34:36","date_gmt":"2023-05-24T16:34:36","guid":{"rendered":"https:\/\/digitalidentitysn.com\/AMCO\/?page_id=1027"},"modified":"2023-11-10T11:12:37","modified_gmt":"2023-11-10T11:12:37","slug":"consulting-achat","status":"publish","type":"page","link":"https:\/\/digitalidentitysn.com\/AMCO\/consulting-achat\/","title":{"rendered":"Consulting Achat"},"content":{"rendered":"\t\t<div data-elementor-type=\"wp-page\" data-elementor-id=\"1027\" class=\"elementor elementor-1027\">\n\t\t\t\t\t\t<section class=\"elementor-section elementor-top-section elementor-element elementor-element-ed60dd6 elementor-section-boxed elementor-section-height-default elementor-section-height-default\" data-id=\"ed60dd6\" data-element_type=\"section\" data-e-type=\"section\">\n\t\t\t\t\t\t<div class=\"elementor-container elementor-column-gap-default\">\n\t\t\t\t\t<div class=\"elementor-column elementor-col-100 elementor-top-column elementor-element elementor-element-97c11ff\" data-id=\"97c11ff\" data-element_type=\"column\" data-e-type=\"column\">\n\t\t\t<div class=\"elementor-widget-wrap elementor-element-populated\">\n\t\t\t\t\t\t<div class=\"elementor-element elementor-element-df3310f elementor-widget elementor-widget-heading\" data-id=\"df3310f\" data-element_type=\"widget\" data-e-type=\"widget\" data-widget_type=\"heading.default\">\n\t\t\t\t<div class=\"elementor-widget-container\">\n\t\t\t\t\t<h2 class=\"elementor-heading-title elementor-size-default\">Consulting Achat<\/h2>\t\t\t\t<\/div>\n\t\t\t\t<\/div>\n\t\t\t\t\t<\/div>\n\t\t<\/div>\n\t\t\t\t\t<\/div>\n\t\t<\/section>\n\t\t\t\t<section class=\"elementor-section elementor-top-section elementor-element elementor-element-9a2a743 elementor-section-boxed elementor-section-height-default elementor-section-height-default\" data-id=\"9a2a743\" data-element_type=\"section\" data-e-type=\"section\">\n\t\t\t\t\t\t<div class=\"elementor-container elementor-column-gap-default\">\n\t\t\t\t\t<div class=\"elementor-column elementor-col-100 elementor-top-column elementor-element elementor-element-c58ea9c\" data-id=\"c58ea9c\" data-element_type=\"column\" data-e-type=\"column\">\n\t\t\t<div class=\"elementor-widget-wrap elementor-element-populated\">\n\t\t\t\t\t\t<div class=\"elementor-element elementor-element-63203b5b elementor-widget elementor-widget-text-editor\" data-id=\"63203b5b\" data-element_type=\"widget\" data-e-type=\"widget\" data-widget_type=\"text-editor.default\">\n\t\t\t\t<div class=\"elementor-widget-container\">\n\t\t\t\t\t\t\t\t\t<p><strong>AM-CO Consulting\u00a0<\/strong>est<strong>\u00a0<\/strong>sp\u00e9cialis\u00e9 dans l\u2019audit, l\u2019exploitation, l\u2019expertise et le management de la performance des Achats et du Supply Chain\u00a0propose aux entreprises un consulting achat.<\/p>\t\t\t\t\t\t\t\t<\/div>\n\t\t\t\t<\/div>\n\t\t\t\t<div class=\"elementor-element elementor-element-71f95a3 elementor-widget elementor-widget-text-editor\" data-id=\"71f95a3\" data-element_type=\"widget\" data-e-type=\"widget\" data-widget_type=\"text-editor.default\">\n\t\t\t\t<div class=\"elementor-widget-container\">\n\t\t\t\t\t\t\t\t\t<p>Fort d\u2019une exp\u00e9rience de plus de 27 ann\u00e9es cumul\u00e9es dans l\u2019organisation et l\u2019administration des Entreprises et plus particuli\u00e8rement dans le domaine du Commerce International, des Achats et du Supply Chain, nous avons eu l\u2019opportunit\u00e9 de travailler dans divers secteurs d\u2019activit\u00e9s. Au travers de nos missions, nous avons \u0153uvr\u00e9 strat\u00e9giquement et op\u00e9rationnellement pour r\u00e9pondre aux attentes de nos clients et assurer un management de la performance des Achats et du Supply Chain avec une recherche permanente de r\u00e9sultats et de la performance pour assurer des partenariats solides et durables avec nos clients.<\/p>\t\t\t\t\t\t\t\t<\/div>\n\t\t\t\t<\/div>\n\t\t\t\t<div class=\"elementor-element elementor-element-8bf3acd elementor-widget elementor-widget-text-editor\" data-id=\"8bf3acd\" data-element_type=\"widget\" data-e-type=\"widget\" data-widget_type=\"text-editor.default\">\n\t\t\t\t<div class=\"elementor-widget-container\">\n\t\t\t\t\t\t\t\t\t<p>Notre cabinet r\u00e9pond \u00e0 l\u2019ensemble de vos besoins en mati\u00e8re de coaching et management de la gestion des importations et exportations de votre entreprise.<\/p><p>Notre mission est de vous apporter notre expertise, nos conseils strat\u00e9giques pour un management perfomant des Achats. Notre intervention est ax\u00e9e sur des points importants :<\/p>\t\t\t\t\t\t\t\t<\/div>\n\t\t\t\t<\/div>\n\t\t\t\t\t<\/div>\n\t\t<\/div>\n\t\t\t\t\t<\/div>\n\t\t<\/section>\n\t\t\t\t<section class=\"elementor-section elementor-top-section elementor-element elementor-element-17b22b1d elementor-section-boxed elementor-section-height-default elementor-section-height-default\" data-id=\"17b22b1d\" data-element_type=\"section\" data-e-type=\"section\" data-settings=\"{&quot;background_background&quot;:&quot;classic&quot;}\">\n\t\t\t\t\t\t<div class=\"elementor-container elementor-column-gap-wide\">\n\t\t\t\t\t<div class=\"elementor-column elementor-col-50 elementor-top-column elementor-element elementor-element-67e6fa34\" data-id=\"67e6fa34\" data-element_type=\"column\" data-e-type=\"column\">\n\t\t\t<div class=\"elementor-widget-wrap elementor-element-populated\">\n\t\t\t\t\t\t<div class=\"elementor-element elementor-element-12e528f5 elementor-absolute elementor-widget elementor-widget-image\" data-id=\"12e528f5\" data-element_type=\"widget\" data-e-type=\"widget\" data-settings=\"{&quot;_position&quot;:&quot;absolute&quot;}\" data-widget_type=\"image.default\">\n\t\t\t\t<div class=\"elementor-widget-container\">\n\t\t\t\t\t\t\t\t\t\t\t\t\t\t\t<img fetchpriority=\"high\" decoding=\"async\" width=\"500\" height=\"600\" src=\"https:\/\/digitalidentitysn.com\/AMCO\/wp-content\/uploads\/2023\/04\/Pourquoi-Nous-choisir.jpg\" class=\"attachment-full size-full wp-image-582\" alt=\"\" srcset=\"https:\/\/digitalidentitysn.com\/AMCO\/wp-content\/uploads\/2023\/04\/Pourquoi-Nous-choisir.jpg 500w, https:\/\/digitalidentitysn.com\/AMCO\/wp-content\/uploads\/2023\/04\/Pourquoi-Nous-choisir-250x300.jpg 250w\" sizes=\"(max-width: 500px) 100vw, 500px\" \/>\t\t\t\t\t\t\t\t\t\t\t\t\t\t\t<\/div>\n\t\t\t\t<\/div>\n\t\t\t\t\t<\/div>\n\t\t<\/div>\n\t\t\t\t<div class=\"elementor-column elementor-col-50 elementor-top-column elementor-element elementor-element-5ae6c01a\" data-id=\"5ae6c01a\" data-element_type=\"column\" data-e-type=\"column\">\n\t\t\t<div class=\"elementor-widget-wrap\">\n\t\t\t\t\t\t\t<\/div>\n\t\t<\/div>\n\t\t\t\t\t<\/div>\n\t\t<\/section>\n\t\t\t\t<section class=\"elementor-section elementor-top-section elementor-element elementor-element-a64d60a elementor-section-boxed elementor-section-height-default elementor-section-height-default\" data-id=\"a64d60a\" data-element_type=\"section\" data-e-type=\"section\">\n\t\t\t\t\t\t<div class=\"elementor-container elementor-column-gap-default\">\n\t\t\t\t\t<div class=\"elementor-column elementor-col-100 elementor-top-column elementor-element elementor-element-dd76575\" data-id=\"dd76575\" data-element_type=\"column\" data-e-type=\"column\">\n\t\t\t<div class=\"elementor-widget-wrap elementor-element-populated\">\n\t\t\t\t\t\t<div class=\"elementor-element elementor-element-5fb8fce elementor-widget elementor-widget-text-editor\" data-id=\"5fb8fce\" data-element_type=\"widget\" data-e-type=\"widget\" data-widget_type=\"text-editor.default\">\n\t\t\t\t<div class=\"elementor-widget-container\">\n\t\t\t\t\t\t\t\t\t<p>En entreprise,\u00a0le Service Achats occupe une place strat\u00e9gique. Ses activit\u00e9s de sourcing, de gestion des relations fournisseurs, d\u2019\u00e9tablissement de cahier des charges et de n\u00e9gociation ont pour triple objectif de :<\/p>\t\t\t\t\t\t\t\t<\/div>\n\t\t\t\t<\/div>\n\t\t\t\t<div class=\"elementor-element elementor-element-12e213a elementor-widget elementor-widget-text-editor\" data-id=\"12e213a\" data-element_type=\"widget\" data-e-type=\"widget\" data-widget_type=\"text-editor.default\">\n\t\t\t\t<div class=\"elementor-widget-container\">\n\t\t\t\t\t\t\t\t\t<p>Tous ces enjeux de la fonction Achat et du supply chain nous emm\u00e8ne \u00e0 proposer notre expertise pour un management performant.<\/p><p>Nous vous aiderons \u00e0 mettre en place une politique d\u2019achats durable et performante.<\/p>\t\t\t\t\t\t\t\t<\/div>\n\t\t\t\t<\/div>\n\t\t\t\t<div class=\"elementor-element elementor-element-db24dc8 elementor-widget elementor-widget-text-editor\" data-id=\"db24dc8\" data-element_type=\"widget\" data-e-type=\"widget\" data-widget_type=\"text-editor.default\">\n\t\t\t\t<div class=\"elementor-widget-container\">\n\t\t\t\t\t\t\t\t\t<p>Nos exp\u00e9riences nous permet de noter, entres autres,\u00a0<strong>5 avantages<\/strong>\u00a0que notre cabinet vous apportera :<\/p><ul><li>Un regard objectif sur votre Entreprise<\/li><li>L\u2019expertise compl\u00e9mentaire d\u2019un consulting achat<\/li><li>Un profil autonome et flexible<\/li><li>Une plus grande r\u00e9activit\u00e9<\/li><li>Une solution \u00e9conomique sur vos co\u00fbts et frais<\/li><\/ul>\t\t\t\t\t\t\t\t<\/div>\n\t\t\t\t<\/div>\n\t\t\t\t\t<\/div>\n\t\t<\/div>\n\t\t\t\t\t<\/div>\n\t\t<\/section>\n\t\t\t\t<section class=\"elementor-section elementor-top-section elementor-element elementor-element-ae45e32 elementor-section-boxed elementor-section-height-default elementor-section-height-default\" data-id=\"ae45e32\" data-element_type=\"section\" data-e-type=\"section\">\n\t\t\t\t\t\t<div class=\"elementor-container elementor-column-gap-default\">\n\t\t\t\t\t<div class=\"elementor-column elementor-col-100 elementor-top-column elementor-element elementor-element-657e273\" data-id=\"657e273\" data-element_type=\"column\" data-e-type=\"column\">\n\t\t\t<div class=\"elementor-widget-wrap elementor-element-populated\">\n\t\t\t\t\t\t<div class=\"elementor-element elementor-element-5348f11 elementor-widget elementor-widget-toggle\" data-id=\"5348f11\" data-element_type=\"widget\" data-e-type=\"widget\" data-widget_type=\"toggle.default\">\n\t\t\t\t<div class=\"elementor-widget-container\">\n\t\t\t\t\t\t\t<div class=\"elementor-toggle\">\n\t\t\t\t\t\t\t<div class=\"elementor-toggle-item\">\n\t\t\t\t\t<div id=\"elementor-tab-title-8731\" class=\"elementor-tab-title\" data-tab=\"1\" role=\"button\" aria-controls=\"elementor-tab-content-8731\" aria-expanded=\"false\">\n\t\t\t\t\t\t\t\t\t\t\t\t<span class=\"elementor-toggle-icon elementor-toggle-icon-left\" aria-hidden=\"true\">\n\t\t\t\t\t\t\t\t\t\t\t\t\t\t\t<span class=\"elementor-toggle-icon-closed\"><i class=\"fas fa-caret-right\"><\/i><\/span>\n\t\t\t\t\t\t\t\t<span class=\"elementor-toggle-icon-opened\"><i class=\"elementor-toggle-icon-opened fas fa-caret-up\"><\/i><\/span>\n\t\t\t\t\t\t\t\t\t\t\t\t\t<\/span>\n\t\t\t\t\t\t\t\t\t\t\t\t<a class=\"elementor-toggle-title\" tabindex=\"0\">1. Un regard objectif sur votre Entreprise<\/a>\n\t\t\t\t\t<\/div>\n\n\t\t\t\t\t<div id=\"elementor-tab-content-8731\" class=\"elementor-tab-content elementor-clearfix\" data-tab=\"1\" role=\"region\" aria-labelledby=\"elementor-tab-title-8731\"><p>Une entreprise ne b\u00e9n\u00e9ficie pas toujours en interne de l\u2019expertise n\u00e9cessaire \u00e0 la mise en \u0153uvre d\u2019une politique d\u2019achats qui r\u00e9ponde aux enjeux actuels, c\u2019est-\u00e0-dire tout \u00e0 la fois, conna\u00eetre le march\u00e9 de la logistique du supply chain, \u00e0 la recherche de marge et \u00e0 la prise en compte des <strong>crit\u00e8res RSE fournisseurs<\/strong>.<\/p><p>M\u00eame lorsque la direction achat est sensibilis\u00e9e \u00e0 ces questions,\u00a0<strong>notre cabinet<\/strong><strong>\u00a0peut apporter un \u0153il ext\u00e9rieur<\/strong>, donc objectif, soutenu par une culture d\u2019entreprise large.<\/p><p>La r\u00e9alisation d\u2019un audit, avec une analyse approfondie et compl\u00e8te du processus achat dans l\u2019entreprise, est ce qui assure au consulting achat de r\u00e9aliser des propositions structur\u00e9es et sur mesure. Sans historique dans l\u2019entreprise,\u00a0<strong>nous portons un regard impartial sur la situation et pouvons apporter des solutions in\u00e9dites<\/strong>.<\/p><\/div>\n\t\t\t\t<\/div>\n\t\t\t\t\t\t\t<div class=\"elementor-toggle-item\">\n\t\t\t\t\t<div id=\"elementor-tab-title-8732\" class=\"elementor-tab-title\" data-tab=\"2\" role=\"button\" aria-controls=\"elementor-tab-content-8732\" aria-expanded=\"false\">\n\t\t\t\t\t\t\t\t\t\t\t\t<span class=\"elementor-toggle-icon elementor-toggle-icon-left\" aria-hidden=\"true\">\n\t\t\t\t\t\t\t\t\t\t\t\t\t\t\t<span class=\"elementor-toggle-icon-closed\"><i class=\"fas fa-caret-right\"><\/i><\/span>\n\t\t\t\t\t\t\t\t<span class=\"elementor-toggle-icon-opened\"><i class=\"elementor-toggle-icon-opened fas fa-caret-up\"><\/i><\/span>\n\t\t\t\t\t\t\t\t\t\t\t\t\t<\/span>\n\t\t\t\t\t\t\t\t\t\t\t\t<a class=\"elementor-toggle-title\" tabindex=\"0\">2. L\u2019expertise compl\u00e9mentaire d\u2019un consulting achat<\/a>\n\t\t\t\t\t<\/div>\n\n\t\t\t\t\t<div id=\"elementor-tab-content-8732\" class=\"elementor-tab-content elementor-clearfix\" data-tab=\"2\" role=\"region\" aria-labelledby=\"elementor-tab-title-8732\"><p>Notre r\u00f4le n\u2019est pas de se substituer aux \u00e9quipes mais de\u00a0<strong>compl\u00e9menter leur expertise<\/strong>. Il vient les renforcer ponctuellement, \u00e0 travers une mission de conseils strat\u00e9giques afin de r\u00e9pondre \u00e0 un besoin ponctuel.\u00a0<\/p><p>Nous nous int\u00e9grons dans l\u2019organisation sans cr\u00e9er de concurrence nouvelle au sein de l\u2019\u00e9quipe achat, ni bouleverser la hi\u00e9rarchie existante.\u00a0<\/p><\/div>\n\t\t\t\t<\/div>\n\t\t\t\t\t\t\t<div class=\"elementor-toggle-item\">\n\t\t\t\t\t<div id=\"elementor-tab-title-8733\" class=\"elementor-tab-title\" data-tab=\"3\" role=\"button\" aria-controls=\"elementor-tab-content-8733\" aria-expanded=\"false\">\n\t\t\t\t\t\t\t\t\t\t\t\t<span class=\"elementor-toggle-icon elementor-toggle-icon-left\" aria-hidden=\"true\">\n\t\t\t\t\t\t\t\t\t\t\t\t\t\t\t<span class=\"elementor-toggle-icon-closed\"><i class=\"fas fa-caret-right\"><\/i><\/span>\n\t\t\t\t\t\t\t\t<span class=\"elementor-toggle-icon-opened\"><i class=\"elementor-toggle-icon-opened fas fa-caret-up\"><\/i><\/span>\n\t\t\t\t\t\t\t\t\t\t\t\t\t<\/span>\n\t\t\t\t\t\t\t\t\t\t\t\t<a class=\"elementor-toggle-title\" tabindex=\"0\">3. Un profil autonome et flexible<\/a>\n\t\t\t\t\t<\/div>\n\n\t\t\t\t\t<div id=\"elementor-tab-content-8733\" class=\"elementor-tab-content elementor-clearfix\" data-tab=\"3\" role=\"region\" aria-labelledby=\"elementor-tab-title-8733\"><p>Notre consulting ext\u00e9rieur n\u2019aura pas de lien hi\u00e9rarchique au sein de votre entreprise, nous serons naturellement plus libre pour exprimer nos id\u00e9es et proposer des conseils contre-intuitifs, innovants et strat\u00e9giques. Disponible et autonome, nous travaillons \u00e0 l\u2019atteinte d\u2019objectifs pr\u00e9cis. Nous sommes tenus au secret professionnel et respecterons donc strictement la confidentialit\u00e9 de nos missions et des donn\u00e9es qui nous seront confi\u00e9es.\u00a0<\/p><p>Nous r\u00e9pondons aux probl\u00e9matiques des entreprises de mani\u00e8re personnalis\u00e9e : \u00a0\u00a0<\/p><ul><li>Assistance op\u00e9rationnelle pour renforcer temporairement l\u2019\u00e9quipe achats,<\/li><li>Prise en charge d\u2019une importation delicate et confidentielle,<\/li><li>Diagnostics de performances et accompagnement strat\u00e9gique,<\/li><li>Assistance en douane, transport et logistique<\/li><li>Mettre en place si n\u00e9cessaire un tableau de bord informatis\u00e9 de la gestion \u00a0des importations &amp; exportations (calcul juste du co\u00fbt de revient r\u00e9el et des frais d\u2019approche).<\/li><\/ul><\/div>\n\t\t\t\t<\/div>\n\t\t\t\t\t\t\t<div class=\"elementor-toggle-item\">\n\t\t\t\t\t<div id=\"elementor-tab-title-8734\" class=\"elementor-tab-title\" data-tab=\"4\" role=\"button\" aria-controls=\"elementor-tab-content-8734\" aria-expanded=\"false\">\n\t\t\t\t\t\t\t\t\t\t\t\t<span class=\"elementor-toggle-icon elementor-toggle-icon-left\" aria-hidden=\"true\">\n\t\t\t\t\t\t\t\t\t\t\t\t\t\t\t<span class=\"elementor-toggle-icon-closed\"><i class=\"fas fa-caret-right\"><\/i><\/span>\n\t\t\t\t\t\t\t\t<span class=\"elementor-toggle-icon-opened\"><i class=\"elementor-toggle-icon-opened fas fa-caret-up\"><\/i><\/span>\n\t\t\t\t\t\t\t\t\t\t\t\t\t<\/span>\n\t\t\t\t\t\t\t\t\t\t\t\t<a class=\"elementor-toggle-title\" tabindex=\"0\">4. Une plus grande r\u00e9activit\u00e9<\/a>\n\t\t\t\t\t<\/div>\n\n\t\t\t\t\t<div id=\"elementor-tab-content-8734\" class=\"elementor-tab-content elementor-clearfix\" data-tab=\"4\" role=\"region\" aria-labelledby=\"elementor-tab-title-8734\"><p>Note cabinet dispose de consultants imm\u00e9diatement disponibles pour vous rejoindre. L\u2019identification des besoins se fait lors d\u2019un premier rendez-vous, qui permet de mettre en place les modalit\u00e9s de la mission.<\/p><p>Nous nous adaptons \u00e0 vos exigences, mais aussi \u00e0 vos urgences. Nous seront \u00e0 vos c\u00f4t\u00e9s et restons ma\u00eetre de la dur\u00e9e de la mission, ainsi que de son organisation : \u00e0 temps partiel ou plein, sur site ou \u00e0 distance.<\/p><\/div>\n\t\t\t\t<\/div>\n\t\t\t\t\t\t\t<div class=\"elementor-toggle-item\">\n\t\t\t\t\t<div id=\"elementor-tab-title-8735\" class=\"elementor-tab-title\" data-tab=\"5\" role=\"button\" aria-controls=\"elementor-tab-content-8735\" aria-expanded=\"false\">\n\t\t\t\t\t\t\t\t\t\t\t\t<span class=\"elementor-toggle-icon elementor-toggle-icon-left\" aria-hidden=\"true\">\n\t\t\t\t\t\t\t\t\t\t\t\t\t\t\t<span class=\"elementor-toggle-icon-closed\"><i class=\"fas fa-caret-right\"><\/i><\/span>\n\t\t\t\t\t\t\t\t<span class=\"elementor-toggle-icon-opened\"><i class=\"elementor-toggle-icon-opened fas fa-caret-up\"><\/i><\/span>\n\t\t\t\t\t\t\t\t\t\t\t\t\t<\/span>\n\t\t\t\t\t\t\t\t\t\t\t\t<a class=\"elementor-toggle-title\" tabindex=\"0\">5. Une solution \u00e9conomique sur vos co\u00fbts et frais<\/a>\n\t\t\t\t\t<\/div>\n\n\t\t\t\t\t<div id=\"elementor-tab-content-8735\" class=\"elementor-tab-content elementor-clearfix\" data-tab=\"5\" role=\"region\" aria-labelledby=\"elementor-tab-title-8735\"><p>A travers notre intervention et notre management sur la performance des achats et du supply chain, nous pouvons arriver \u00e0 vous faire\u00a0 r\u00e9aliser de belles \u00e9conomies en termes de frais d\u2019approche. Incontestablement, notre intervention d expertise vise \u00e0 la r\u00e9duction des co\u00fbts, ce qui permettra d\u2019augmenter vos marges ou de faire profiter \u00e0 vos clients des prix plus avantageux.<\/p><\/div>\n\t\t\t\t<\/div>\n\t\t\t\t\t\t\t\t<\/div>\n\t\t\t\t\t\t<\/div>\n\t\t\t\t<\/div>\n\t\t\t\t\t<\/div>\n\t\t<\/div>\n\t\t\t\t\t<\/div>\n\t\t<\/section>\n\t\t\t\t<section class=\"elementor-section elementor-top-section elementor-element elementor-element-11d20e183 elementor-section-boxed elementor-section-height-default elementor-section-height-default\" data-id=\"11d20e183\" data-element_type=\"section\" data-e-type=\"section\">\n\t\t\t\t\t\t<div class=\"elementor-container elementor-column-gap-default\">\n\t\t\t\t\t<div class=\"elementor-column elementor-col-100 elementor-top-column elementor-element elementor-element-3cf9995a\" data-id=\"3cf9995a\" data-element_type=\"column\" data-e-type=\"column\">\n\t\t\t<div class=\"elementor-widget-wrap elementor-element-populated\">\n\t\t\t\t\t\t<div class=\"elementor-element elementor-element-158c741f elementor-widget elementor-widget-spacer\" data-id=\"158c741f\" data-element_type=\"widget\" data-e-type=\"widget\" data-widget_type=\"spacer.default\">\n\t\t\t\t<div class=\"elementor-widget-container\">\n\t\t\t\t\t\t\t<div class=\"elementor-spacer\">\n\t\t\t<div class=\"elementor-spacer-inner\"><\/div>\n\t\t<\/div>\n\t\t\t\t\t\t<\/div>\n\t\t\t\t<\/div>\n\t\t\t\t\t<\/div>\n\t\t<\/div>\n\t\t\t\t\t<\/div>\n\t\t<\/section>\n\t\t\t\t<\/div>\n\t\t","protected":false},"excerpt":{"rendered":"<p>Conseil Achat AM-CO Consulting\u00a0 est \u00a0sp\u00e9cialis\u00e9 dans l&rsquo;audit, l&rsquo;exploitation, l&rsquo;expertise et le management de la performance des Achats et du Supply Chain propose aux entreprises un conseil achat. Fort d&rsquo;une&hellip;<\/p>\n","protected":false},"author":1,"featured_media":0,"parent":0,"menu_order":0,"comment_status":"closed","ping_status":"closed","template":"elementor_header_footer","meta":{"footnotes":""},"class_list":["post-1027","page","type-page","status-publish","hentry"],"_links":{"self":[{"href":"https:\/\/digitalidentitysn.com\/AMCO\/wp-json\/wp\/v2\/pages\/1027","targetHints":{"allow":["GET"]}}],"collection":[{"href":"https:\/\/digitalidentitysn.com\/AMCO\/wp-json\/wp\/v2\/pages"}],"about":[{"href":"https:\/\/digitalidentitysn.com\/AMCO\/wp-json\/wp\/v2\/types\/page"}],"author":[{"embeddable":true,"href":"https:\/\/digitalidentitysn.com\/AMCO\/wp-json\/wp\/v2\/users\/1"}],"replies":[{"embeddable":true,"href":"https:\/\/digitalidentitysn.com\/AMCO\/wp-json\/wp\/v2\/comments?post=1027"}],"version-history":[{"count":0,"href":"https:\/\/digitalidentitysn.com\/AMCO\/wp-json\/wp\/v2\/pages\/1027\/revisions"}],"wp:attachment":[{"href":"https:\/\/digitalidentitysn.com\/AMCO\/wp-json\/wp\/v2\/media?parent=1027"}],"curies":[{"name":"wp","href":"https:\/\/api.w.org\/{rel}","templated":true}]}}